{"id":1264,"date":"2022-03-23T08:46:31","date_gmt":"2022-03-23T07:46:31","guid":{"rendered":"https:\/\/www.bcd.bzh\/becedia\/bretagne-1972\/?page_id=1264"},"modified":"2022-11-25T09:09:26","modified_gmt":"2022-11-25T08:09:26","slug":"colloque-50e-anniversaire-de-la-greve-du-joint-francais","status":"publish","type":"page","link":"http:\/\/www.bcd.bzh\/becedia\/bretagne-1972\/colloque-50e-anniversaire-de-la-greve-du-joint-francais\/","title":{"rendered":"50e anniversaire de la gr\u00e8ve du Joint Fran\u00e7ais"},"content":{"rendered":"\n<div class=\"wp-block-columns is-style-default is-layout-flex wp-container-core-columns-is-layout-9d6595d7 wp-block-columns-is-layout-flex\">\n<div class=\"wp-block-column is-layout-flow wp-block-column-is-layout-flow\">\n<div class=\"wp-block-buttons is-layout-flex wp-block-buttons-is-layout-flex\">\n<div class=\"wp-block-button has-custom-font-size has-extra-small-font-size\"><a class=\"wp-block-button__link wp-element-button\" href=\"https:\/\/www.bcd.bzh\/becedia\/bretagne-1972\/colloque-50e-anniversaire-de-la-greve-du-joint-francais\/colloque-sur-la-greve-du-joint-francais-printemps-1972\/\">Appel \u00e0 communication <\/a><\/div>\n<\/div>\n<\/div>\n\n\n\n<div class=\"wp-block-column is-vertically-aligned-center is-layout-flow wp-block-column-is-layout-flow\">\n<div class=\"wp-block-buttons is-layout-flex wp-block-buttons-is-layout-flex\">\n<div class=\"wp-block-button has-custom-font-size has-extra-small-font-size\"><a class=\"wp-block-button__link wp-element-button\" href=\"https:\/\/www.bcd.bzh\/becedia\/bretagne-1972\/paroles-et-images-de-la-greve\/\">Cin\u00e9-d\u00e9bat<br>Mercredi 4 mai<\/a><\/div>\n<\/div>\n<\/div>\n\n\n\n<div class=\"wp-block-column is-layout-flow wp-block-column-is-layout-flow\">\n<div class=\"wp-block-buttons is-layout-flex wp-block-buttons-is-layout-flex\">\n<div class=\"wp-block-button has-custom-font-size has-extra-small-font-size\"><a class=\"wp-block-button__link wp-element-button\" href=\"https:\/\/www.bcd.bzh\/becedia\/bretagne-1972\/le-joint-francais-mars-mai-1972-les-echos-dune-greve-en-bretagne\/\">Colloque <br>     5 &amp; 6 mai         <\/a><\/div>\n<\/div>\n<\/div>\n<\/div>\n\n\n\n<p>\u00c0 l&#8217;occasion du 50e anniversaire de la gr\u00e8ve du Joint fran\u00e7ais, une s\u00e9rie d&#8217;\u00e9v\u00e9nements se tient \u00e0 Saint-Brieuc du 4 au 6 mai, coorganis\u00e9e notamment par Ar\u00e8nes, BCD, le CRBC et le Mus\u00e9e d&#8217;art et histoire de Saint-Brieuc. Vous pouvez consulter l&#8217;appel \u00e0 communication paru en amont du colloque universitaire, le programme du cin\u00e9-d\u00e9bat ou celui du colloque universitaire via le menu ci-dessus.<\/p>\n\n\n\n<p class=\"has-text-align-right\">Image d&#8217;illustration : Jacques Gourmelen<\/p>\n\n\n\n<figure class=\"wp-block-image size-large\"><img loading=\"lazy\" decoding=\"async\" width=\"729\" height=\"1024\" src=\"https:\/\/www.bcd.bzh\/becedia\/bretagne-1972\/wp-content\/uploads\/2022\/03\/BAT-WEB-affiche-Joint-Fr-729x1024.jpg\" alt=\"\" class=\"wp-image-1366\" srcset=\"http:\/\/www.bcd.bzh\/becedia\/bretagne-1972\/wp-content\/uploads\/2022\/03\/BAT-WEB-affiche-Joint-Fr-729x1024.jpg 729w, http:\/\/www.bcd.bzh\/becedia\/bretagne-1972\/wp-content\/uploads\/2022\/03\/BAT-WEB-affiche-Joint-Fr-213x300.jpg 213w, http:\/\/www.bcd.bzh\/becedia\/bretagne-1972\/wp-content\/uploads\/2022\/03\/BAT-WEB-affiche-Joint-Fr-768x1079.jpg 768w, http:\/\/www.bcd.bzh\/becedia\/bretagne-1972\/wp-content\/uploads\/2022\/03\/BAT-WEB-affiche-Joint-Fr-1093x1536.jpg 1093w, http:\/\/www.bcd.bzh\/becedia\/bretagne-1972\/wp-content\/uploads\/2022\/03\/BAT-WEB-affiche-Joint-Fr-1457x2048.jpg 1457w, http:\/\/www.bcd.bzh\/becedia\/bretagne-1972\/wp-content\/uploads\/2022\/03\/BAT-WEB-affiche-Joint-Fr-1568x2204.jpg 1568w, http:\/\/www.bcd.bzh\/becedia\/bretagne-1972\/wp-content\/uploads\/2022\/03\/BAT-WEB-affiche-Joint-Fr.jpg 1790w\" sizes=\"auto, (max-width: 729px) 100vw, 729px\" \/><\/figure>\n\n\n\n<p><strong>Organisation &amp; partenaires :<\/strong><\/p>\n\n\n\n<figure class=\"wp-block-image size-full\"><img loading=\"lazy\" decoding=\"async\" width=\"1000\" height=\"225\" src=\"https:\/\/www.bcd.bzh\/becedia\/bretagne-1972\/wp-content\/uploads\/2022\/03\/logo-joint-2.png\" alt=\"\" class=\"wp-image-1367\" srcset=\"http:\/\/www.bcd.bzh\/becedia\/bretagne-1972\/wp-content\/uploads\/2022\/03\/logo-joint-2.png 1000w, http:\/\/www.bcd.bzh\/becedia\/bretagne-1972\/wp-content\/uploads\/2022\/03\/logo-joint-2-300x68.png 300w, http:\/\/www.bcd.bzh\/becedia\/bretagne-1972\/wp-content\/uploads\/2022\/03\/logo-joint-2-768x173.png 768w\" sizes=\"auto, (max-width: 1000px) 100vw, 1000px\" \/><\/figure>\n","protected":false},"excerpt":{"rendered":"<p>\u00c0 l&#8217;occasion du 50e anniversaire de la gr\u00e8ve du Joint fran\u00e7ais, une s\u00e9rie d&#8217;\u00e9v\u00e9nements se tient \u00e0 Saint-Brieuc du 4 au 6 mai, coorganis\u00e9e notamment par Ar\u00e8nes, BCD, le CRBC et le Mus\u00e9e d&#8217;art et histoire de Saint-Brieuc. Vous pouvez consulter l&#8217;appel \u00e0 communication paru en amont du colloque universitaire, le programme du cin\u00e9-d\u00e9bat ou&hellip; <a class=\"more-link\" href=\"http:\/\/www.bcd.bzh\/becedia\/bretagne-1972\/colloque-50e-anniversaire-de-la-greve-du-joint-francais\/\">Poursuivre la lecture <span class=\"screen-reader-text\">50e anniversaire de la gr\u00e8ve du Joint Fran\u00e7ais<\/span><\/a><\/p>\n","protected":false},"author":3,"featured_media":640,"parent":0,"menu_order":0,"comment_status":"closed","ping_status":"closed","template":"","meta":{"inline_featured_image":false,"footnotes":""},"class_list":["post-1264","page","type-page","status-publish","has-post-thumbnail","hentry","entry"],"acf":[],"yoast_head":"<!-- This site is optimized with the Yoast SEO plugin v27.4 - https:\/\/yoast.com\/product\/yoast-seo-wordpress\/ -->\n<title>50e anniversaire de la gr\u00e8ve du Joint Fran\u00e7ais - La Bretagne en 1972<\/title>\n<meta name=\"robots\" content=\"index, follow, max-snippet:-1, max-image-preview:large, max-video-preview:-1\" \/>\n<link rel=\"canonical\" href=\"https:\/\/www.bcd.bzh\/becedia\/bretagne-1972\/colloque-50e-anniversaire-de-la-greve-du-joint-francais\/\" \/>\n<meta property=\"og:locale\" content=\"fr_FR\" \/>\n<meta property=\"og:type\" content=\"article\" \/>\n<meta property=\"og:title\" content=\"50e anniversaire de la gr\u00e8ve du Joint Fran\u00e7ais - La Bretagne en 1972\" \/>\n<meta property=\"og:description\" content=\"\u00c0 l&#8217;occasion du 50e anniversaire de la gr\u00e8ve du Joint fran\u00e7ais, une s\u00e9rie d&#8217;\u00e9v\u00e9nements se tient \u00e0 Saint-Brieuc du 4 au 6 mai, coorganis\u00e9e notamment par Ar\u00e8nes, BCD, le CRBC et le Mus\u00e9e d&#8217;art et histoire de Saint-Brieuc. Vous pouvez consulter l&#8217;appel \u00e0 communication paru en amont du colloque universitaire, le programme du cin\u00e9-d\u00e9bat ou&hellip; Poursuivre la lecture 50e anniversaire de la gr\u00e8ve du Joint Fran\u00e7ais\" \/>\n<meta property=\"og:url\" content=\"https:\/\/www.bcd.bzh\/becedia\/bretagne-1972\/colloque-50e-anniversaire-de-la-greve-du-joint-francais\/\" \/>\n<meta property=\"og:site_name\" content=\"La Bretagne en 1972\" \/>\n<meta property=\"article:modified_time\" content=\"2022-11-25T08:09:26+00:00\" \/>\n<meta property=\"og:image\" content=\"https:\/\/www.bcd.bzh\/becedia\/bretagne-1972\/wp-content\/uploads\/2022\/02\/reveil-bretagne.jpg\" \/>\n\t<meta property=\"og:image:width\" content=\"800\" \/>\n\t<meta property=\"og:image:height\" content=\"453\" \/>\n\t<meta property=\"og:image:type\" content=\"image\/jpeg\" \/>\n<meta name=\"twitter:card\" content=\"summary_large_image\" \/>\n<meta name=\"twitter:label1\" content=\"Dur\u00e9e de lecture estim\u00e9e\" \/>\n\t<meta name=\"twitter:data1\" content=\"1 minute\" \/>\n<script type=\"application\/ld+json\" class=\"yoast-schema-graph\">{\"@context\":\"https:\\\/\\\/schema.org\",\"@graph\":[{\"@type\":\"WebPage\",\"@id\":\"https:\\\/\\\/www.bcd.bzh\\\/becedia\\\/bretagne-1972\\\/colloque-50e-anniversaire-de-la-greve-du-joint-francais\\\/\",\"url\":\"https:\\\/\\\/www.bcd.bzh\\\/becedia\\\/bretagne-1972\\\/colloque-50e-anniversaire-de-la-greve-du-joint-francais\\\/\",\"name\":\"50e anniversaire de la gr\u00e8ve du Joint Fran\u00e7ais - La Bretagne en 1972\",\"isPartOf\":{\"@id\":\"\\\/#website\"},\"primaryImageOfPage\":{\"@id\":\"https:\\\/\\\/www.bcd.bzh\\\/becedia\\\/bretagne-1972\\\/colloque-50e-anniversaire-de-la-greve-du-joint-francais\\\/#primaryimage\"},\"image\":{\"@id\":\"https:\\\/\\\/www.bcd.bzh\\\/becedia\\\/bretagne-1972\\\/colloque-50e-anniversaire-de-la-greve-du-joint-francais\\\/#primaryimage\"},\"thumbnailUrl\":\"http:\\\/\\\/www.bcd.bzh\\\/becedia\\\/bretagne-1972\\\/wp-content\\\/uploads\\\/2022\\\/02\\\/reveil-bretagne.jpg\",\"datePublished\":\"2022-03-23T07:46:31+00:00\",\"dateModified\":\"2022-11-25T08:09:26+00:00\",\"breadcrumb\":{\"@id\":\"https:\\\/\\\/www.bcd.bzh\\\/becedia\\\/bretagne-1972\\\/colloque-50e-anniversaire-de-la-greve-du-joint-francais\\\/#breadcrumb\"},\"inLanguage\":\"fr-FR\",\"potentialAction\":[{\"@type\":\"ReadAction\",\"target\":[\"https:\\\/\\\/www.bcd.bzh\\\/becedia\\\/bretagne-1972\\\/colloque-50e-anniversaire-de-la-greve-du-joint-francais\\\/\"]}]},{\"@type\":\"ImageObject\",\"inLanguage\":\"fr-FR\",\"@id\":\"https:\\\/\\\/www.bcd.bzh\\\/becedia\\\/bretagne-1972\\\/colloque-50e-anniversaire-de-la-greve-du-joint-francais\\\/#primaryimage\",\"url\":\"http:\\\/\\\/www.bcd.bzh\\\/becedia\\\/bretagne-1972\\\/wp-content\\\/uploads\\\/2022\\\/02\\\/reveil-bretagne.jpg\",\"contentUrl\":\"http:\\\/\\\/www.bcd.bzh\\\/becedia\\\/bretagne-1972\\\/wp-content\\\/uploads\\\/2022\\\/02\\\/reveil-bretagne.jpg\",\"width\":800,\"height\":453,\"caption\":\"Manifestation \u00e0 Saint-Brieuc en soutien aux gr\u00e9vistes du Joint fran\u00e7ais. \u00a9 Archives Le T\u00e9l\u00e9gramme\"},{\"@type\":\"BreadcrumbList\",\"@id\":\"https:\\\/\\\/www.bcd.bzh\\\/becedia\\\/bretagne-1972\\\/colloque-50e-anniversaire-de-la-greve-du-joint-francais\\\/#breadcrumb\",\"itemListElement\":[{\"@type\":\"ListItem\",\"position\":1,\"name\":\"Accueil\",\"item\":\"http:\\\/\\\/www.bcd.bzh\\\/becedia\\\/bretagne-1972\\\/\"},{\"@type\":\"ListItem\",\"position\":2,\"name\":\"50e anniversaire de la gr\u00e8ve du Joint Fran\u00e7ais\"}]},{\"@type\":\"WebSite\",\"@id\":\"\\\/#website\",\"url\":\"\\\/\",\"name\":\"La Bretagne en 1972\",\"description\":\"\",\"publisher\":{\"@id\":\"\\\/#organization\"},\"potentialAction\":[{\"@type\":\"SearchAction\",\"target\":{\"@type\":\"EntryPoint\",\"urlTemplate\":\"\\\/?s={search_term_string}\"},\"query-input\":{\"@type\":\"PropertyValueSpecification\",\"valueRequired\":true,\"valueName\":\"search_term_string\"}}],\"inLanguage\":\"fr-FR\"},{\"@type\":\"Organization\",\"@id\":\"\\\/#organization\",\"name\":\"La Bretagne en 1972\",\"url\":\"\\\/\",\"logo\":{\"@type\":\"ImageObject\",\"inLanguage\":\"fr-FR\",\"@id\":\"\\\/#\\\/schema\\\/logo\\\/image\\\/\",\"url\":\"http:\\\/\\\/www.bcd.bzh\\\/becedia\\\/bretagne-1972\\\/wp-content\\\/uploads\\\/2022\\\/01\\\/site-logo.svg\",\"contentUrl\":\"http:\\\/\\\/www.bcd.bzh\\\/becedia\\\/bretagne-1972\\\/wp-content\\\/uploads\\\/2022\\\/01\\\/site-logo.svg\",\"width\":309,\"height\":107,\"caption\":\"La Bretagne en 1972\"},\"image\":{\"@id\":\"\\\/#\\\/schema\\\/logo\\\/image\\\/\"}}]}<\/script>\n<!-- \/ Yoast SEO plugin. -->","yoast_head_json":{"title":"50e anniversaire de la gr\u00e8ve du Joint Fran\u00e7ais - La Bretagne en 1972","robots":{"index":"index","follow":"follow","max-snippet":"max-snippet:-1","max-image-preview":"max-image-preview:large","max-video-preview":"max-video-preview:-1"},"canonical":"https:\/\/www.bcd.bzh\/becedia\/bretagne-1972\/colloque-50e-anniversaire-de-la-greve-du-joint-francais\/","og_locale":"fr_FR","og_type":"article","og_title":"50e anniversaire de la gr\u00e8ve du Joint Fran\u00e7ais - La Bretagne en 1972","og_description":"\u00c0 l&#8217;occasion du 50e anniversaire de la gr\u00e8ve du Joint fran\u00e7ais, une s\u00e9rie d&#8217;\u00e9v\u00e9nements se tient \u00e0 Saint-Brieuc du 4 au 6 mai, coorganis\u00e9e notamment par Ar\u00e8nes, BCD, le CRBC et le Mus\u00e9e d&#8217;art et histoire de Saint-Brieuc. Vous pouvez consulter l&#8217;appel \u00e0 communication paru en amont du colloque universitaire, le programme du cin\u00e9-d\u00e9bat ou&hellip; Poursuivre la lecture 50e anniversaire de la gr\u00e8ve du Joint Fran\u00e7ais","og_url":"https:\/\/www.bcd.bzh\/becedia\/bretagne-1972\/colloque-50e-anniversaire-de-la-greve-du-joint-francais\/","og_site_name":"La Bretagne en 1972","article_modified_time":"2022-11-25T08:09:26+00:00","og_image":[{"width":800,"height":453,"url":"https:\/\/www.bcd.bzh\/becedia\/bretagne-1972\/wp-content\/uploads\/2022\/02\/reveil-bretagne.jpg","type":"image\/jpeg"}],"twitter_card":"summary_large_image","twitter_misc":{"Dur\u00e9e de lecture estim\u00e9e":"1 minute"},"schema":{"@context":"https:\/\/schema.org","@graph":[{"@type":"WebPage","@id":"https:\/\/www.bcd.bzh\/becedia\/bretagne-1972\/colloque-50e-anniversaire-de-la-greve-du-joint-francais\/","url":"https:\/\/www.bcd.bzh\/becedia\/bretagne-1972\/colloque-50e-anniversaire-de-la-greve-du-joint-francais\/","name":"50e anniversaire de la gr\u00e8ve du Joint Fran\u00e7ais - La Bretagne en 1972","isPartOf":{"@id":"\/#website"},"primaryImageOfPage":{"@id":"https:\/\/www.bcd.bzh\/becedia\/bretagne-1972\/colloque-50e-anniversaire-de-la-greve-du-joint-francais\/#primaryimage"},"image":{"@id":"https:\/\/www.bcd.bzh\/becedia\/bretagne-1972\/colloque-50e-anniversaire-de-la-greve-du-joint-francais\/#primaryimage"},"thumbnailUrl":"http:\/\/www.bcd.bzh\/becedia\/bretagne-1972\/wp-content\/uploads\/2022\/02\/reveil-bretagne.jpg","datePublished":"2022-03-23T07:46:31+00:00","dateModified":"2022-11-25T08:09:26+00:00","breadcrumb":{"@id":"https:\/\/www.bcd.bzh\/becedia\/bretagne-1972\/colloque-50e-anniversaire-de-la-greve-du-joint-francais\/#breadcrumb"},"inLanguage":"fr-FR","potentialAction":[{"@type":"ReadAction","target":["https:\/\/www.bcd.bzh\/becedia\/bretagne-1972\/colloque-50e-anniversaire-de-la-greve-du-joint-francais\/"]}]},{"@type":"ImageObject","inLanguage":"fr-FR","@id":"https:\/\/www.bcd.bzh\/becedia\/bretagne-1972\/colloque-50e-anniversaire-de-la-greve-du-joint-francais\/#primaryimage","url":"http:\/\/www.bcd.bzh\/becedia\/bretagne-1972\/wp-content\/uploads\/2022\/02\/reveil-bretagne.jpg","contentUrl":"http:\/\/www.bcd.bzh\/becedia\/bretagne-1972\/wp-content\/uploads\/2022\/02\/reveil-bretagne.jpg","width":800,"height":453,"caption":"Manifestation \u00e0 Saint-Brieuc en soutien aux gr\u00e9vistes du Joint fran\u00e7ais. \u00a9 Archives Le T\u00e9l\u00e9gramme"},{"@type":"BreadcrumbList","@id":"https:\/\/www.bcd.bzh\/becedia\/bretagne-1972\/colloque-50e-anniversaire-de-la-greve-du-joint-francais\/#breadcrumb","itemListElement":[{"@type":"ListItem","position":1,"name":"Accueil","item":"http:\/\/www.bcd.bzh\/becedia\/bretagne-1972\/"},{"@type":"ListItem","position":2,"name":"50e anniversaire de la gr\u00e8ve du Joint Fran\u00e7ais"}]},{"@type":"WebSite","@id":"\/#website","url":"\/","name":"La Bretagne en 1972","description":"","publisher":{"@id":"\/#organization"},"potentialAction":[{"@type":"SearchAction","target":{"@type":"EntryPoint","urlTemplate":"\/?s={search_term_string}"},"query-input":{"@type":"PropertyValueSpecification","valueRequired":true,"valueName":"search_term_string"}}],"inLanguage":"fr-FR"},{"@type":"Organization","@id":"\/#organization","name":"La Bretagne en 1972","url":"\/","logo":{"@type":"ImageObject","inLanguage":"fr-FR","@id":"\/#\/schema\/logo\/image\/","url":"http:\/\/www.bcd.bzh\/becedia\/bretagne-1972\/wp-content\/uploads\/2022\/01\/site-logo.svg","contentUrl":"http:\/\/www.bcd.bzh\/becedia\/bretagne-1972\/wp-content\/uploads\/2022\/01\/site-logo.svg","width":309,"height":107,"caption":"La Bretagne en 1972"},"image":{"@id":"\/#\/schema\/logo\/image\/"}}]}},"_links":{"self":[{"href":"http:\/\/www.bcd.bzh\/becedia\/bretagne-1972\/wp-json\/wp\/v2\/pages\/1264","targetHints":{"allow":["GET"]}}],"collection":[{"href":"http:\/\/www.bcd.bzh\/becedia\/bretagne-1972\/wp-json\/wp\/v2\/pages"}],"about":[{"href":"http:\/\/www.bcd.bzh\/becedia\/bretagne-1972\/wp-json\/wp\/v2\/types\/page"}],"author":[{"embeddable":true,"href":"http:\/\/www.bcd.bzh\/becedia\/bretagne-1972\/wp-json\/wp\/v2\/users\/3"}],"replies":[{"embeddable":true,"href":"http:\/\/www.bcd.bzh\/becedia\/bretagne-1972\/wp-json\/wp\/v2\/comments?post=1264"}],"version-history":[{"count":20,"href":"http:\/\/www.bcd.bzh\/becedia\/bretagne-1972\/wp-json\/wp\/v2\/pages\/1264\/revisions"}],"predecessor-version":[{"id":1512,"href":"http:\/\/www.bcd.bzh\/becedia\/bretagne-1972\/wp-json\/wp\/v2\/pages\/1264\/revisions\/1512"}],"wp:featuredmedia":[{"embeddable":true,"href":"http:\/\/www.bcd.bzh\/becedia\/bretagne-1972\/wp-json\/wp\/v2\/media\/640"}],"wp:attachment":[{"href":"http:\/\/www.bcd.bzh\/becedia\/bretagne-1972\/wp-json\/wp\/v2\/media?parent=1264"}],"curies":[{"name":"wp","href":"https:\/\/api.w.org\/{rel}","templated":true}]}}