{"id":1084,"date":"2021-06-24T14:52:42","date_gmt":"2021-06-24T12:52:42","guid":{"rendered":"http:\/\/www.bcd.bzh\/becedia\/bretagne-et-cyclisme\/?page_id=1084"},"modified":"2022-07-01T14:33:25","modified_gmt":"2022-07-01T12:33:25","slug":"bretagne-cyclisme-une-relation-particuliere","status":"publish","type":"page","link":"http:\/\/www.bcd.bzh\/becedia\/bretagne-et-cyclisme\/bretagne-cyclisme-une-relation-particuliere\/","title":{"rendered":"Bretagne &#038; cyclisme : une relation particuli\u00e8re"},"content":{"rendered":"\n<p>Retrouvez ici une s\u00e9lection d\u2019articles et d\u2019archives racontant le lien \u00e9troit entre les Bretons et le cyclisme.<\/p>\n\n\n<ul class=\"wp-block-latest-posts__list is-grid columns-3 alignwide is-style-twentytwentyone-latest-posts-dividers wp-block-latest-posts\"><li><div class=\"wp-block-latest-posts__featured-image aligncenter\"><a href=\"http:\/\/www.bcd.bzh\/becedia\/bretagne-et-cyclisme\/cyclisme\/lart-dorganiser-des-courses-cyclistes-en-bretagne\/\" aria-label=\"L\u2019art d\u2019organiser des courses cyclistes en Bretagne\"><img decoding=\"async\" width=\"750\" height=\"468\" src=\"http:\/\/www.bcd.bzh\/becedia\/bretagne-et-cyclisme\/wp-content\/uploads\/2021\/06\/Dt-art-course-1024x639.jpg\" class=\"attachment-large size-large wp-post-image\" alt=\"\" style=\"width:100%;height:62.41%;max-width:1450px;\" srcset=\"http:\/\/www.bcd.bzh\/becedia\/bretagne-et-cyclisme\/wp-content\/uploads\/2021\/06\/Dt-art-course-1024x639.jpg 1024w, http:\/\/www.bcd.bzh\/becedia\/bretagne-et-cyclisme\/wp-content\/uploads\/2021\/06\/Dt-art-course-300x187.jpg 300w, http:\/\/www.bcd.bzh\/becedia\/bretagne-et-cyclisme\/wp-content\/uploads\/2021\/06\/Dt-art-course-768x479.jpg 768w, http:\/\/www.bcd.bzh\/becedia\/bretagne-et-cyclisme\/wp-content\/uploads\/2021\/06\/Dt-art-course.jpg 1450w\" sizes=\"(max-width: 750px) 100vw, 750px\" \/><\/a><\/div><a class=\"wp-block-latest-posts__post-title\" href=\"http:\/\/www.bcd.bzh\/becedia\/bretagne-et-cyclisme\/cyclisme\/lart-dorganiser-des-courses-cyclistes-en-bretagne\/\">L\u2019art d\u2019organiser des courses cyclistes en Bretagne<\/a><\/li>\n<li><div class=\"wp-block-latest-posts__featured-image aligncenter\"><a href=\"http:\/\/www.bcd.bzh\/becedia\/bretagne-et-cyclisme\/cyclisme\/cyrille-guimard-le-couteau-suisse-du-cyclisme-breton\/\" aria-label=\"Cyrille Guimard, le couteau suisse du cyclisme breton\"><img decoding=\"async\" width=\"750\" height=\"503\" src=\"http:\/\/www.bcd.bzh\/becedia\/bretagne-et-cyclisme\/wp-content\/uploads\/2021\/06\/Dt-guimard-1024x687.jpg\" class=\"attachment-large size-large wp-post-image\" alt=\"\" style=\"width:100%;height:67.1%;max-width:1450px;\" srcset=\"http:\/\/www.bcd.bzh\/becedia\/bretagne-et-cyclisme\/wp-content\/uploads\/2021\/06\/Dt-guimard-1024x687.jpg 1024w, http:\/\/www.bcd.bzh\/becedia\/bretagne-et-cyclisme\/wp-content\/uploads\/2021\/06\/Dt-guimard-300x201.jpg 300w, http:\/\/www.bcd.bzh\/becedia\/bretagne-et-cyclisme\/wp-content\/uploads\/2021\/06\/Dt-guimard-768x515.jpg 768w, http:\/\/www.bcd.bzh\/becedia\/bretagne-et-cyclisme\/wp-content\/uploads\/2021\/06\/Dt-guimard.jpg 1450w\" sizes=\"(max-width: 750px) 100vw, 750px\" \/><\/a><\/div><a class=\"wp-block-latest-posts__post-title\" href=\"http:\/\/www.bcd.bzh\/becedia\/bretagne-et-cyclisme\/cyclisme\/cyrille-guimard-le-couteau-suisse-du-cyclisme-breton\/\">Cyrille Guimard, le couteau suisse du cyclisme breton<\/a><\/li>\n<li><div class=\"wp-block-latest-posts__featured-image aligncenter\"><a href=\"http:\/\/www.bcd.bzh\/becedia\/bretagne-et-cyclisme\/cyclisme\/jean-robic-ou-larchetype-du-breton-entete\/\" aria-label=\"Jean Robic ou l\u2019arch\u00e9type du Breton ent\u00eat\u00e9\"><img decoding=\"async\" width=\"750\" height=\"473\" src=\"http:\/\/www.bcd.bzh\/becedia\/bretagne-et-cyclisme\/wp-content\/uploads\/2021\/06\/dt-robic-1024x646.jpg\" class=\"attachment-large size-large wp-post-image\" alt=\"\" style=\"width:100%;height:63.1%;max-width:1450px;\" srcset=\"http:\/\/www.bcd.bzh\/becedia\/bretagne-et-cyclisme\/wp-content\/uploads\/2021\/06\/dt-robic-1024x646.jpg 1024w, http:\/\/www.bcd.bzh\/becedia\/bretagne-et-cyclisme\/wp-content\/uploads\/2021\/06\/dt-robic-300x189.jpg 300w, http:\/\/www.bcd.bzh\/becedia\/bretagne-et-cyclisme\/wp-content\/uploads\/2021\/06\/dt-robic-768x485.jpg 768w, http:\/\/www.bcd.bzh\/becedia\/bretagne-et-cyclisme\/wp-content\/uploads\/2021\/06\/dt-robic.jpg 1450w\" sizes=\"(max-width: 750px) 100vw, 750px\" \/><\/a><\/div><a class=\"wp-block-latest-posts__post-title\" href=\"http:\/\/www.bcd.bzh\/becedia\/bretagne-et-cyclisme\/cyclisme\/jean-robic-ou-larchetype-du-breton-entete\/\">Jean Robic ou l\u2019arch\u00e9type du Breton ent\u00eat\u00e9<\/a><\/li>\n<li><div class=\"wp-block-latest-posts__featured-image aligncenter\"><a href=\"http:\/\/www.bcd.bzh\/becedia\/bretagne-et-cyclisme\/cyclisme\/bernard-hinault-le-phenomene-du-cyclisme-breton\/\" aria-label=\"Bernard Hinault, le ph\u00e9nom\u00e8ne du cyclisme breton\"><img decoding=\"async\" width=\"750\" height=\"500\" src=\"http:\/\/www.bcd.bzh\/becedia\/bretagne-et-cyclisme\/wp-content\/uploads\/2021\/06\/Dt-hinault-1024x682.jpg\" class=\"attachment-large size-large wp-post-image\" alt=\"\" style=\"width:100%;height:66.62%;max-width:1450px;\" srcset=\"http:\/\/www.bcd.bzh\/becedia\/bretagne-et-cyclisme\/wp-content\/uploads\/2021\/06\/Dt-hinault-1024x682.jpg 1024w, http:\/\/www.bcd.bzh\/becedia\/bretagne-et-cyclisme\/wp-content\/uploads\/2021\/06\/Dt-hinault-300x200.jpg 300w, http:\/\/www.bcd.bzh\/becedia\/bretagne-et-cyclisme\/wp-content\/uploads\/2021\/06\/Dt-hinault-768x512.jpg 768w, http:\/\/www.bcd.bzh\/becedia\/bretagne-et-cyclisme\/wp-content\/uploads\/2021\/06\/Dt-hinault.jpg 1450w\" sizes=\"(max-width: 750px) 100vw, 750px\" \/><\/a><\/div><a class=\"wp-block-latest-posts__post-title\" href=\"http:\/\/www.bcd.bzh\/becedia\/bretagne-et-cyclisme\/cyclisme\/bernard-hinault-le-phenomene-du-cyclisme-breton\/\">Bernard Hinault, le ph\u00e9nom\u00e8ne du cyclisme breton<\/a><\/li>\n<li><div class=\"wp-block-latest-posts__featured-image aligncenter\"><a href=\"http:\/\/www.bcd.bzh\/becedia\/bretagne-et-cyclisme\/cyclisme\/la-bretagne-fille-ainee-du-cyclisme\/\" aria-label=\"La Bretagne, fille a\u00een\u00e9e du cyclisme ?\"><img decoding=\"async\" width=\"750\" height=\"482\" src=\"http:\/\/www.bcd.bzh\/becedia\/bretagne-et-cyclisme\/wp-content\/uploads\/2021\/06\/Le-Carton-voyageur-aa00020677-1024x658.jpg\" class=\"attachment-large size-large wp-post-image\" alt=\"\" style=\"width:100%;height:64.23%;max-width:1644px;\" srcset=\"http:\/\/www.bcd.bzh\/becedia\/bretagne-et-cyclisme\/wp-content\/uploads\/2021\/06\/Le-Carton-voyageur-aa00020677-1024x658.jpg 1024w, http:\/\/www.bcd.bzh\/becedia\/bretagne-et-cyclisme\/wp-content\/uploads\/2021\/06\/Le-Carton-voyageur-aa00020677-300x193.jpg 300w, http:\/\/www.bcd.bzh\/becedia\/bretagne-et-cyclisme\/wp-content\/uploads\/2021\/06\/Le-Carton-voyageur-aa00020677-768x493.jpg 768w, http:\/\/www.bcd.bzh\/becedia\/bretagne-et-cyclisme\/wp-content\/uploads\/2021\/06\/Le-Carton-voyageur-aa00020677-1536x987.jpg 1536w, http:\/\/www.bcd.bzh\/becedia\/bretagne-et-cyclisme\/wp-content\/uploads\/2021\/06\/Le-Carton-voyageur-aa00020677-1568x1007.jpg 1568w, http:\/\/www.bcd.bzh\/becedia\/bretagne-et-cyclisme\/wp-content\/uploads\/2021\/06\/Le-Carton-voyageur-aa00020677.jpg 1644w\" sizes=\"(max-width: 750px) 100vw, 750px\" \/><\/a><\/div><a class=\"wp-block-latest-posts__post-title\" href=\"http:\/\/www.bcd.bzh\/becedia\/bretagne-et-cyclisme\/cyclisme\/la-bretagne-fille-ainee-du-cyclisme\/\">La Bretagne, fille a\u00een\u00e9e du cyclisme ?<\/a><\/li>\n<li><div class=\"wp-block-latest-posts__featured-image aligncenter\"><a href=\"http:\/\/www.bcd.bzh\/becedia\/bretagne-et-cyclisme\/cyclisme\/cyclisme-en-archives\/\" aria-label=\"Cyclisme en archives\"><img decoding=\"async\" width=\"512\" height=\"384\" src=\"http:\/\/www.bcd.bzh\/becedia\/bretagne-et-cyclisme\/wp-content\/uploads\/2021\/06\/ina-hinault.jpg\" class=\"attachment-large size-large wp-post-image\" alt=\"\" style=\"width:100%;height:75%;max-width:512px;\" srcset=\"http:\/\/www.bcd.bzh\/becedia\/bretagne-et-cyclisme\/wp-content\/uploads\/2021\/06\/ina-hinault.jpg 512w, http:\/\/www.bcd.bzh\/becedia\/bretagne-et-cyclisme\/wp-content\/uploads\/2021\/06\/ina-hinault-300x225.jpg 300w\" sizes=\"(max-width: 512px) 100vw, 512px\" \/><\/a><\/div><a class=\"wp-block-latest-posts__post-title\" href=\"http:\/\/www.bcd.bzh\/becedia\/bretagne-et-cyclisme\/cyclisme\/cyclisme-en-archives\/\">Cyclisme en archives<\/a><\/li>\n<li><div class=\"wp-block-latest-posts__featured-image aligncenter\"><a href=\"http:\/\/www.bcd.bzh\/becedia\/bretagne-et-cyclisme\/mur-de-bretagne-guerledan\/mur-de-bretagne-et-le-tour-de-france\/\" aria-label=\"M\u00fbr de Bretagne et le tour de France\"><img decoding=\"async\" width=\"750\" height=\"550\" src=\"http:\/\/www.bcd.bzh\/becedia\/bretagne-et-cyclisme\/wp-content\/uploads\/2021\/06\/dt-Mur-1024x751.jpg\" class=\"attachment-large size-large wp-post-image\" alt=\"\" style=\"width:100%;height:73.31%;max-width:1450px;\" srcset=\"http:\/\/www.bcd.bzh\/becedia\/bretagne-et-cyclisme\/wp-content\/uploads\/2021\/06\/dt-Mur-1024x751.jpg 1024w, http:\/\/www.bcd.bzh\/becedia\/bretagne-et-cyclisme\/wp-content\/uploads\/2021\/06\/dt-Mur-300x220.jpg 300w, http:\/\/www.bcd.bzh\/becedia\/bretagne-et-cyclisme\/wp-content\/uploads\/2021\/06\/dt-Mur-768x563.jpg 768w, http:\/\/www.bcd.bzh\/becedia\/bretagne-et-cyclisme\/wp-content\/uploads\/2021\/06\/dt-Mur.jpg 1450w\" sizes=\"(max-width: 750px) 100vw, 750px\" \/><\/a><\/div><a class=\"wp-block-latest-posts__post-title\" href=\"http:\/\/www.bcd.bzh\/becedia\/bretagne-et-cyclisme\/mur-de-bretagne-guerledan\/mur-de-bretagne-et-le-tour-de-france\/\">M\u00fbr de Bretagne et le tour de France<\/a><\/li>\n<li><div class=\"wp-block-latest-posts__featured-image aligncenter\"><a href=\"http:\/\/www.bcd.bzh\/becedia\/bretagne-et-cyclisme\/cyclisme\/lucien-petit-breton-le-cycliste-aux-multiples-facettes\/\" aria-label=\"Lucien Petit-Breton, le cycliste aux multiples facettes\"><img decoding=\"async\" width=\"750\" height=\"519\" src=\"http:\/\/www.bcd.bzh\/becedia\/bretagne-et-cyclisme\/wp-content\/uploads\/2021\/06\/petitebretonpiste-1024x708.jpg\" class=\"attachment-large size-large wp-post-image\" alt=\"\" style=\"width:100%;height:69.17%;max-width:1450px;\" srcset=\"http:\/\/www.bcd.bzh\/becedia\/bretagne-et-cyclisme\/wp-content\/uploads\/2021\/06\/petitebretonpiste-1024x708.jpg 1024w, http:\/\/www.bcd.bzh\/becedia\/bretagne-et-cyclisme\/wp-content\/uploads\/2021\/06\/petitebretonpiste-300x208.jpg 300w, http:\/\/www.bcd.bzh\/becedia\/bretagne-et-cyclisme\/wp-content\/uploads\/2021\/06\/petitebretonpiste-768x531.jpg 768w, http:\/\/www.bcd.bzh\/becedia\/bretagne-et-cyclisme\/wp-content\/uploads\/2021\/06\/petitebretonpiste.jpg 1450w\" sizes=\"(max-width: 750px) 100vw, 750px\" \/><\/a><\/div><a class=\"wp-block-latest-posts__post-title\" href=\"http:\/\/www.bcd.bzh\/becedia\/bretagne-et-cyclisme\/cyclisme\/lucien-petit-breton-le-cycliste-aux-multiples-facettes\/\">Lucien Petit-Breton, le cycliste aux multiples facettes<\/a><\/li>\n<li><div class=\"wp-block-latest-posts__featured-image aligncenter\"><a href=\"http:\/\/www.bcd.bzh\/becedia\/bretagne-et-cyclisme\/cyclisme\/mur-le-tremplin-de-robic\/\" aria-label=\"M\u00fbr : Le tremplin de Robic\"><img decoding=\"async\" width=\"750\" height=\"448\" src=\"http:\/\/www.bcd.bzh\/becedia\/bretagne-et-cyclisme\/wp-content\/uploads\/2021\/06\/jean_robic-1-1024x612.jpg\" class=\"attachment-large size-large wp-post-image\" alt=\"\" style=\"width:100%;height:59.72%;max-width:1450px;\" srcset=\"http:\/\/www.bcd.bzh\/becedia\/bretagne-et-cyclisme\/wp-content\/uploads\/2021\/06\/jean_robic-1-1024x612.jpg 1024w, http:\/\/www.bcd.bzh\/becedia\/bretagne-et-cyclisme\/wp-content\/uploads\/2021\/06\/jean_robic-1-300x179.jpg 300w, http:\/\/www.bcd.bzh\/becedia\/bretagne-et-cyclisme\/wp-content\/uploads\/2021\/06\/jean_robic-1-768x459.jpg 768w, http:\/\/www.bcd.bzh\/becedia\/bretagne-et-cyclisme\/wp-content\/uploads\/2021\/06\/jean_robic-1.jpg 1450w\" sizes=\"(max-width: 750px) 100vw, 750px\" \/><\/a><\/div><a class=\"wp-block-latest-posts__post-title\" href=\"http:\/\/www.bcd.bzh\/becedia\/bretagne-et-cyclisme\/cyclisme\/mur-le-tremplin-de-robic\/\">M\u00fbr : Le tremplin de Robic<\/a><\/li>\n<li><div class=\"wp-block-latest-posts__featured-image aligncenter\"><a href=\"http:\/\/www.bcd.bzh\/becedia\/bretagne-et-cyclisme\/cyclisme\/mur-une-foule-digne-dune-etape-de-montagne\/\" aria-label=\"M\u00fbr : une foule digne d\u2019une \u00e9tape de montagne\"><img decoding=\"async\" width=\"750\" height=\"499\" src=\"http:\/\/www.bcd.bzh\/becedia\/bretagne-et-cyclisme\/wp-content\/uploads\/2021\/06\/spectateurs-1024x681.jpg\" class=\"attachment-large size-large wp-post-image\" alt=\"\" style=\"width:100%;height:66.48%;max-width:1450px;\" srcset=\"http:\/\/www.bcd.bzh\/becedia\/bretagne-et-cyclisme\/wp-content\/uploads\/2021\/06\/spectateurs-1024x681.jpg 1024w, http:\/\/www.bcd.bzh\/becedia\/bretagne-et-cyclisme\/wp-content\/uploads\/2021\/06\/spectateurs-300x199.jpg 300w, http:\/\/www.bcd.bzh\/becedia\/bretagne-et-cyclisme\/wp-content\/uploads\/2021\/06\/spectateurs-768x511.jpg 768w, http:\/\/www.bcd.bzh\/becedia\/bretagne-et-cyclisme\/wp-content\/uploads\/2021\/06\/spectateurs.jpg 1450w\" sizes=\"(max-width: 750px) 100vw, 750px\" \/><\/a><\/div><a class=\"wp-block-latest-posts__post-title\" href=\"http:\/\/www.bcd.bzh\/becedia\/bretagne-et-cyclisme\/cyclisme\/mur-une-foule-digne-dune-etape-de-montagne\/\">M\u00fbr : une foule digne d\u2019une \u00e9tape de montagne<\/a><\/li>\n<li><div class=\"wp-block-latest-posts__featured-image aligncenter\"><a href=\"http:\/\/www.bcd.bzh\/becedia\/bretagne-et-cyclisme\/cyclisme\/le-mur-dans-la-cour-des-grands\/\" aria-label=\"Le M\u00fbr dans la cour des grands\"><img decoding=\"async\" width=\"750\" height=\"500\" src=\"http:\/\/www.bcd.bzh\/becedia\/bretagne-et-cyclisme\/wp-content\/uploads\/2021\/06\/depart_lorient-1024x683.jpg\" class=\"attachment-large size-large wp-post-image\" alt=\"\" style=\"width:100%;height:66.69%;max-width:1450px;\" srcset=\"http:\/\/www.bcd.bzh\/becedia\/bretagne-et-cyclisme\/wp-content\/uploads\/2021\/06\/depart_lorient-1024x683.jpg 1024w, http:\/\/www.bcd.bzh\/becedia\/bretagne-et-cyclisme\/wp-content\/uploads\/2021\/06\/depart_lorient-300x200.jpg 300w, http:\/\/www.bcd.bzh\/becedia\/bretagne-et-cyclisme\/wp-content\/uploads\/2021\/06\/depart_lorient-768x512.jpg 768w, http:\/\/www.bcd.bzh\/becedia\/bretagne-et-cyclisme\/wp-content\/uploads\/2021\/06\/depart_lorient.jpg 1450w\" sizes=\"(max-width: 750px) 100vw, 750px\" \/><\/a><\/div><a class=\"wp-block-latest-posts__post-title\" href=\"http:\/\/www.bcd.bzh\/becedia\/bretagne-et-cyclisme\/cyclisme\/le-mur-dans-la-cour-des-grands\/\">Le M\u00fbr dans la cour des grands<\/a><\/li>\n<li><div class=\"wp-block-latest-posts__featured-image aligncenter\"><a href=\"http:\/\/www.bcd.bzh\/becedia\/bretagne-et-cyclisme\/cyclisme\/une-insolation-polemique-jean-mallejac-et-lascension-du-mont-ventoux-en-1955\/\" aria-label=\"Une insolation pol\u00e9mique : Jean Mall\u00e9jac et l\u2019ascension du mont Ventoux en 1955\"><img decoding=\"async\" width=\"750\" height=\"542\" src=\"http:\/\/www.bcd.bzh\/becedia\/bretagne-et-cyclisme\/wp-content\/uploads\/2021\/06\/mallejac.jpg\" class=\"attachment-large size-large wp-post-image\" alt=\"\" style=\"width:100%;height:72.3%;max-width:1000px;\" srcset=\"http:\/\/www.bcd.bzh\/becedia\/bretagne-et-cyclisme\/wp-content\/uploads\/2021\/06\/mallejac.jpg 1000w, http:\/\/www.bcd.bzh\/becedia\/bretagne-et-cyclisme\/wp-content\/uploads\/2021\/06\/mallejac-300x217.jpg 300w, http:\/\/www.bcd.bzh\/becedia\/bretagne-et-cyclisme\/wp-content\/uploads\/2021\/06\/mallejac-768x555.jpg 768w\" sizes=\"(max-width: 750px) 100vw, 750px\" \/><\/a><\/div><a class=\"wp-block-latest-posts__post-title\" href=\"http:\/\/www.bcd.bzh\/becedia\/bretagne-et-cyclisme\/cyclisme\/une-insolation-polemique-jean-mallejac-et-lascension-du-mont-ventoux-en-1955\/\">Une insolation pol\u00e9mique : Jean Mall\u00e9jac et l\u2019ascension du mont Ventoux en 1955<\/a><\/li>\n<li><div class=\"wp-block-latest-posts__featured-image aligncenter\"><a href=\"http:\/\/www.bcd.bzh\/becedia\/bretagne-et-cyclisme\/cyclisme\/adolphe-heliere-le-cycliste-inconnu-mort-pour-le-tour-de-france\/\" aria-label=\"Adolphe H\u00e9li\u00e8re, le cycliste inconnu mort pour le Tour de France\"><img decoding=\"async\" width=\"750\" height=\"500\" src=\"http:\/\/www.bcd.bzh\/becedia\/bretagne-et-cyclisme\/wp-content\/uploads\/2021\/06\/heliere.jpg\" class=\"attachment-large size-large wp-post-image\" alt=\"\" style=\"width:100%;height:66.6%;max-width:1000px;\" srcset=\"http:\/\/www.bcd.bzh\/becedia\/bretagne-et-cyclisme\/wp-content\/uploads\/2021\/06\/heliere.jpg 1000w, http:\/\/www.bcd.bzh\/becedia\/bretagne-et-cyclisme\/wp-content\/uploads\/2021\/06\/heliere-300x200.jpg 300w, http:\/\/www.bcd.bzh\/becedia\/bretagne-et-cyclisme\/wp-content\/uploads\/2021\/06\/heliere-768x511.jpg 768w\" sizes=\"(max-width: 750px) 100vw, 750px\" \/><\/a><\/div><a class=\"wp-block-latest-posts__post-title\" href=\"http:\/\/www.bcd.bzh\/becedia\/bretagne-et-cyclisme\/cyclisme\/adolphe-heliere-le-cycliste-inconnu-mort-pour-le-tour-de-france\/\">Adolphe H\u00e9li\u00e8re, le cycliste inconnu mort pour le Tour de France<\/a><\/li>\n<\/ul>","protected":false},"excerpt":{"rendered":"<p>Retrouvez ici une s\u00e9lection d\u2019articles et d\u2019archives racontant le lien \u00e9troit entre les Bretons et le cyclisme.<\/p>\n","protected":false},"author":5,"featured_media":49,"parent":0,"menu_order":0,"comment_status":"closed","ping_status":"closed","template":"","meta":{"footnotes":""},"class_list":["post-1084","page","type-page","status-publish","has-post-thumbnail","hentry","entry"],"yoast_head":"<!-- This site is optimized with the Yoast SEO plugin v16.4 - https:\/\/yoast.com\/wordpress\/plugins\/seo\/ -->\n<title>Bretagne &amp; cyclisme : une relation particuli\u00e8re - Bretagne et Cyclisme<\/title>\n<meta name=\"robots\" content=\"index, follow, max-snippet:-1, max-image-preview:large, max-video-preview:-1\" \/>\n<link rel=\"canonical\" href=\"https:\/\/www.bcd.bzh\/becedia\/bretagne-et-cyclisme\/bretagne-cyclisme-une-relation-particuliere\/\" \/>\n<meta property=\"og:locale\" content=\"fr_FR\" \/>\n<meta property=\"og:type\" content=\"article\" \/>\n<meta property=\"og:title\" content=\"Bretagne &amp; cyclisme : une relation particuli\u00e8re - Bretagne et Cyclisme\" \/>\n<meta property=\"og:description\" content=\"Retrouvez ici une s\u00e9lection d\u2019articles et d\u2019archives racontant le lien \u00e9troit entre les Bretons et le cyclisme.\" \/>\n<meta property=\"og:url\" content=\"https:\/\/www.bcd.bzh\/becedia\/bretagne-et-cyclisme\/bretagne-cyclisme-une-relation-particuliere\/\" \/>\n<meta property=\"og:site_name\" content=\"Bretagne et Cyclisme\" \/>\n<meta property=\"article:modified_time\" content=\"2022-07-01T12:33:25+00:00\" \/>\n<meta property=\"og:image\" content=\"http:\/\/www.bcd.bzh\/becedia\/bretagne-et-cyclisme\/wp-content\/uploads\/2021\/06\/Le-Carton-voyageur-aa00020677.jpg\" \/>\n\t<meta property=\"og:image:width\" content=\"1644\" \/>\n\t<meta property=\"og:image:height\" content=\"1056\" \/>\n<meta name=\"twitter:card\" content=\"summary_large_image\" \/>\n<meta name=\"twitter:label1\" content=\"Dur\u00e9e de lecture est.\" \/>\n\t<meta name=\"twitter:data1\" content=\"1 minute\" \/>\n<script type=\"application\/ld+json\" class=\"yoast-schema-graph\">{\"@context\":\"https:\/\/schema.org\",\"@graph\":[{\"@type\":\"WebSite\",\"@id\":\"https:\/\/www.bcd.bzh\/becedia\/bretagne-et-cyclisme\/#website\",\"url\":\"https:\/\/www.bcd.bzh\/becedia\/bretagne-et-cyclisme\/\",\"name\":\"Bretagne et Cyclisme\",\"description\":\"\",\"potentialAction\":[{\"@type\":\"SearchAction\",\"target\":\"https:\/\/www.bcd.bzh\/becedia\/bretagne-et-cyclisme\/?s={search_term_string}\",\"query-input\":\"required name=search_term_string\"}],\"inLanguage\":\"fr-FR\"},{\"@type\":\"ImageObject\",\"@id\":\"https:\/\/www.bcd.bzh\/becedia\/bretagne-et-cyclisme\/bretagne-cyclisme-une-relation-particuliere\/#primaryimage\",\"inLanguage\":\"fr-FR\",\"url\":\"http:\/\/www.bcd.bzh\/becedia\/bretagne-et-cyclisme\/wp-content\/uploads\/2021\/06\/Le-Carton-voyageur-aa00020677.jpg\",\"contentUrl\":\"http:\/\/www.bcd.bzh\/becedia\/bretagne-et-cyclisme\/wp-content\/uploads\/2021\/06\/Le-Carton-voyageur-aa00020677.jpg\",\"width\":1644,\"height\":1056},{\"@type\":\"WebPage\",\"@id\":\"https:\/\/www.bcd.bzh\/becedia\/bretagne-et-cyclisme\/bretagne-cyclisme-une-relation-particuliere\/#webpage\",\"url\":\"https:\/\/www.bcd.bzh\/becedia\/bretagne-et-cyclisme\/bretagne-cyclisme-une-relation-particuliere\/\",\"name\":\"Bretagne & cyclisme : une relation particuli\\u00e8re - Bretagne et Cyclisme\",\"isPartOf\":{\"@id\":\"https:\/\/www.bcd.bzh\/becedia\/bretagne-et-cyclisme\/#website\"},\"primaryImageOfPage\":{\"@id\":\"https:\/\/www.bcd.bzh\/becedia\/bretagne-et-cyclisme\/bretagne-cyclisme-une-relation-particuliere\/#primaryimage\"},\"datePublished\":\"2021-06-24T12:52:42+00:00\",\"dateModified\":\"2022-07-01T12:33:25+00:00\",\"breadcrumb\":{\"@id\":\"https:\/\/www.bcd.bzh\/becedia\/bretagne-et-cyclisme\/bretagne-cyclisme-une-relation-particuliere\/#breadcrumb\"},\"inLanguage\":\"fr-FR\",\"potentialAction\":[{\"@type\":\"ReadAction\",\"target\":[\"https:\/\/www.bcd.bzh\/becedia\/bretagne-et-cyclisme\/bretagne-cyclisme-une-relation-particuliere\/\"]}]},{\"@type\":\"BreadcrumbList\",\"@id\":\"https:\/\/www.bcd.bzh\/becedia\/bretagne-et-cyclisme\/bretagne-cyclisme-une-relation-particuliere\/#breadcrumb\",\"itemListElement\":[{\"@type\":\"ListItem\",\"position\":1,\"item\":{\"@type\":\"WebPage\",\"@id\":\"https:\/\/www.bcd.bzh\/becedia\/bretagne-et-cyclisme\/\",\"url\":\"https:\/\/www.bcd.bzh\/becedia\/bretagne-et-cyclisme\/\",\"name\":\"Accueil\"}},{\"@type\":\"ListItem\",\"position\":2,\"item\":{\"@id\":\"https:\/\/www.bcd.bzh\/becedia\/bretagne-et-cyclisme\/bretagne-cyclisme-une-relation-particuliere\/#webpage\"}}]}]}<\/script>\n<!-- \/ Yoast SEO plugin. -->","_links":{"self":[{"href":"http:\/\/www.bcd.bzh\/becedia\/bretagne-et-cyclisme\/wp-json\/wp\/v2\/pages\/1084","targetHints":{"allow":["GET"]}}],"collection":[{"href":"http:\/\/www.bcd.bzh\/becedia\/bretagne-et-cyclisme\/wp-json\/wp\/v2\/pages"}],"about":[{"href":"http:\/\/www.bcd.bzh\/becedia\/bretagne-et-cyclisme\/wp-json\/wp\/v2\/types\/page"}],"author":[{"embeddable":true,"href":"http:\/\/www.bcd.bzh\/becedia\/bretagne-et-cyclisme\/wp-json\/wp\/v2\/users\/5"}],"replies":[{"embeddable":true,"href":"http:\/\/www.bcd.bzh\/becedia\/bretagne-et-cyclisme\/wp-json\/wp\/v2\/comments?post=1084"}],"version-history":[{"count":9,"href":"http:\/\/www.bcd.bzh\/becedia\/bretagne-et-cyclisme\/wp-json\/wp\/v2\/pages\/1084\/revisions"}],"predecessor-version":[{"id":1202,"href":"http:\/\/www.bcd.bzh\/becedia\/bretagne-et-cyclisme\/wp-json\/wp\/v2\/pages\/1084\/revisions\/1202"}],"wp:featuredmedia":[{"embeddable":true,"href":"http:\/\/www.bcd.bzh\/becedia\/bretagne-et-cyclisme\/wp-json\/wp\/v2\/media\/49"}],"wp:attachment":[{"href":"http:\/\/www.bcd.bzh\/becedia\/bretagne-et-cyclisme\/wp-json\/wp\/v2\/media?parent=1084"}],"curies":[{"name":"wp","href":"https:\/\/api.w.org\/{rel}","templated":true}]}}