{"id":691,"date":"2021-06-22T18:01:25","date_gmt":"2021-06-22T16:01:25","guid":{"rendered":"http:\/\/www.bcd.bzh\/becedia\/bretagne-et-cyclisme\/?page_id=691"},"modified":"2021-06-22T18:04:43","modified_gmt":"2021-06-22T16:04:43","slug":"mentions-legales","status":"publish","type":"page","link":"http:\/\/www.bcd.bzh\/becedia\/bretagne-et-cyclisme\/mentions-legales\/","title":{"rendered":"Mentions l\u00e9gales"},"content":{"rendered":"\n<h2 class=\"wp-block-heading\">Responsable de la publication<\/h2>\n\n\n\n<p>Bretagne Culture Diversit\u00e9 \/ Sevenadurio\u00f9<br>L\u2019Orientis<br>Immeuble Astr\u00e9e<br>3, boulevard Cosmao Dumanoir<br>56100 LORIENT<br>02 97 35 48 77<br><a href=\"javascript:;\">contact@bcd.bzh<\/a><br>Raison : Association loi 1901<br>Siret : 788 475 176 000 20<br>APE : 9499Z<\/p>\n\n\n\n<p>Directeur de la publication : Philippe Ramel<br>R\u00e9dacteur en chef : Tudi Kernalegen<br>Responsable technique : Mika\u00ebl Le Bihannic<\/p>\n\n\n\n<h2 class=\"wp-block-heading\">R\u00e9alisation<\/h2>\n\n\n\n<p>Agence Quinze Mille<br>6 rue des Trente<br>35000 Rennes<br><a href=\"javascript:;\">contact@quinze-mille.com<\/a><br><a href=\"http:\/\/www.quinze-mille.com\/\" target=\"_blank\" rel=\"noreferrer noopener\">www.quinze-mille.com<\/a><\/p>\n\n\n\n<p>H\u00e9bergement : OVH<br>SAS au capital de 10 000 000 \u20ac&nbsp;RCS Roubaix \u00e0 Tourcoing 424 761 419 00045<br>Code APE 6202A \u2013 N\u00b0 TVA : FR 22 424 761 419<br>Si\u00e8ge social : 2 rue Kellermann 59100 Roubaix \u2013 France.<\/p>\n\n\n\n<h2 class=\"wp-block-heading\">Cr\u00e9dits photographiques<\/h2>\n\n\n\n<p>L\u2019ensemble des visuels affich\u00e9s sur le site est g\u00e9n\u00e9ralement cr\u00e9dit\u00e9 au bas de l\u2019image.<br>Le cas \u00e9ch\u00e9ant, l\u2019image est \u00e0 cr\u00e9diter aupr\u00e8s de \u00a9 Bretagne Culture Diversit\u00e9 \/ Sevenadurio\u00f9.<\/p>\n\n\n\n<p><a href=\"http:\/\/www.bcd.bzh\/becedia\/fr\/solenn-et-plop\" target=\"_blank\" rel=\"noreferrer noopener\"><\/a><\/p>\n","protected":false},"excerpt":{"rendered":"<p>Responsable de la publication Bretagne Culture Diversit\u00e9 \/ Sevenadurio\u00f9L\u2019OrientisImmeuble Astr\u00e9e3, boulevard Cosmao Dumanoir56100 LORIENT02 97 35 48 77contact@bcd.bzhRaison : Association loi 1901Siret : 788 475 176 000 20APE : 9499Z Directeur de la publication : Philippe RamelR\u00e9dacteur en chef : Tudi KernalegenResponsable technique : Mika\u00ebl Le Bihannic R\u00e9alisation Agence Quinze Mille6 rue des Trente35000 Rennescontact@quinze-mille.comwww.quinze-mille.com&hellip; <a class=\"more-link\" href=\"http:\/\/www.bcd.bzh\/becedia\/bretagne-et-cyclisme\/mentions-legales\/\">Poursuivre la lecture <span class=\"screen-reader-text\">Mentions l\u00e9gales<\/span><\/a><\/p>\n","protected":false},"author":4,"featured_media":0,"parent":0,"menu_order":0,"comment_status":"closed","ping_status":"closed","template":"","meta":{"footnotes":""},"class_list":["post-691","page","type-page","status-publish","hentry","entry"],"yoast_head":"<!-- This site is optimized with the Yoast SEO plugin v16.4 - https:\/\/yoast.com\/wordpress\/plugins\/seo\/ -->\n<title>Mentions l\u00e9gales - Bretagne et Cyclisme<\/title>\n<meta name=\"robots\" content=\"index, follow, max-snippet:-1, max-image-preview:large, max-video-preview:-1\" \/>\n<link rel=\"canonical\" href=\"http:\/\/www.bcd.bzh\/becedia\/bretagne-et-cyclisme\/mentions-legales\/\" \/>\n<meta property=\"og:locale\" content=\"fr_FR\" \/>\n<meta property=\"og:type\" content=\"article\" \/>\n<meta property=\"og:title\" content=\"Mentions l\u00e9gales - Bretagne et Cyclisme\" \/>\n<meta property=\"og:description\" content=\"Responsable de la publication Bretagne Culture Diversit\u00e9 \/ Sevenadurio\u00f9L\u2019OrientisImmeuble Astr\u00e9e3, boulevard Cosmao Dumanoir56100 LORIENT02 97 35 48 77contact@bcd.bzhRaison : Association loi 1901Siret : 788 475 176 000 20APE : 9499Z Directeur de la publication : Philippe RamelR\u00e9dacteur en chef : Tudi KernalegenResponsable technique : Mika\u00ebl Le Bihannic R\u00e9alisation Agence Quinze Mille6 rue des Trente35000 Rennescontact@quinze-mille.comwww.quinze-mille.com&hellip; Poursuivre la lecture Mentions l\u00e9gales\" \/>\n<meta property=\"og:url\" content=\"http:\/\/www.bcd.bzh\/becedia\/bretagne-et-cyclisme\/mentions-legales\/\" \/>\n<meta property=\"og:site_name\" content=\"Bretagne et Cyclisme\" \/>\n<meta property=\"article:modified_time\" content=\"2021-06-22T16:04:43+00:00\" \/>\n<meta name=\"twitter:card\" content=\"summary_large_image\" \/>\n<meta name=\"twitter:label1\" content=\"Dur\u00e9e de lecture est.\" \/>\n\t<meta name=\"twitter:data1\" content=\"1 minute\" \/>\n<script type=\"application\/ld+json\" class=\"yoast-schema-graph\">{\"@context\":\"https:\/\/schema.org\",\"@graph\":[{\"@type\":\"WebSite\",\"@id\":\"http:\/\/www.bcd.bzh\/becedia\/bretagne-et-cyclisme\/#website\",\"url\":\"http:\/\/www.bcd.bzh\/becedia\/bretagne-et-cyclisme\/\",\"name\":\"Bretagne et Cyclisme\",\"description\":\"\",\"potentialAction\":[{\"@type\":\"SearchAction\",\"target\":\"http:\/\/www.bcd.bzh\/becedia\/bretagne-et-cyclisme\/?s={search_term_string}\",\"query-input\":\"required name=search_term_string\"}],\"inLanguage\":\"fr-FR\"},{\"@type\":\"WebPage\",\"@id\":\"http:\/\/www.bcd.bzh\/becedia\/bretagne-et-cyclisme\/mentions-legales\/#webpage\",\"url\":\"http:\/\/www.bcd.bzh\/becedia\/bretagne-et-cyclisme\/mentions-legales\/\",\"name\":\"Mentions l\\u00e9gales - Bretagne et Cyclisme\",\"isPartOf\":{\"@id\":\"http:\/\/www.bcd.bzh\/becedia\/bretagne-et-cyclisme\/#website\"},\"datePublished\":\"2021-06-22T16:01:25+00:00\",\"dateModified\":\"2021-06-22T16:04:43+00:00\",\"breadcrumb\":{\"@id\":\"http:\/\/www.bcd.bzh\/becedia\/bretagne-et-cyclisme\/mentions-legales\/#breadcrumb\"},\"inLanguage\":\"fr-FR\",\"potentialAction\":[{\"@type\":\"ReadAction\",\"target\":[\"http:\/\/www.bcd.bzh\/becedia\/bretagne-et-cyclisme\/mentions-legales\/\"]}]},{\"@type\":\"BreadcrumbList\",\"@id\":\"http:\/\/www.bcd.bzh\/becedia\/bretagne-et-cyclisme\/mentions-legales\/#breadcrumb\",\"itemListElement\":[{\"@type\":\"ListItem\",\"position\":1,\"item\":{\"@type\":\"WebPage\",\"@id\":\"http:\/\/www.bcd.bzh\/becedia\/bretagne-et-cyclisme\/\",\"url\":\"http:\/\/www.bcd.bzh\/becedia\/bretagne-et-cyclisme\/\",\"name\":\"Accueil\"}},{\"@type\":\"ListItem\",\"position\":2,\"item\":{\"@id\":\"http:\/\/www.bcd.bzh\/becedia\/bretagne-et-cyclisme\/mentions-legales\/#webpage\"}}]}]}<\/script>\n<!-- \/ Yoast SEO plugin. -->","_links":{"self":[{"href":"http:\/\/www.bcd.bzh\/becedia\/bretagne-et-cyclisme\/wp-json\/wp\/v2\/pages\/691","targetHints":{"allow":["GET"]}}],"collection":[{"href":"http:\/\/www.bcd.bzh\/becedia\/bretagne-et-cyclisme\/wp-json\/wp\/v2\/pages"}],"about":[{"href":"http:\/\/www.bcd.bzh\/becedia\/bretagne-et-cyclisme\/wp-json\/wp\/v2\/types\/page"}],"author":[{"embeddable":true,"href":"http:\/\/www.bcd.bzh\/becedia\/bretagne-et-cyclisme\/wp-json\/wp\/v2\/users\/4"}],"replies":[{"embeddable":true,"href":"http:\/\/www.bcd.bzh\/becedia\/bretagne-et-cyclisme\/wp-json\/wp\/v2\/comments?post=691"}],"version-history":[{"count":2,"href":"http:\/\/www.bcd.bzh\/becedia\/bretagne-et-cyclisme\/wp-json\/wp\/v2\/pages\/691\/revisions"}],"predecessor-version":[{"id":693,"href":"http:\/\/www.bcd.bzh\/becedia\/bretagne-et-cyclisme\/wp-json\/wp\/v2\/pages\/691\/revisions\/693"}],"wp:attachment":[{"href":"http:\/\/www.bcd.bzh\/becedia\/bretagne-et-cyclisme\/wp-json\/wp\/v2\/media?parent=691"}],"curies":[{"name":"wp","href":"https:\/\/api.w.org\/{rel}","templated":true}]}}