{"id":1290,"date":"2022-03-25T13:52:49","date_gmt":"2022-03-25T12:52:49","guid":{"rendered":"https:\/\/www.bcd.bzh\/becedia\/bretagne-1972\/?page_id=1290"},"modified":"2023-04-26T14:23:11","modified_gmt":"2023-04-26T12:23:11","slug":"le-joint-francais-mars-mai-1972-les-echos-dune-greve-en-bretagne","status":"publish","type":"page","link":"https:\/\/www.bcd.bzh\/becedia\/bretagne-1972\/le-joint-francais-mars-mai-1972-les-echos-dune-greve-en-bretagne\/","title":{"rendered":"Le Joint fran\u00e7ais (mars-mai 1972) :<br>les \u00e9chos d\u2019une gr\u00e8ve en Bretagne"},"content":{"rendered":"\n<div class=\"wp-block-columns is-style-default is-layout-flex wp-container-core-columns-is-layout-9d6595d7 wp-block-columns-is-layout-flex\">\n<div class=\"wp-block-column is-layout-flow wp-block-column-is-layout-flow\">\n<div class=\"wp-block-buttons is-layout-flex wp-block-buttons-is-layout-flex\">\n<div class=\"wp-block-button has-custom-font-size has-extra-small-font-size\"><a class=\"wp-block-button__link wp-element-button\" href=\"https:\/\/www.bcd.bzh\/becedia\/bretagne-1972\/colloque-50e-anniversaire-de-la-greve-du-joint-francais\/colloque-sur-la-greve-du-joint-francais-printemps-1972\/\">Appel \u00e0 communication<\/a><\/div>\n<\/div>\n<\/div>\n\n\n\n<div class=\"wp-block-column is-vertically-aligned-center is-layout-flow wp-block-column-is-layout-flow\">\n<div class=\"wp-block-buttons is-layout-flex wp-block-buttons-is-layout-flex\">\n<div class=\"wp-block-button has-custom-font-size has-extra-small-font-size\"><a class=\"wp-block-button__link wp-element-button\" href=\"https:\/\/www.bcd.bzh\/becedia\/bretagne-1972\/paroles-et-images-de-la-greve\/\">Cin\u00e9-d\u00e9bat<br>Mercredi 4 mai<\/a><\/div>\n<\/div>\n<\/div>\n\n\n\n<div class=\"wp-block-column is-layout-flow wp-block-column-is-layout-flow\">\n<div class=\"wp-block-buttons is-layout-flex wp-block-buttons-is-layout-flex\">\n<div class=\"wp-block-button has-custom-font-size has-extra-small-font-size\"><a class=\"wp-block-button__link wp-element-button\" href=\"https:\/\/www.bcd.bzh\/becedia\/bretagne-1972\/le-joint-francais-mars-mai-1972-les-echos-dune-greve-en-bretagne\/\">Colloque<br>5&amp;6 mai<\/a><\/div>\n<\/div>\n<\/div>\n<\/div>\n\n\n\n<h2 class=\"wp-block-heading\"><em>Colloque Universitaire<\/em><\/h2>\n\n\n\n<figure class=\"wp-block-image size-large\"><img loading=\"lazy\" decoding=\"async\" width=\"1024\" height=\"819\" src=\"https:\/\/www.bcd.bzh\/becedia\/bretagne-1972\/wp-content\/uploads\/2022\/03\/visuel-web-joint-FR-colloque-3-1024x819.jpg\" alt=\"\" class=\"wp-image-1359\" srcset=\"https:\/\/www.bcd.bzh\/becedia\/bretagne-1972\/wp-content\/uploads\/2022\/03\/visuel-web-joint-FR-colloque-3-1024x819.jpg 1024w, https:\/\/www.bcd.bzh\/becedia\/bretagne-1972\/wp-content\/uploads\/2022\/03\/visuel-web-joint-FR-colloque-3-300x240.jpg 300w, https:\/\/www.bcd.bzh\/becedia\/bretagne-1972\/wp-content\/uploads\/2022\/03\/visuel-web-joint-FR-colloque-3-768x614.jpg 768w, https:\/\/www.bcd.bzh\/becedia\/bretagne-1972\/wp-content\/uploads\/2022\/03\/visuel-web-joint-FR-colloque-3-1536x1229.jpg 1536w, https:\/\/www.bcd.bzh\/becedia\/bretagne-1972\/wp-content\/uploads\/2022\/03\/visuel-web-joint-FR-colloque-3-2048x1638.jpg 2048w, https:\/\/www.bcd.bzh\/becedia\/bretagne-1972\/wp-content\/uploads\/2022\/03\/visuel-web-joint-FR-colloque-3-1568x1254.jpg 1568w\" sizes=\"auto, (max-width: 1024px) 100vw, 1024px\" \/><\/figure>\n\n\n\n<div data-wp-interactive=\"core\/file\" class=\"wp-block-file\"><object data-wp-bind--hidden=\"!state.hasPdfPreview\" hidden class=\"wp-block-file__embed\" data=\"https:\/\/www.bcd.bzh\/becedia\/bretagne-1972\/wp-content\/uploads\/2022\/04\/BAT-WEB-programme-joint-fr-1.pdf\" type=\"application\/pdf\" style=\"width:100%;height:600px\" aria-label=\"Contenu embarqu\u00e9 T\u00e9l\u00e9charger le programme.\"><\/object><a id=\"wp-block-file--media-c7740612-fd42-47f4-8ff0-92193d49bc5d\" href=\"https:\/\/www.bcd.bzh\/becedia\/bretagne-1972\/wp-content\/uploads\/2022\/04\/BAT-WEB-programme-joint-fr-1.pdf\">T\u00e9l\u00e9charger le programme<\/a><a href=\"https:\/\/www.bcd.bzh\/becedia\/bretagne-1972\/wp-content\/uploads\/2022\/04\/BAT-WEB-programme-joint-fr-1.pdf\" class=\"wp-block-file__button wp-element-button\" download aria-describedby=\"wp-block-file--media-c7740612-fd42-47f4-8ff0-92193d49bc5d\">T\u00e9l\u00e9charger<\/a><\/div>\n\n\n\n<h3 class=\"wp-block-heading\"><div id=\"videos\"><strong>Retour en vid\u00e9o sur quelques sujets abord\u00e9s&#8230;<\/strong><\/div><\/h3>\n\n\n\n<figure class=\"wp-block-embed is-type-video is-provider-vimeo wp-block-embed-vimeo wp-embed-aspect-16-9 wp-has-aspect-ratio\"><div class=\"wp-block-embed__wrapper\">\n<iframe loading=\"lazy\" title=\"Les droites bretonnes face &amp;agrave; la gr&amp;egrave;ve - David Bensoussan\" src=\"https:\/\/player.vimeo.com\/video\/815617012?h=d1bfc881d7&amp;dnt=1&amp;app_id=122963\" width=\"750\" height=\"422\" frameborder=\"0\" allow=\"autoplay; fullscreen; picture-in-picture\" allowfullscreen><\/iframe>\n<\/div><figcaption class=\"wp-element-caption\">Dans le cadre des 50 ans de la lutte du Joint Fran\u00e7ais, David Bensoussan explique le r\u00f4le des droites bretonnes face \u00e0 la gr\u00e8ve.<\/figcaption><\/figure>\n\n\n\n<figure class=\"wp-block-embed is-type-video is-provider-vimeo wp-block-embed-vimeo wp-embed-aspect-16-9 wp-has-aspect-ratio\"><div class=\"wp-block-embed__wrapper\">\n<iframe loading=\"lazy\" title=\"Les relations entre les militants de LIP et du Joint Fran&amp;ccedil;ais - Guillaume Gourgues\" src=\"https:\/\/player.vimeo.com\/video\/815617897?h=e332cbafa0&amp;dnt=1&amp;app_id=122963\" width=\"750\" height=\"422\" frameborder=\"0\" allow=\"autoplay; fullscreen; picture-in-picture\" allowfullscreen><\/iframe>\n<\/div><figcaption class=\"wp-element-caption\">Dans le cadre des 50 ans de la lutte du Joint Fran\u00e7ais, Guillaume Gourgues aborde les relations qu&#8217;il pouvait exister entre les militants de LIP et ceux du Joint Fran\u00e7ais.<\/figcaption><\/figure>\n\n\n\n<figure class=\"wp-block-embed is-type-video is-provider-vimeo wp-block-embed-vimeo wp-embed-aspect-16-9 wp-has-aspect-ratio\"><div class=\"wp-block-embed__wrapper\">\n<iframe loading=\"lazy\" title=\"La gr&amp;egrave;ve Michelin de Vitoria en 1972 - Alexandre Fernandez\" src=\"https:\/\/player.vimeo.com\/video\/815649393?h=4431dde719&amp;dnt=1&amp;app_id=122963\" width=\"750\" height=\"422\" frameborder=\"0\" allow=\"autoplay; fullscreen; picture-in-picture\" allowfullscreen><\/iframe>\n<\/div><figcaption class=\"wp-element-caption\">Dans le cadre des 50 ans de la lutte du Joint Fran\u00e7ais, Alexandre Fernandez \u00e9voque la gr\u00e8ve des ouvriers de Michelin \u00e0 Vitoria en 1972 au regard de celle du Joint Fran\u00e7ais.<\/figcaption><\/figure>\n\n\n\n<hr class=\"wp-block-separator has-alpha-channel-opacity\"\/>\n\n\n\n<h3 class=\"wp-block-heading\">Campus Mazier \u00e0 Saint-Brieuc<br>Jeudi 5 et vendredi 6 mai 2022 &#8211; Entr\u00e9e libre<\/h3>\n\n\n\n<p><strong>Jeudi 5 mai 2022<\/strong><\/p>\n\n\n\n<p>9h00 \u2013 9h15 : Accueil et ouverture du colloque<\/p>\n\n\n\n<p><strong>Session 1 : La France pompidolienne<\/strong><\/p>\n\n\n\n<p>9h15 \u2013 9h45 : \u00ab 1972 : l\u2019\u00e9chec de la nouvelle soci\u00e9t\u00e9 \u00bb par <strong>Gilles Richard<\/strong> (Professeur \u00e9m\u00e9rite d\u2019histoire contemporaine, Univ. Rennes&nbsp;2)<\/p>\n\n\n\n<p>9h45 \u2013 10h15 : \u00ab Les mouvements sociaux urbains dans les ann\u00e9es 1970&nbsp;\u00bb par <strong>Lo\u00efc Vadelorge<\/strong> (Professeur d\u2019histoire contemporaine, Univ. Gustave Eiffel)<\/p>\n\n\n\n<p>10h15 \u2013 10h45 : \u00ab Quand les luttes\u2026 luttent entre elles. De la gr\u00e8ve du Joint fran\u00e7ais (1972) \u00e0 celle de Rateau-La-Courneuve (1974) : comp\u00e9titions syndicales, tensions politiques et rivalit\u00e9s m\u00e9morielles&nbsp;\u00bb par <strong>Tangui Perron<\/strong> (Docteur en histoire, historien du cin\u00e9ma)<\/p>\n\n\n\n<p>10h45 \u2013 11h00 : d\u00e9bat<\/p>\n\n\n\n<p>11h00 \u2013 11h15 : pause<\/p>\n\n\n\n<p>11h15 \u2013 11h45 : \u00ab L\u2019industrie fran\u00e7aise en 1972 ou la fin des temps faciles \u00bb par<strong> R\u00e9gis Boulat<\/strong> (Ma\u00eetre de conf\u00e9rences en histoire \u00e9conomique contemporaine, Univ. de Haute-Alsace)<\/p>\n\n\n\n<p>11h45 \u2013 12h15 : \u00ab La gr\u00e8ve du Joint fran\u00e7ais et le gauchisme fran\u00e7ais&nbsp;\u00bb par <strong>Philippe Buton<\/strong> (Professeur \u00e9m\u00e9rite d\u2019histoire contemporaine, Univ. de Reims)<\/p>\n\n\n\n<p>12h15 \u2013 12h30 : d\u00e9bat<\/p>\n\n\n\n<p>12h30 \u2013 14h00 : pause d\u00e9jeuner<\/p>\n\n\n\n<p><strong>Session 2 : La Bretagne du d\u00e9but des ann\u00e9es 1970 et la gr\u00e8ve du Joint fran\u00e7ais<\/strong><\/p>\n\n\n\n<p>14h00 \u2013 14h30 : \u00ab L\u2019ann\u00e9e 1972 en Bretagne et la gr\u00e8ve du Joint fran\u00e7ais \u00e0 travers les images d\u2019archives \u00bb par l\u2019<strong>Institut national de l\u2019audiovisuel (INA)<\/strong><\/p>\n\n\n\n<p>14h30 \u2013 15h00 : \u00ab Femmes en lutte en Bretagne : les enjeux d\u2019une implication renforc\u00e9e (1968-1975) \u00bb par <strong>Fanny Gallot<\/strong> (Ma\u00eetresse de conf\u00e9rences en histoire contemporaine, Univ. Paris-Est Cr\u00e9teil)<\/p>\n\n\n\n<p>15h00 \u2013 15h30 : \u00ab Les droites bretonnes face \u00e0 la gr\u00e8ve \u00bb par <strong>David Bensoussan<\/strong> (Professeur de Premi\u00e8re Sup\u00e9rieure, lyc\u00e9e Chateaubriand, docteur en histoire)<\/p>\n\n\n\n<p>15h30 \u2013 15h45 : d\u00e9bat<\/p>\n\n\n\n<p>15h45 \u2013 16h00 : pause<\/p>\n\n\n\n<p>16h00 \u2013 16h30 : \u00ab Le contexte religieux de la gr\u00e8ve du Joint fran\u00e7ais&nbsp;\u00bb par <strong>Yvon Tranvouez<\/strong> (Professeur \u00e9m\u00e9rite d\u2019histoire contemporaine, Univ. de Brest)<\/p>\n\n\n\n<p>16h30 \u2013 17h00 : \u00ab Engagement \u00e9tudiant et mobilisations ouvri\u00e8res : lecture r\u00e9trospective de l\u2019\u00e9v\u00e8nement par un ancien militant ML \u00bb par <strong>Ambroise Georget<\/strong> (Historien, CDG&nbsp;22)<\/p>\n\n\n\n<p>17h00 \u2013 17h30 : \u00ab Relire l\u2019histoire par la fin. \u201cIls chantent rouge mais ils rient jaune\u201d (Pierre Duclos) : le second conflit du Joint fran\u00e7ais (1979-1980) \u00bb par <strong>Alain Prigent<\/strong> (Historien) et <strong>Fran\u00e7ois Prigen<\/strong>t (Agr\u00e9g\u00e9 et docteur en histoire contemporaine)<\/p>\n\n\n\n<p>17h30 \u2013 18h00 : d\u00e9bat<\/p>\n\n\n\n<p><strong>Vendredi 6 mai 2022<\/strong><\/p>\n\n\n\n<p><strong>Session 3 : Comparaisons et sym\u00e9tries<\/strong><\/p>\n\n\n\n<p>9h00 \u2013 9h30 : \u00ab Mutations industrielles, conflits sociaux et territoires dans les Alpes du Nord au cours des ann\u00e9es 1970&nbsp;\u00bb par <strong>Anne Dalmasso<\/strong> (Professeure d\u2019histoire contemporaine, Univ. de Grenoble)<\/p>\n\n\n\n<p>9h30 \u2013 10h00 : \u00ab L\u2019affaire Guy Robert dans l\u2019usine Saviem de Caen (1969-1972) \u00bb par <strong>J\u00e9r\u00f4me Letournel<\/strong> (Agr\u00e9g\u00e9 et docteur en histoire contemporaine)<br>10h00 \u2013 10h30 : \u00ab Quand deux usines s\u2019\u00e9crivaient : les \u00e9changes entre militants de Lip et du Joint fran\u00e7ais \u00bb par <strong>Guillaume Gourgues<\/strong> (Ma\u00eetre de conf\u00e9rences en science politique, Univ. Lyon 2)<\/p>\n\n\n\n<p>10h30 \u2013 10h45 : d\u00e9bat<\/p>\n\n\n\n<p>10h45 \u2013 11h00 : pause<\/p>\n\n\n\n<p>11h00 \u2013 11h30 : \u00ab La gr\u00e8ve Michelin de Vittoria (1972)&nbsp;: conflit industriel et question basque \u00bb par <strong>Alexandre Fernandez<\/strong> (Professeur d\u2019histoire contemporaine, Univ. Bordeaux 3)<\/p>\n\n\n\n<p>11h30 \u2013 12h00 : \u00ab Upper Clyde Shipbuilders (1971-1972)&nbsp;: d\u2019un mouvement de la classe ouvri\u00e8re en \u00c9cosse \u00e0 la r\u00e9\u00e9mergence d\u2019une question nationale \u00e9cossaise \u00bb par <strong>Tudi Kernalegenn<\/strong> (Docteur en science politique, directeur de BCD)<\/p>\n\n\n\n<p>12h00 \u2013 12h30 : d\u00e9bat<\/p>\n\n\n\n<p>12h30 \u2013 14h00 : pause d\u00e9jeuner<\/p>\n\n\n\n<p><strong>Session 4 : Nouveaux regards sur la gr\u00e8ve du Joint fran\u00e7ais<\/strong><\/p>\n\n\n\n<p>14h00 \u2013 14h30 : \u00ab Joint fran\u00e7ais : un patronat d\u00e9sarm\u00e9&nbsp;?&nbsp;\u00bb par <strong>Vincent Porhel<\/strong> (Ma\u00eetre de conf\u00e9rences en histoire contemporaine, Univ. Lyon 2)<\/p>\n\n\n\n<p>14h30 \u2013 15h00 : \u00ab Des militants de la Ligue communiste r\u00e9volutionnaire \u00e9trangers \u00e0 l\u2019usine, mais acteurs de la gr\u00e8ve&nbsp;\u00bb par <strong>Hugo Melchior<\/strong> (Historien)<\/p>\n\n\n\n<p>15h00 \u2013 15h30 : \u00ab Vie politique et \u00e9lus dans les C\u00f4tes-du-Nord et en Bretagne au d\u00e9but des ann\u00e9es 1970 \u00bb par <strong>Christian Bougeard<\/strong> (Professeur \u00e9m\u00e9rite d\u2019histoire contemporaine, Univ. de Brest)<\/p>\n\n\n\n<p>15h30 \u2013 16h00 : \u00ab Retourner le stigmate ? Rem\u00e9morations critiques&nbsp;\u00bb par <strong>No\u00ebl Barbe<\/strong> (LAP\/CNRS-EHESS) et <strong>Nayeli Palomo<\/strong> (Association Les abysses), anthropologues, chercheur.euse.s-associ\u00e9.e.s au mus\u00e9e d\u2019Art et d\u2019histoire et \u00e0 la Villa Rohannec\u2019h, commissaires de l\u2019exposition <em>Vivre avec la gr\u00e8ve du Joint fran\u00e7ais. Le conflit en anachronisme<\/em>.<\/p>\n\n\n\n<p>16h00 \u2013 16h30 : d\u00e9bat et pause<\/p>\n\n\n\n<p>16h45 \u2013 17h00 : conclusions du colloque<\/p>\n\n\n\n<p><strong>Infos pratiques : <\/strong><\/p>\n\n\n\n<ul class=\"wp-block-list\">\n<li>Restauration possible \u00e0 proximit\u00e9.<\/li>\n\n\n\n<li>L\u2019ensemble des journ\u00e9es sont en acc\u00e8s libres.<\/li>\n\n\n\n<li>Le cin\u00e9ma Club 6 est situ\u00e9 au 40 boulevard Clemenceau \u00e0 Saint-Brieuc.<\/li>\n\n\n\n<li>Le colloque universitaire se tient au campus Mazier, 2 avenue Antoine Mazier \u00e0 Saint-Brieuc, il est organis\u00e9 en partenariat avec la Ville de Saint-Brieuc, l\u2019Universit\u00e9 Rennes 2, Bretagne Culture Diversit\u00e9.<\/li>\n<\/ul>\n\n\n\n<p><strong>Comit\u00e9 d\u2019organisation du colloque :<\/strong><br>Patrick Harismendy (Rennes 2, CRBC), Tudi Kernalegenn (Bretagne Culture Diversit\u00e9), \u00c9lisabeth Renault (Mus\u00e9e d\u2019art et d\u2019histoire de Saint-Brieuc), Gilles Richard (Rennes 2, Ar\u00e8nes).<\/p>\n\n\n\n<p><strong>Organisation &amp; partenaires :<\/strong><\/p>\n\n\n\n<figure class=\"wp-block-image size-full\"><img loading=\"lazy\" decoding=\"async\" width=\"1000\" height=\"225\" src=\"https:\/\/www.bcd.bzh\/becedia\/bretagne-1972\/wp-content\/uploads\/2022\/03\/logo-joint.png\" alt=\"\" class=\"wp-image-1362\" srcset=\"https:\/\/www.bcd.bzh\/becedia\/bretagne-1972\/wp-content\/uploads\/2022\/03\/logo-joint.png 1000w, https:\/\/www.bcd.bzh\/becedia\/bretagne-1972\/wp-content\/uploads\/2022\/03\/logo-joint-300x68.png 300w, https:\/\/www.bcd.bzh\/becedia\/bretagne-1972\/wp-content\/uploads\/2022\/03\/logo-joint-768x173.png 768w\" sizes=\"auto, (max-width: 1000px) 100vw, 1000px\" \/><\/figure>\n","protected":false},"excerpt":{"rendered":"<p>Colloque Universitaire Retour en vid\u00e9o sur quelques sujets abord\u00e9s&#8230; Campus Mazier \u00e0 Saint-BrieucJeudi 5 et vendredi 6 mai 2022 &#8211; Entr\u00e9e libre Jeudi 5 mai 2022 9h00 \u2013 9h15 : Accueil et ouverture du colloque Session 1 : La France pompidolienne 9h15 \u2013 9h45 : \u00ab 1972 : l\u2019\u00e9chec de la nouvelle soci\u00e9t\u00e9 \u00bb par&hellip; <a class=\"more-link\" href=\"https:\/\/www.bcd.bzh\/becedia\/bretagne-1972\/le-joint-francais-mars-mai-1972-les-echos-dune-greve-en-bretagne\/\">Poursuivre la lecture <span class=\"screen-reader-text\">Le Joint fran\u00e7ais (mars-mai 1972) :<br \/>les \u00e9chos d\u2019une gr\u00e8ve en Bretagne<\/span><\/a><\/p>\n","protected":false},"author":4,"featured_media":0,"parent":0,"menu_order":0,"comment_status":"closed","ping_status":"closed","template":"","meta":{"inline_featured_image":false,"footnotes":""},"class_list":["post-1290","page","type-page","status-publish","hentry","entry"],"acf":[],"yoast_head":"<!-- This site is optimized with the Yoast SEO plugin v27.6 - https:\/\/yoast.com\/product\/yoast-seo-wordpress\/ -->\n<title>Le Joint fran\u00e7ais (mars-mai 1972) :les \u00e9chos d\u2019une gr\u00e8ve en Bretagne - La Bretagne en 1972<\/title>\n<meta name=\"robots\" content=\"index, follow, max-snippet:-1, max-image-preview:large, max-video-preview:-1\" \/>\n<link rel=\"canonical\" href=\"http:\/\/www.bcd.bzh\/becedia\/bretagne-1972\/le-joint-francais-mars-mai-1972-les-echos-dune-greve-en-bretagne\/\" \/>\n<meta property=\"og:locale\" content=\"fr_FR\" \/>\n<meta property=\"og:type\" content=\"article\" \/>\n<meta property=\"og:title\" content=\"Le Joint fran\u00e7ais (mars-mai 1972) :les \u00e9chos d\u2019une gr\u00e8ve en Bretagne - La Bretagne en 1972\" \/>\n<meta property=\"og:description\" content=\"Colloque Universitaire Retour en vid\u00e9o sur quelques sujets abord\u00e9s&#8230; Campus Mazier \u00e0 Saint-BrieucJeudi 5 et vendredi 6 mai 2022 &#8211; Entr\u00e9e libre Jeudi 5 mai 2022 9h00 \u2013 9h15 : Accueil et ouverture du colloque Session 1 : La France pompidolienne 9h15 \u2013 9h45 : \u00ab 1972 : l\u2019\u00e9chec de la nouvelle soci\u00e9t\u00e9 \u00bb par&hellip; Poursuivre la lecture Le Joint fran\u00e7ais (mars-mai 1972) :les \u00e9chos d\u2019une gr\u00e8ve en Bretagne\" \/>\n<meta property=\"og:url\" content=\"http:\/\/www.bcd.bzh\/becedia\/bretagne-1972\/le-joint-francais-mars-mai-1972-les-echos-dune-greve-en-bretagne\/\" \/>\n<meta property=\"og:site_name\" content=\"La Bretagne en 1972\" \/>\n<meta property=\"article:modified_time\" content=\"2023-04-26T12:23:11+00:00\" \/>\n<meta property=\"og:image\" content=\"https:\/\/www.bcd.bzh\/becedia\/bretagne-1972\/wp-content\/uploads\/2022\/03\/visuel-web-joint-FR-colloque-3-1024x819.jpg\" \/>\n<meta name=\"twitter:card\" content=\"summary_large_image\" \/>\n<meta name=\"twitter:label1\" content=\"Dur\u00e9e de lecture estim\u00e9e\" \/>\n\t<meta name=\"twitter:data1\" content=\"5 minutes\" \/>\n<script type=\"application\/ld+json\" class=\"yoast-schema-graph\">{\"@context\":\"https:\\\/\\\/schema.org\",\"@graph\":[{\"@type\":\"WebPage\",\"@id\":\"http:\\\/\\\/www.bcd.bzh\\\/becedia\\\/bretagne-1972\\\/le-joint-francais-mars-mai-1972-les-echos-dune-greve-en-bretagne\\\/\",\"url\":\"http:\\\/\\\/www.bcd.bzh\\\/becedia\\\/bretagne-1972\\\/le-joint-francais-mars-mai-1972-les-echos-dune-greve-en-bretagne\\\/\",\"name\":\"Le Joint fran\u00e7ais (mars-mai 1972) : les \u00e9chos d\u2019une gr\u00e8ve en Bretagne - La Bretagne en 1972\",\"isPartOf\":{\"@id\":\"\\\/#website\"},\"primaryImageOfPage\":{\"@id\":\"http:\\\/\\\/www.bcd.bzh\\\/becedia\\\/bretagne-1972\\\/le-joint-francais-mars-mai-1972-les-echos-dune-greve-en-bretagne\\\/#primaryimage\"},\"image\":{\"@id\":\"http:\\\/\\\/www.bcd.bzh\\\/becedia\\\/bretagne-1972\\\/le-joint-francais-mars-mai-1972-les-echos-dune-greve-en-bretagne\\\/#primaryimage\"},\"thumbnailUrl\":\"https:\\\/\\\/www.bcd.bzh\\\/becedia\\\/bretagne-1972\\\/wp-content\\\/uploads\\\/2022\\\/03\\\/visuel-web-joint-FR-colloque-3-1024x819.jpg\",\"datePublished\":\"2022-03-25T12:52:49+00:00\",\"dateModified\":\"2023-04-26T12:23:11+00:00\",\"breadcrumb\":{\"@id\":\"http:\\\/\\\/www.bcd.bzh\\\/becedia\\\/bretagne-1972\\\/le-joint-francais-mars-mai-1972-les-echos-dune-greve-en-bretagne\\\/#breadcrumb\"},\"inLanguage\":\"fr-FR\",\"potentialAction\":[{\"@type\":\"ReadAction\",\"target\":[\"http:\\\/\\\/www.bcd.bzh\\\/becedia\\\/bretagne-1972\\\/le-joint-francais-mars-mai-1972-les-echos-dune-greve-en-bretagne\\\/\"]}]},{\"@type\":\"ImageObject\",\"inLanguage\":\"fr-FR\",\"@id\":\"http:\\\/\\\/www.bcd.bzh\\\/becedia\\\/bretagne-1972\\\/le-joint-francais-mars-mai-1972-les-echos-dune-greve-en-bretagne\\\/#primaryimage\",\"url\":\"https:\\\/\\\/www.bcd.bzh\\\/becedia\\\/bretagne-1972\\\/wp-content\\\/uploads\\\/2022\\\/03\\\/visuel-web-joint-FR-colloque-3.jpg\",\"contentUrl\":\"https:\\\/\\\/www.bcd.bzh\\\/becedia\\\/bretagne-1972\\\/wp-content\\\/uploads\\\/2022\\\/03\\\/visuel-web-joint-FR-colloque-3.jpg\",\"width\":2084,\"height\":1667},{\"@type\":\"BreadcrumbList\",\"@id\":\"http:\\\/\\\/www.bcd.bzh\\\/becedia\\\/bretagne-1972\\\/le-joint-francais-mars-mai-1972-les-echos-dune-greve-en-bretagne\\\/#breadcrumb\",\"itemListElement\":[{\"@type\":\"ListItem\",\"position\":1,\"name\":\"Accueil\",\"item\":\"http:\\\/\\\/www.bcd.bzh\\\/becedia\\\/bretagne-1972\\\/\"},{\"@type\":\"ListItem\",\"position\":2,\"name\":\"Le Joint fran\u00e7ais (mars-mai 1972) :les \u00e9chos d\u2019une gr\u00e8ve en Bretagne\"}]},{\"@type\":\"WebSite\",\"@id\":\"\\\/#website\",\"url\":\"\\\/\",\"name\":\"La Bretagne en 1972\",\"description\":\"\",\"publisher\":{\"@id\":\"\\\/#organization\"},\"potentialAction\":[{\"@type\":\"SearchAction\",\"target\":{\"@type\":\"EntryPoint\",\"urlTemplate\":\"\\\/?s={search_term_string}\"},\"query-input\":{\"@type\":\"PropertyValueSpecification\",\"valueRequired\":true,\"valueName\":\"search_term_string\"}}],\"inLanguage\":\"fr-FR\"},{\"@type\":\"Organization\",\"@id\":\"\\\/#organization\",\"name\":\"La Bretagne en 1972\",\"url\":\"\\\/\",\"logo\":{\"@type\":\"ImageObject\",\"inLanguage\":\"fr-FR\",\"@id\":\"\\\/#\\\/schema\\\/logo\\\/image\\\/\",\"url\":\"https:\\\/\\\/www.bcd.bzh\\\/becedia\\\/bretagne-1972\\\/wp-content\\\/uploads\\\/2022\\\/01\\\/site-logo.svg\",\"contentUrl\":\"https:\\\/\\\/www.bcd.bzh\\\/becedia\\\/bretagne-1972\\\/wp-content\\\/uploads\\\/2022\\\/01\\\/site-logo.svg\",\"width\":309,\"height\":107,\"caption\":\"La Bretagne en 1972\"},\"image\":{\"@id\":\"\\\/#\\\/schema\\\/logo\\\/image\\\/\"}}]}<\/script>\n<!-- \/ Yoast SEO plugin. -->","yoast_head_json":{"title":"Le Joint fran\u00e7ais (mars-mai 1972) :les \u00e9chos d\u2019une gr\u00e8ve en Bretagne - La Bretagne en 1972","robots":{"index":"index","follow":"follow","max-snippet":"max-snippet:-1","max-image-preview":"max-image-preview:large","max-video-preview":"max-video-preview:-1"},"canonical":"http:\/\/www.bcd.bzh\/becedia\/bretagne-1972\/le-joint-francais-mars-mai-1972-les-echos-dune-greve-en-bretagne\/","og_locale":"fr_FR","og_type":"article","og_title":"Le Joint fran\u00e7ais (mars-mai 1972) :les \u00e9chos d\u2019une gr\u00e8ve en Bretagne - La Bretagne en 1972","og_description":"Colloque Universitaire Retour en vid\u00e9o sur quelques sujets abord\u00e9s&#8230; Campus Mazier \u00e0 Saint-BrieucJeudi 5 et vendredi 6 mai 2022 &#8211; Entr\u00e9e libre Jeudi 5 mai 2022 9h00 \u2013 9h15 : Accueil et ouverture du colloque Session 1 : La France pompidolienne 9h15 \u2013 9h45 : \u00ab 1972 : l\u2019\u00e9chec de la nouvelle soci\u00e9t\u00e9 \u00bb par&hellip; Poursuivre la lecture Le Joint fran\u00e7ais (mars-mai 1972) :les \u00e9chos d\u2019une gr\u00e8ve en Bretagne","og_url":"http:\/\/www.bcd.bzh\/becedia\/bretagne-1972\/le-joint-francais-mars-mai-1972-les-echos-dune-greve-en-bretagne\/","og_site_name":"La Bretagne en 1972","article_modified_time":"2023-04-26T12:23:11+00:00","og_image":[{"url":"https:\/\/www.bcd.bzh\/becedia\/bretagne-1972\/wp-content\/uploads\/2022\/03\/visuel-web-joint-FR-colloque-3-1024x819.jpg","type":"","width":"","height":""}],"twitter_card":"summary_large_image","twitter_misc":{"Dur\u00e9e de lecture estim\u00e9e":"5 minutes"},"schema":{"@context":"https:\/\/schema.org","@graph":[{"@type":"WebPage","@id":"http:\/\/www.bcd.bzh\/becedia\/bretagne-1972\/le-joint-francais-mars-mai-1972-les-echos-dune-greve-en-bretagne\/","url":"http:\/\/www.bcd.bzh\/becedia\/bretagne-1972\/le-joint-francais-mars-mai-1972-les-echos-dune-greve-en-bretagne\/","name":"Le Joint fran\u00e7ais (mars-mai 1972) : les \u00e9chos d\u2019une gr\u00e8ve en Bretagne - La Bretagne en 1972","isPartOf":{"@id":"\/#website"},"primaryImageOfPage":{"@id":"http:\/\/www.bcd.bzh\/becedia\/bretagne-1972\/le-joint-francais-mars-mai-1972-les-echos-dune-greve-en-bretagne\/#primaryimage"},"image":{"@id":"http:\/\/www.bcd.bzh\/becedia\/bretagne-1972\/le-joint-francais-mars-mai-1972-les-echos-dune-greve-en-bretagne\/#primaryimage"},"thumbnailUrl":"https:\/\/www.bcd.bzh\/becedia\/bretagne-1972\/wp-content\/uploads\/2022\/03\/visuel-web-joint-FR-colloque-3-1024x819.jpg","datePublished":"2022-03-25T12:52:49+00:00","dateModified":"2023-04-26T12:23:11+00:00","breadcrumb":{"@id":"http:\/\/www.bcd.bzh\/becedia\/bretagne-1972\/le-joint-francais-mars-mai-1972-les-echos-dune-greve-en-bretagne\/#breadcrumb"},"inLanguage":"fr-FR","potentialAction":[{"@type":"ReadAction","target":["http:\/\/www.bcd.bzh\/becedia\/bretagne-1972\/le-joint-francais-mars-mai-1972-les-echos-dune-greve-en-bretagne\/"]}]},{"@type":"ImageObject","inLanguage":"fr-FR","@id":"http:\/\/www.bcd.bzh\/becedia\/bretagne-1972\/le-joint-francais-mars-mai-1972-les-echos-dune-greve-en-bretagne\/#primaryimage","url":"https:\/\/www.bcd.bzh\/becedia\/bretagne-1972\/wp-content\/uploads\/2022\/03\/visuel-web-joint-FR-colloque-3.jpg","contentUrl":"https:\/\/www.bcd.bzh\/becedia\/bretagne-1972\/wp-content\/uploads\/2022\/03\/visuel-web-joint-FR-colloque-3.jpg","width":2084,"height":1667},{"@type":"BreadcrumbList","@id":"http:\/\/www.bcd.bzh\/becedia\/bretagne-1972\/le-joint-francais-mars-mai-1972-les-echos-dune-greve-en-bretagne\/#breadcrumb","itemListElement":[{"@type":"ListItem","position":1,"name":"Accueil","item":"http:\/\/www.bcd.bzh\/becedia\/bretagne-1972\/"},{"@type":"ListItem","position":2,"name":"Le Joint fran\u00e7ais (mars-mai 1972) :les \u00e9chos d\u2019une gr\u00e8ve en Bretagne"}]},{"@type":"WebSite","@id":"\/#website","url":"\/","name":"La Bretagne en 1972","description":"","publisher":{"@id":"\/#organization"},"potentialAction":[{"@type":"SearchAction","target":{"@type":"EntryPoint","urlTemplate":"\/?s={search_term_string}"},"query-input":{"@type":"PropertyValueSpecification","valueRequired":true,"valueName":"search_term_string"}}],"inLanguage":"fr-FR"},{"@type":"Organization","@id":"\/#organization","name":"La Bretagne en 1972","url":"\/","logo":{"@type":"ImageObject","inLanguage":"fr-FR","@id":"\/#\/schema\/logo\/image\/","url":"https:\/\/www.bcd.bzh\/becedia\/bretagne-1972\/wp-content\/uploads\/2022\/01\/site-logo.svg","contentUrl":"https:\/\/www.bcd.bzh\/becedia\/bretagne-1972\/wp-content\/uploads\/2022\/01\/site-logo.svg","width":309,"height":107,"caption":"La Bretagne en 1972"},"image":{"@id":"\/#\/schema\/logo\/image\/"}}]}},"_links":{"self":[{"href":"https:\/\/www.bcd.bzh\/becedia\/bretagne-1972\/wp-json\/wp\/v2\/pages\/1290","targetHints":{"allow":["GET"]}}],"collection":[{"href":"https:\/\/www.bcd.bzh\/becedia\/bretagne-1972\/wp-json\/wp\/v2\/pages"}],"about":[{"href":"https:\/\/www.bcd.bzh\/becedia\/bretagne-1972\/wp-json\/wp\/v2\/types\/page"}],"author":[{"embeddable":true,"href":"https:\/\/www.bcd.bzh\/becedia\/bretagne-1972\/wp-json\/wp\/v2\/users\/4"}],"replies":[{"embeddable":true,"href":"https:\/\/www.bcd.bzh\/becedia\/bretagne-1972\/wp-json\/wp\/v2\/comments?post=1290"}],"version-history":[{"count":26,"href":"https:\/\/www.bcd.bzh\/becedia\/bretagne-1972\/wp-json\/wp\/v2\/pages\/1290\/revisions"}],"predecessor-version":[{"id":1547,"href":"https:\/\/www.bcd.bzh\/becedia\/bretagne-1972\/wp-json\/wp\/v2\/pages\/1290\/revisions\/1547"}],"wp:attachment":[{"href":"https:\/\/www.bcd.bzh\/becedia\/bretagne-1972\/wp-json\/wp\/v2\/media?parent=1290"}],"curies":[{"name":"wp","href":"https:\/\/api.w.org\/{rel}","templated":true}]}}