{"id":14,"date":"2022-01-11T09:02:43","date_gmt":"2022-01-11T08:02:43","guid":{"rendered":"https:\/\/bcd1972.bac-a-sable.org\/?page_id=14"},"modified":"2022-12-02T15:38:43","modified_gmt":"2022-12-02T14:38:43","slug":"reveil-culturel","status":"publish","type":"page","link":"https:\/\/www.bcd.bzh\/becedia\/bretagne-1972\/reveil-culturel\/","title":{"rendered":"R\u00e9veil culturel"},"content":{"rendered":"\n<p>C\u2019est par son concert \u00e0 l\u2019Olympia le 28&nbsp;f\u00e9vrier&nbsp;1972 qu\u2019Alan&nbsp;Stivell initie la vague culturelle bretonne des ann\u00e9es 1970. En premi\u00e8re partie de ce concert, un tout jeune groupe qui va participer \u00e0 rendre populaire et moderne le fest-noz&nbsp;: Diaouled ar Menez.<\/p>\n\n\n\n<p>Les choses s\u2019acc\u00e9l\u00e8rent tout au long de l\u2019ann\u00e9e. Les chanteurs bretons sont au c\u0153ur des luttes sociales, comme Gilles&nbsp;Servat ou Gweltaz&nbsp;ar&nbsp;Fur. De nouveaux groupes inventifs et dynamiques se cr\u00e9ent, comme les Sonerien&nbsp;Du. Le Festival des cornemuses devient le Festival interceltique de Lorient. Dastum, enfin, est cr\u00e9\u00e9 le 23&nbsp;novembre.<\/p>\n\n\n\n<p><strong><a href=\"http:\/\/www.bcd.bzh\" target=\"_blank\" rel=\"noreferrer noopener\">Bretagne Culture Diversit\u00e9<\/a><\/strong> partage ici, entre autre<strong>s<\/strong>, des interviews d\u2019acteurs culturels de l\u2019\u00e9poque, des articles sur les premiers groupes se produisant sur les sc\u00e8nes de ce que l\u2019on a commenc\u00e9 \u00e0 appeler les festo\u00f9-noz\u2026 N\u2019attendez plus<strong>,<\/strong>&nbsp;plongez dans ce renouveau culturel de l\u2019ann\u00e9e 1972.<\/p>\n\n\n\n<p class=\"has-text-align-right\">Image d&#8217;illustration : Universal \u2013 tous droits r\u00e9serv\u00e9s<\/p>\n\n\n\n<div style=\"height:1px\" aria-hidden=\"true\" class=\"wp-block-spacer\"><\/div>\n\n\n<ul class=\"wp-block-latest-posts__list is-grid columns-3 alignwide is-style-twentytwentyone-latest-posts-dividers wp-block-latest-posts\"><li><div class=\"wp-block-latest-posts__featured-image aligncenter\"><a href=\"https:\/\/www.bcd.bzh\/becedia\/bretagne-1972\/reveil-culturel\/an-taol-lagad-special-annee-1972-la-naissance-de-dastum\/\" aria-label=\"An taol lagad sp\u00e9cial ann\u00e9e 1972 : la naissance de Dastum\"><img loading=\"lazy\" decoding=\"async\" width=\"750\" height=\"418\" src=\"https:\/\/www.bcd.bzh\/becedia\/bretagne-1972\/wp-content\/uploads\/2022\/12\/1972-dastum.png\" class=\"attachment-large size-large wp-post-image\" alt=\"\" style=\"width:100%;height:55.78%;max-width:900px;\" srcset=\"https:\/\/www.bcd.bzh\/becedia\/bretagne-1972\/wp-content\/uploads\/2022\/12\/1972-dastum.png 900w, https:\/\/www.bcd.bzh\/becedia\/bretagne-1972\/wp-content\/uploads\/2022\/12\/1972-dastum-300x167.png 300w, https:\/\/www.bcd.bzh\/becedia\/bretagne-1972\/wp-content\/uploads\/2022\/12\/1972-dastum-768x428.png 768w\" sizes=\"auto, (max-width: 750px) 100vw, 750px\" \/><\/a><\/div><a class=\"wp-block-latest-posts__post-title\" href=\"https:\/\/www.bcd.bzh\/becedia\/bretagne-1972\/reveil-culturel\/an-taol-lagad-special-annee-1972-la-naissance-de-dastum\/\">An taol lagad sp\u00e9cial ann\u00e9e 1972 : la naissance de Dastum<\/a><\/li>\n<li><div class=\"wp-block-latest-posts__featured-image aligncenter\"><a href=\"https:\/\/www.bcd.bzh\/becedia\/bretagne-1972\/reveil-culturel\/an-taol-lagad-special-annee-1972-le-festival-interceltique\/\" aria-label=\"An taol lagad sp\u00e9cial ann\u00e9e 1972 : le festival Interceltique\"><img loading=\"lazy\" decoding=\"async\" width=\"750\" height=\"420\" src=\"https:\/\/www.bcd.bzh\/becedia\/bretagne-1972\/wp-content\/uploads\/2022\/09\/1972interceltique.png\" class=\"attachment-large size-large wp-post-image\" alt=\"\" style=\"width:100%;height:56%;max-width:900px;\" srcset=\"https:\/\/www.bcd.bzh\/becedia\/bretagne-1972\/wp-content\/uploads\/2022\/09\/1972interceltique.png 900w, https:\/\/www.bcd.bzh\/becedia\/bretagne-1972\/wp-content\/uploads\/2022\/09\/1972interceltique-300x168.png 300w, https:\/\/www.bcd.bzh\/becedia\/bretagne-1972\/wp-content\/uploads\/2022\/09\/1972interceltique-768x430.png 768w\" sizes=\"auto, (max-width: 750px) 100vw, 750px\" \/><\/a><\/div><a class=\"wp-block-latest-posts__post-title\" href=\"https:\/\/www.bcd.bzh\/becedia\/bretagne-1972\/reveil-culturel\/an-taol-lagad-special-annee-1972-le-festival-interceltique\/\">An taol lagad sp\u00e9cial ann\u00e9e 1972 : le festival Interceltique<\/a><\/li>\n<li><div class=\"wp-block-latest-posts__featured-image aligncenter\"><a href=\"https:\/\/www.bcd.bzh\/becedia\/bretagne-1972\/reveil-culturel\/an-taol-lagad-special-annee-1972-alan-stivell\/\" aria-label=\"An Taol lagad sp\u00e9cial Ann\u00e9e 1972 \u2013 Alan Stivell\"><img loading=\"lazy\" decoding=\"async\" width=\"750\" height=\"425\" src=\"https:\/\/www.bcd.bzh\/becedia\/bretagne-1972\/wp-content\/uploads\/2022\/03\/antaollagadstivell.jpg\" class=\"attachment-large size-large wp-post-image\" alt=\"\" style=\"width:100%;height:56.63%;max-width:800px;\" srcset=\"https:\/\/www.bcd.bzh\/becedia\/bretagne-1972\/wp-content\/uploads\/2022\/03\/antaollagadstivell.jpg 800w, https:\/\/www.bcd.bzh\/becedia\/bretagne-1972\/wp-content\/uploads\/2022\/03\/antaollagadstivell-300x170.jpg 300w, https:\/\/www.bcd.bzh\/becedia\/bretagne-1972\/wp-content\/uploads\/2022\/03\/antaollagadstivell-768x435.jpg 768w\" sizes=\"auto, (max-width: 750px) 100vw, 750px\" \/><\/a><\/div><a class=\"wp-block-latest-posts__post-title\" href=\"https:\/\/www.bcd.bzh\/becedia\/bretagne-1972\/reveil-culturel\/an-taol-lagad-special-annee-1972-alan-stivell\/\">An Taol lagad sp\u00e9cial Ann\u00e9e 1972 \u2013 Alan Stivell<\/a><\/li>\n<li><div class=\"wp-block-latest-posts__featured-image aligncenter\"><a href=\"https:\/\/www.bcd.bzh\/becedia\/bretagne-1972\/reveil-culturel\/an-taol-lagad-special-annee-1972-anjela-duval\/\" aria-label=\"An Taol lagad sp\u00e9cial Ann\u00e9e 1972 &#8211; Anjela Duval\"><img loading=\"lazy\" decoding=\"async\" width=\"750\" height=\"425\" src=\"https:\/\/www.bcd.bzh\/becedia\/bretagne-1972\/wp-content\/uploads\/2022\/03\/An-taol-lagad-Anjela-Duval.jpg\" class=\"attachment-large size-large wp-post-image\" alt=\"\" style=\"width:100%;height:56.64%;max-width:768px;\" srcset=\"https:\/\/www.bcd.bzh\/becedia\/bretagne-1972\/wp-content\/uploads\/2022\/03\/An-taol-lagad-Anjela-Duval.jpg 768w, https:\/\/www.bcd.bzh\/becedia\/bretagne-1972\/wp-content\/uploads\/2022\/03\/An-taol-lagad-Anjela-Duval-300x170.jpg 300w\" sizes=\"auto, (max-width: 750px) 100vw, 750px\" \/><\/a><\/div><a class=\"wp-block-latest-posts__post-title\" href=\"https:\/\/www.bcd.bzh\/becedia\/bretagne-1972\/reveil-culturel\/an-taol-lagad-special-annee-1972-anjela-duval\/\">An Taol lagad sp\u00e9cial Ann\u00e9e 1972 &#8211; Anjela Duval<\/a><\/li>\n<li><div class=\"wp-block-latest-posts__featured-image aligncenter\"><a href=\"https:\/\/www.bcd.bzh\/becedia\/bretagne-1972\/reveil-culturel\/alan-stivell-a-lolympia-en-1972\/\" aria-label=\"Alan Stivell \u00e0 l\u2019Olympia en 1972\"><img loading=\"lazy\" decoding=\"async\" width=\"750\" height=\"400\" src=\"https:\/\/www.bcd.bzh\/becedia\/bretagne-1972\/wp-content\/uploads\/2022\/12\/1972-reveil-culturel-1024x546.jpg\" class=\"attachment-large size-large wp-post-image\" alt=\"\" style=\"width:100%;height:53.37%;max-width:1782px;\" srcset=\"https:\/\/www.bcd.bzh\/becedia\/bretagne-1972\/wp-content\/uploads\/2022\/12\/1972-reveil-culturel-1024x546.jpg 1024w, https:\/\/www.bcd.bzh\/becedia\/bretagne-1972\/wp-content\/uploads\/2022\/12\/1972-reveil-culturel-300x160.jpg 300w, https:\/\/www.bcd.bzh\/becedia\/bretagne-1972\/wp-content\/uploads\/2022\/12\/1972-reveil-culturel-768x410.jpg 768w, https:\/\/www.bcd.bzh\/becedia\/bretagne-1972\/wp-content\/uploads\/2022\/12\/1972-reveil-culturel-1536x820.jpg 1536w, https:\/\/www.bcd.bzh\/becedia\/bretagne-1972\/wp-content\/uploads\/2022\/12\/1972-reveil-culturel-1568x837.jpg 1568w, https:\/\/www.bcd.bzh\/becedia\/bretagne-1972\/wp-content\/uploads\/2022\/12\/1972-reveil-culturel.jpg 1782w\" sizes=\"auto, (max-width: 750px) 100vw, 750px\" \/><\/a><\/div><a class=\"wp-block-latest-posts__post-title\" href=\"https:\/\/www.bcd.bzh\/becedia\/bretagne-1972\/reveil-culturel\/alan-stivell-a-lolympia-en-1972\/\">Alan Stivell \u00e0 l\u2019Olympia en 1972<\/a><\/li>\n<li><div class=\"wp-block-latest-posts__featured-image aligncenter\"><a href=\"https:\/\/www.bcd.bzh\/becedia\/bretagne-1972\/reveil-culturel\/lorient-cinquante-ans-de-fetes-interceltiques\/\" aria-label=\"Lorient, cinquante ans de f\u00eates interceltiques\"><img loading=\"lazy\" decoding=\"async\" width=\"750\" height=\"425\" src=\"https:\/\/www.bcd.bzh\/becedia\/bretagne-1972\/wp-content\/uploads\/2022\/02\/FIL.jpg\" class=\"attachment-large size-large wp-post-image\" alt=\"\" style=\"width:100%;height:56.63%;max-width:800px;\" srcset=\"https:\/\/www.bcd.bzh\/becedia\/bretagne-1972\/wp-content\/uploads\/2022\/02\/FIL.jpg 800w, https:\/\/www.bcd.bzh\/becedia\/bretagne-1972\/wp-content\/uploads\/2022\/02\/FIL-300x170.jpg 300w, https:\/\/www.bcd.bzh\/becedia\/bretagne-1972\/wp-content\/uploads\/2022\/02\/FIL-768x435.jpg 768w\" sizes=\"auto, (max-width: 750px) 100vw, 750px\" \/><\/a><\/div><a class=\"wp-block-latest-posts__post-title\" href=\"https:\/\/www.bcd.bzh\/becedia\/bretagne-1972\/reveil-culturel\/lorient-cinquante-ans-de-fetes-interceltiques\/\">Lorient, cinquante ans de f\u00eates interceltiques<\/a><\/li>\n<li><div class=\"wp-block-latest-posts__featured-image aligncenter\"><a href=\"https:\/\/www.bcd.bzh\/becedia\/bretagne-1972\/reveil-culturel\/la-creation-de-lassociation-dastum-le-23-novembre-1972\/\" aria-label=\"Dastum : cr\u00e9ation de l&#8217;association le 23 novembre 1972\"><img loading=\"lazy\" decoding=\"async\" width=\"750\" height=\"425\" src=\"https:\/\/www.bcd.bzh\/becedia\/bretagne-1972\/wp-content\/uploads\/2022\/02\/creation-dastum.jpg\" class=\"attachment-large size-large wp-post-image\" alt=\"\" style=\"width:100%;height:56.63%;max-width:800px;\" srcset=\"https:\/\/www.bcd.bzh\/becedia\/bretagne-1972\/wp-content\/uploads\/2022\/02\/creation-dastum.jpg 800w, https:\/\/www.bcd.bzh\/becedia\/bretagne-1972\/wp-content\/uploads\/2022\/02\/creation-dastum-300x170.jpg 300w, https:\/\/www.bcd.bzh\/becedia\/bretagne-1972\/wp-content\/uploads\/2022\/02\/creation-dastum-768x435.jpg 768w\" sizes=\"auto, (max-width: 750px) 100vw, 750px\" \/><\/a><\/div><a class=\"wp-block-latest-posts__post-title\" href=\"https:\/\/www.bcd.bzh\/becedia\/bretagne-1972\/reveil-culturel\/la-creation-de-lassociation-dastum-le-23-novembre-1972\/\">Dastum : cr\u00e9ation de l&#8217;association le 23 novembre 1972<\/a><\/li>\n<li><div class=\"wp-block-latest-posts__featured-image aligncenter\"><a href=\"https:\/\/www.bcd.bzh\/becedia\/bretagne-1972\/reveil-culturel\/gweltaz-ar-fur-chanteur-engage\/\" aria-label=\"Gweltaz Ar Fur, chanteur engag\u00e9\"><img loading=\"lazy\" decoding=\"async\" width=\"640\" height=\"360\" src=\"https:\/\/www.bcd.bzh\/becedia\/bretagne-1972\/wp-content\/uploads\/2022\/01\/gweltaz_ar_fur.jpg\" class=\"attachment-large size-large wp-post-image\" alt=\"\" style=\"width:100%;height:56.25%;max-width:640px;\" srcset=\"https:\/\/www.bcd.bzh\/becedia\/bretagne-1972\/wp-content\/uploads\/2022\/01\/gweltaz_ar_fur.jpg 640w, https:\/\/www.bcd.bzh\/becedia\/bretagne-1972\/wp-content\/uploads\/2022\/01\/gweltaz_ar_fur-300x169.jpg 300w\" sizes=\"auto, (max-width: 640px) 100vw, 640px\" \/><\/a><\/div><a class=\"wp-block-latest-posts__post-title\" href=\"https:\/\/www.bcd.bzh\/becedia\/bretagne-1972\/reveil-culturel\/gweltaz-ar-fur-chanteur-engage\/\">Gweltaz Ar Fur, chanteur engag\u00e9<\/a><\/li>\n<li><div class=\"wp-block-latest-posts__featured-image aligncenter\"><a href=\"https:\/\/www.bcd.bzh\/becedia\/bretagne-1972\/reveil-culturel\/yann-goasdoue-talabarder-de-diaouled-ar-menez\/\" aria-label=\"Yann Goasdoue, talabarder de Diaouled Ar Menez\"><img loading=\"lazy\" decoding=\"async\" width=\"640\" height=\"360\" src=\"https:\/\/www.bcd.bzh\/becedia\/bretagne-1972\/wp-content\/uploads\/2022\/01\/yann_goasdoue.jpg\" class=\"attachment-large size-large wp-post-image\" alt=\"\" style=\"width:100%;height:56.25%;max-width:640px;\" srcset=\"https:\/\/www.bcd.bzh\/becedia\/bretagne-1972\/wp-content\/uploads\/2022\/01\/yann_goasdoue.jpg 640w, https:\/\/www.bcd.bzh\/becedia\/bretagne-1972\/wp-content\/uploads\/2022\/01\/yann_goasdoue-300x169.jpg 300w\" sizes=\"auto, (max-width: 640px) 100vw, 640px\" \/><\/a><\/div><a class=\"wp-block-latest-posts__post-title\" href=\"https:\/\/www.bcd.bzh\/becedia\/bretagne-1972\/reveil-culturel\/yann-goasdoue-talabarder-de-diaouled-ar-menez\/\">Yann Goasdoue, talabarder de Diaouled Ar Menez<\/a><\/li>\n<li><div class=\"wp-block-latest-posts__featured-image aligncenter\"><a href=\"https:\/\/www.bcd.bzh\/becedia\/bretagne-1972\/temoignage\/la-blanche-hermine-par-gilles-servat\/\" aria-label=\"\u00ab La blanche hermine\u00a0\u00bb par Gilles Servat\"><img loading=\"lazy\" decoding=\"async\" width=\"750\" height=\"425\" src=\"https:\/\/www.bcd.bzh\/becedia\/bretagne-1972\/wp-content\/uploads\/2022\/02\/Servat-2.jpg\" class=\"attachment-large size-large wp-post-image\" alt=\"\" style=\"width:100%;height:56.63%;max-width:800px;\" srcset=\"https:\/\/www.bcd.bzh\/becedia\/bretagne-1972\/wp-content\/uploads\/2022\/02\/Servat-2.jpg 800w, https:\/\/www.bcd.bzh\/becedia\/bretagne-1972\/wp-content\/uploads\/2022\/02\/Servat-2-300x170.jpg 300w, https:\/\/www.bcd.bzh\/becedia\/bretagne-1972\/wp-content\/uploads\/2022\/02\/Servat-2-768x435.jpg 768w\" sizes=\"auto, (max-width: 750px) 100vw, 750px\" \/><\/a><\/div><a class=\"wp-block-latest-posts__post-title\" href=\"https:\/\/www.bcd.bzh\/becedia\/bretagne-1972\/temoignage\/la-blanche-hermine-par-gilles-servat\/\">\u00ab La blanche hermine\u00a0\u00bb par Gilles Servat<\/a><\/li>\n<li><div class=\"wp-block-latest-posts__featured-image aligncenter\"><a href=\"https:\/\/www.bcd.bzh\/becedia\/bretagne-1972\/reveil-culturel\/sonerien-du-50-ans-de-festou-noz-1972-2022\/\" aria-label=\"Sonerien Du : 50 ans de festo\u00f9-noz (1972-2022)\"><img loading=\"lazy\" decoding=\"async\" width=\"750\" height=\"425\" src=\"https:\/\/www.bcd.bzh\/becedia\/bretagne-1972\/wp-content\/uploads\/2022\/01\/sonerien-du.jpg\" class=\"attachment-large size-large wp-post-image\" alt=\"\" style=\"width:100%;height:56.63%;max-width:800px;\" srcset=\"https:\/\/www.bcd.bzh\/becedia\/bretagne-1972\/wp-content\/uploads\/2022\/01\/sonerien-du.jpg 800w, https:\/\/www.bcd.bzh\/becedia\/bretagne-1972\/wp-content\/uploads\/2022\/01\/sonerien-du-300x170.jpg 300w, https:\/\/www.bcd.bzh\/becedia\/bretagne-1972\/wp-content\/uploads\/2022\/01\/sonerien-du-768x435.jpg 768w\" sizes=\"auto, (max-width: 750px) 100vw, 750px\" \/><\/a><\/div><a class=\"wp-block-latest-posts__post-title\" href=\"https:\/\/www.bcd.bzh\/becedia\/bretagne-1972\/reveil-culturel\/sonerien-du-50-ans-de-festou-noz-1972-2022\/\">Sonerien Du : 50 ans de festo\u00f9-noz (1972-2022)<\/a><\/li>\n<li><div class=\"wp-block-latest-posts__featured-image aligncenter\"><a href=\"https:\/\/www.bcd.bzh\/becedia\/bretagne-1972\/reveil-culturel\/le-mouvement-culturel-ou-le-revival-breton\/\" aria-label=\"Le Mouvement culturel ou le revival breton\"><img loading=\"lazy\" decoding=\"async\" width=\"750\" height=\"425\" src=\"https:\/\/www.bcd.bzh\/becedia\/bretagne-1972\/wp-content\/uploads\/2022\/01\/reveil-2.jpg\" class=\"attachment-large size-large wp-post-image\" alt=\"\" style=\"width:100%;height:56.63%;max-width:800px;\" srcset=\"https:\/\/www.bcd.bzh\/becedia\/bretagne-1972\/wp-content\/uploads\/2022\/01\/reveil-2.jpg 800w, https:\/\/www.bcd.bzh\/becedia\/bretagne-1972\/wp-content\/uploads\/2022\/01\/reveil-2-300x170.jpg 300w, https:\/\/www.bcd.bzh\/becedia\/bretagne-1972\/wp-content\/uploads\/2022\/01\/reveil-2-768x435.jpg 768w\" sizes=\"auto, (max-width: 750px) 100vw, 750px\" \/><\/a><\/div><a class=\"wp-block-latest-posts__post-title\" href=\"https:\/\/www.bcd.bzh\/becedia\/bretagne-1972\/reveil-culturel\/le-mouvement-culturel-ou-le-revival-breton\/\">Le Mouvement culturel ou le revival breton<\/a><\/li>\n<li><div class=\"wp-block-latest-posts__featured-image aligncenter\"><a href=\"https:\/\/www.bcd.bzh\/becedia\/bretagne-1972\/reveil-culturel\/un-monde-enrage-le-temps-danjela-duval\/\" aria-label=\"Un monde enrag\u00e9, le temps d&#8217;Anjela Duval\"><img loading=\"lazy\" decoding=\"async\" width=\"750\" height=\"425\" src=\"https:\/\/www.bcd.bzh\/becedia\/bretagne-1972\/wp-content\/uploads\/2022\/01\/Anjela-duval.jpg\" class=\"attachment-large size-large wp-post-image\" alt=\"\" style=\"width:100%;height:56.63%;max-width:800px;\" srcset=\"https:\/\/www.bcd.bzh\/becedia\/bretagne-1972\/wp-content\/uploads\/2022\/01\/Anjela-duval.jpg 800w, https:\/\/www.bcd.bzh\/becedia\/bretagne-1972\/wp-content\/uploads\/2022\/01\/Anjela-duval-300x170.jpg 300w, https:\/\/www.bcd.bzh\/becedia\/bretagne-1972\/wp-content\/uploads\/2022\/01\/Anjela-duval-768x435.jpg 768w\" sizes=\"auto, (max-width: 750px) 100vw, 750px\" \/><\/a><\/div><a class=\"wp-block-latest-posts__post-title\" href=\"https:\/\/www.bcd.bzh\/becedia\/bretagne-1972\/reveil-culturel\/un-monde-enrage-le-temps-danjela-duval\/\">Un monde enrag\u00e9, le temps d&#8217;Anjela Duval<\/a><\/li>\n<\/ul>","protected":false},"excerpt":{"rendered":"<p>C\u2019est par son concert \u00e0 l\u2019Olympia le 28&nbsp;f\u00e9vrier&nbsp;1972 qu\u2019Alan&nbsp;Stivell initie la vague culturelle bretonne des ann\u00e9es 1970. En premi\u00e8re partie de ce concert, un tout jeune groupe qui va participer \u00e0 rendre populaire et moderne le fest-noz&nbsp;: Diaouled ar Menez. Les choses s\u2019acc\u00e9l\u00e8rent tout au long de l\u2019ann\u00e9e. Les chanteurs bretons sont au c\u0153ur des&hellip; <a class=\"more-link\" href=\"https:\/\/www.bcd.bzh\/becedia\/bretagne-1972\/reveil-culturel\/\">Poursuivre la lecture <span class=\"screen-reader-text\">R\u00e9veil culturel<\/span><\/a><\/p>\n","protected":false},"author":2,"featured_media":0,"parent":0,"menu_order":0,"comment_status":"closed","ping_status":"closed","template":"","meta":{"inline_featured_image":false,"footnotes":""},"class_list":["post-14","page","type-page","status-publish","hentry","entry"],"acf":[],"yoast_head":"<!-- This site is optimized with the Yoast SEO plugin v27.3 - https:\/\/yoast.com\/product\/yoast-seo-wordpress\/ -->\n<title>R\u00e9veil culturel - La Bretagne en 1972<\/title>\n<meta name=\"robots\" content=\"index, follow, max-snippet:-1, max-image-preview:large, max-video-preview:-1\" \/>\n<link rel=\"canonical\" href=\"https:\/\/www.bcd.bzh\/becedia\/bretagne-1972\/reveil-culturel\/\" \/>\n<meta property=\"og:locale\" content=\"fr_FR\" \/>\n<meta property=\"og:type\" content=\"article\" \/>\n<meta property=\"og:title\" content=\"R\u00e9veil culturel - La Bretagne en 1972\" \/>\n<meta property=\"og:description\" content=\"C\u2019est par son concert \u00e0 l\u2019Olympia le 28&nbsp;f\u00e9vrier&nbsp;1972 qu\u2019Alan&nbsp;Stivell initie la vague culturelle bretonne des ann\u00e9es 1970. En premi\u00e8re partie de ce concert, un tout jeune groupe qui va participer \u00e0 rendre populaire et moderne le fest-noz&nbsp;: Diaouled ar Menez. Les choses s\u2019acc\u00e9l\u00e8rent tout au long de l\u2019ann\u00e9e. Les chanteurs bretons sont au c\u0153ur des&hellip; Poursuivre la lecture R\u00e9veil culturel\" \/>\n<meta property=\"og:url\" content=\"https:\/\/www.bcd.bzh\/becedia\/bretagne-1972\/reveil-culturel\/\" \/>\n<meta property=\"og:site_name\" content=\"La Bretagne en 1972\" \/>\n<meta property=\"article:modified_time\" content=\"2022-12-02T14:38:43+00:00\" \/>\n<meta name=\"twitter:card\" content=\"summary_large_image\" \/>\n<meta name=\"twitter:label1\" content=\"Dur\u00e9e de lecture estim\u00e9e\" \/>\n\t<meta name=\"twitter:data1\" content=\"1 minute\" \/>\n<script type=\"application\/ld+json\" class=\"yoast-schema-graph\">{\"@context\":\"https:\\\/\\\/schema.org\",\"@graph\":[{\"@type\":\"WebPage\",\"@id\":\"https:\\\/\\\/www.bcd.bzh\\\/becedia\\\/bretagne-1972\\\/reveil-culturel\\\/\",\"url\":\"https:\\\/\\\/www.bcd.bzh\\\/becedia\\\/bretagne-1972\\\/reveil-culturel\\\/\",\"name\":\"R\u00e9veil culturel - La Bretagne en 1972\",\"isPartOf\":{\"@id\":\"\\\/#website\"},\"datePublished\":\"2022-01-11T08:02:43+00:00\",\"dateModified\":\"2022-12-02T14:38:43+00:00\",\"breadcrumb\":{\"@id\":\"https:\\\/\\\/www.bcd.bzh\\\/becedia\\\/bretagne-1972\\\/reveil-culturel\\\/#breadcrumb\"},\"inLanguage\":\"fr-FR\",\"potentialAction\":[{\"@type\":\"ReadAction\",\"target\":[\"https:\\\/\\\/www.bcd.bzh\\\/becedia\\\/bretagne-1972\\\/reveil-culturel\\\/\"]}]},{\"@type\":\"BreadcrumbList\",\"@id\":\"https:\\\/\\\/www.bcd.bzh\\\/becedia\\\/bretagne-1972\\\/reveil-culturel\\\/#breadcrumb\",\"itemListElement\":[{\"@type\":\"ListItem\",\"position\":1,\"name\":\"Accueil\",\"item\":\"https:\\\/\\\/www.bcd.bzh\\\/becedia\\\/bretagne-1972\\\/\"},{\"@type\":\"ListItem\",\"position\":2,\"name\":\"R\u00e9veil culturel\"}]},{\"@type\":\"WebSite\",\"@id\":\"\\\/#website\",\"url\":\"\\\/\",\"name\":\"La Bretagne en 1972\",\"description\":\"\",\"publisher\":{\"@id\":\"\\\/#organization\"},\"potentialAction\":[{\"@type\":\"SearchAction\",\"target\":{\"@type\":\"EntryPoint\",\"urlTemplate\":\"\\\/?s={search_term_string}\"},\"query-input\":{\"@type\":\"PropertyValueSpecification\",\"valueRequired\":true,\"valueName\":\"search_term_string\"}}],\"inLanguage\":\"fr-FR\"},{\"@type\":\"Organization\",\"@id\":\"\\\/#organization\",\"name\":\"La Bretagne en 1972\",\"url\":\"\\\/\",\"logo\":{\"@type\":\"ImageObject\",\"inLanguage\":\"fr-FR\",\"@id\":\"\\\/#\\\/schema\\\/logo\\\/image\\\/\",\"url\":\"https:\\\/\\\/www.bcd.bzh\\\/becedia\\\/bretagne-1972\\\/wp-content\\\/uploads\\\/2022\\\/01\\\/site-logo.svg\",\"contentUrl\":\"https:\\\/\\\/www.bcd.bzh\\\/becedia\\\/bretagne-1972\\\/wp-content\\\/uploads\\\/2022\\\/01\\\/site-logo.svg\",\"width\":309,\"height\":107,\"caption\":\"La Bretagne en 1972\"},\"image\":{\"@id\":\"\\\/#\\\/schema\\\/logo\\\/image\\\/\"}}]}<\/script>\n<!-- \/ Yoast SEO plugin. -->","yoast_head_json":{"title":"R\u00e9veil culturel - La Bretagne en 1972","robots":{"index":"index","follow":"follow","max-snippet":"max-snippet:-1","max-image-preview":"max-image-preview:large","max-video-preview":"max-video-preview:-1"},"canonical":"https:\/\/www.bcd.bzh\/becedia\/bretagne-1972\/reveil-culturel\/","og_locale":"fr_FR","og_type":"article","og_title":"R\u00e9veil culturel - La Bretagne en 1972","og_description":"C\u2019est par son concert \u00e0 l\u2019Olympia le 28&nbsp;f\u00e9vrier&nbsp;1972 qu\u2019Alan&nbsp;Stivell initie la vague culturelle bretonne des ann\u00e9es 1970. En premi\u00e8re partie de ce concert, un tout jeune groupe qui va participer \u00e0 rendre populaire et moderne le fest-noz&nbsp;: Diaouled ar Menez. Les choses s\u2019acc\u00e9l\u00e8rent tout au long de l\u2019ann\u00e9e. Les chanteurs bretons sont au c\u0153ur des&hellip; Poursuivre la lecture R\u00e9veil culturel","og_url":"https:\/\/www.bcd.bzh\/becedia\/bretagne-1972\/reveil-culturel\/","og_site_name":"La Bretagne en 1972","article_modified_time":"2022-12-02T14:38:43+00:00","twitter_card":"summary_large_image","twitter_misc":{"Dur\u00e9e de lecture estim\u00e9e":"1 minute"},"schema":{"@context":"https:\/\/schema.org","@graph":[{"@type":"WebPage","@id":"https:\/\/www.bcd.bzh\/becedia\/bretagne-1972\/reveil-culturel\/","url":"https:\/\/www.bcd.bzh\/becedia\/bretagne-1972\/reveil-culturel\/","name":"R\u00e9veil culturel - La Bretagne en 1972","isPartOf":{"@id":"\/#website"},"datePublished":"2022-01-11T08:02:43+00:00","dateModified":"2022-12-02T14:38:43+00:00","breadcrumb":{"@id":"https:\/\/www.bcd.bzh\/becedia\/bretagne-1972\/reveil-culturel\/#breadcrumb"},"inLanguage":"fr-FR","potentialAction":[{"@type":"ReadAction","target":["https:\/\/www.bcd.bzh\/becedia\/bretagne-1972\/reveil-culturel\/"]}]},{"@type":"BreadcrumbList","@id":"https:\/\/www.bcd.bzh\/becedia\/bretagne-1972\/reveil-culturel\/#breadcrumb","itemListElement":[{"@type":"ListItem","position":1,"name":"Accueil","item":"https:\/\/www.bcd.bzh\/becedia\/bretagne-1972\/"},{"@type":"ListItem","position":2,"name":"R\u00e9veil culturel"}]},{"@type":"WebSite","@id":"\/#website","url":"\/","name":"La Bretagne en 1972","description":"","publisher":{"@id":"\/#organization"},"potentialAction":[{"@type":"SearchAction","target":{"@type":"EntryPoint","urlTemplate":"\/?s={search_term_string}"},"query-input":{"@type":"PropertyValueSpecification","valueRequired":true,"valueName":"search_term_string"}}],"inLanguage":"fr-FR"},{"@type":"Organization","@id":"\/#organization","name":"La Bretagne en 1972","url":"\/","logo":{"@type":"ImageObject","inLanguage":"fr-FR","@id":"\/#\/schema\/logo\/image\/","url":"https:\/\/www.bcd.bzh\/becedia\/bretagne-1972\/wp-content\/uploads\/2022\/01\/site-logo.svg","contentUrl":"https:\/\/www.bcd.bzh\/becedia\/bretagne-1972\/wp-content\/uploads\/2022\/01\/site-logo.svg","width":309,"height":107,"caption":"La Bretagne en 1972"},"image":{"@id":"\/#\/schema\/logo\/image\/"}}]}},"_links":{"self":[{"href":"https:\/\/www.bcd.bzh\/becedia\/bretagne-1972\/wp-json\/wp\/v2\/pages\/14","targetHints":{"allow":["GET"]}}],"collection":[{"href":"https:\/\/www.bcd.bzh\/becedia\/bretagne-1972\/wp-json\/wp\/v2\/pages"}],"about":[{"href":"https:\/\/www.bcd.bzh\/becedia\/bretagne-1972\/wp-json\/wp\/v2\/types\/page"}],"author":[{"embeddable":true,"href":"https:\/\/www.bcd.bzh\/becedia\/bretagne-1972\/wp-json\/wp\/v2\/users\/2"}],"replies":[{"embeddable":true,"href":"https:\/\/www.bcd.bzh\/becedia\/bretagne-1972\/wp-json\/wp\/v2\/comments?post=14"}],"version-history":[{"count":16,"href":"https:\/\/www.bcd.bzh\/becedia\/bretagne-1972\/wp-json\/wp\/v2\/pages\/14\/revisions"}],"predecessor-version":[{"id":1522,"href":"https:\/\/www.bcd.bzh\/becedia\/bretagne-1972\/wp-json\/wp\/v2\/pages\/14\/revisions\/1522"}],"wp:attachment":[{"href":"https:\/\/www.bcd.bzh\/becedia\/bretagne-1972\/wp-json\/wp\/v2\/media?parent=14"}],"curies":[{"name":"wp","href":"https:\/\/api.w.org\/{rel}","templated":true}]}}