{"id":952,"date":"2022-02-16T12:07:59","date_gmt":"2022-02-16T11:07:59","guid":{"rendered":"https:\/\/www.bcd.bzh\/becedia\/bretagne-1972\/?page_id=952"},"modified":"2022-10-14T13:44:29","modified_gmt":"2022-10-14T11:44:29","slug":"audiotheque","status":"publish","type":"page","link":"https:\/\/www.bcd.bzh\/becedia\/bretagne-1972\/audiotheque\/","title":{"rendered":"Audioth\u00e8que"},"content":{"rendered":"\n<p>Les ann\u00e9es 1972 c&#8217;est aussi de la musique dansante, des chansons revendicatives et une saveur celtique qui se diffuse dans l&#8217;air.<br>Au gr\u00e9 des manifestations, concerts de soutien et festo\u00f9-noz, les musiciens et chanteurs donnent de la voix et r\u00e9coltent un succ\u00e8s grandissant. Il en d\u00e9coule un paysage musical qui s&#8217;\u00e9tendra au-del\u00e0 des terres de la Bretagne.<br>Voici une s\u00e9lection de titres qui ont ponctu\u00e9 l&#8217;ann\u00e9e, et peut-\u00eatre vos ann\u00e9es de jeunesse.<\/p>\n\n\n\n<p class=\"has-text-align-right\">Image d&#8217;illustration : Jacques Gourmelen<\/p>\n\n\n\n<p><balise id=\"aujointfran\u00e7ais\">Kirjuhel, \u00ab&nbsp;Joint fran\u00e7ais&nbsp;\u00bb, Underdroug. Discocanar 1, 1973.<\/balise><\/p>\n\n\n\n<div class=\"wp-block-group\"><div class=\"wp-block-group__inner-container is-layout-flow wp-block-group-is-layout-flow\">\n<figure class=\"wp-block-embed aligncenter is-type-video is-provider-youtube wp-block-embed-youtube wp-embed-aspect-4-3 wp-has-aspect-ratio\"><div class=\"wp-block-embed__wrapper\">\n <iframe loading=\"lazy\" title=\"Kirjuhel - Joint Francais (underdroug)\" width=\"750\" height=\"563\" src=\"https:\/\/www.youtube.com\/embed\/x9Pye3u20zU?feature=oembed\" frameborder=\"0\" allow=\"accelerometer; autoplay; clipboard-write; encrypted-media; gyroscope; picture-in-picture\" allowfullscreen><\/iframe>\n<\/div><\/figure>\n<\/div><\/div>\n\n\n\n<p><balise id=\"lesortdupaysan\">Gweltaz ar Fur, \u00ab&nbsp;Le sort du paysan &nbsp;\u00bb, <em>Chants Celtiques<\/em>, Atlantic. 1973<\/balise><\/p>\n\n\n\n<figure class=\"wp-block-embed is-type-video is-provider-youtube wp-block-embed-youtube wp-embed-aspect-4-3 wp-has-aspect-ratio\"><div class=\"wp-block-embed__wrapper\">\n<iframe loading=\"lazy\" title=\"Sort du paysan\" width=\"750\" height=\"563\" src=\"https:\/\/www.youtube.com\/embed\/TKt5t877H38?feature=oembed\" frameborder=\"0\" allow=\"accelerometer; autoplay; clipboard-write; encrypted-media; gyroscope; picture-in-picture\" allowfullscreen><\/iframe>\n<\/div><\/figure>\n\n\n\n<p><\/p>\n\n\n\n<p><balise id=\"arsoudarded\">Gweltaz ar Fur, \u00ab&nbsp;Ar soudarded zo gwisket e ruz&nbsp;\u00bb <em>Chants Celtiques<\/em>, Atlantic 1973<\/balise>.<\/p>\n\n\n\n<figure class=\"wp-block-embed is-type-video is-provider-youtube wp-block-embed-youtube wp-embed-aspect-4-3 wp-has-aspect-ratio\"><div class=\"wp-block-embed__wrapper\">\n<iframe loading=\"lazy\" title=\"Ar soudarded&#039;zo gwisket e ruz\" width=\"750\" height=\"563\" src=\"https:\/\/www.youtube.com\/embed\/QCQ-3TWEj-0?feature=oembed\" frameborder=\"0\" allow=\"accelerometer; autoplay; clipboard-write; encrypted-media; gyroscope; picture-in-picture\" allowfullscreen><\/iframe>\n<\/div><\/figure>\n\n\n\n<p>Youenn Gwernig <balise id=\"gavottedujoint\">\u00ab&nbsp;La gavotte du joint&nbsp;\u00bb, <em>Distro Ar Gelted<\/em><\/balise>, 1974.<\/p>\n\n\n\n<figure class=\"wp-block-embed is-type-video is-provider-youtube wp-block-embed-youtube wp-embed-aspect-16-9 wp-has-aspect-ratio\"><div class=\"wp-block-embed__wrapper\">\n<iframe loading=\"lazy\" title=\"Youenn Gwernig gavotte du joint\" width=\"750\" height=\"422\" src=\"https:\/\/www.youtube.com\/embed\/irEUoD6EJNA?feature=oembed\" frameborder=\"0\" allow=\"accelerometer; autoplay; clipboard-write; encrypted-media; gyroscope; picture-in-picture\" allowfullscreen><\/iframe>\n<\/div><\/figure>\n\n\n\n<p>Youenn Gwernig, <balise id=\"derniersbougnoules\">\u00ab&nbsp;Les bougnoules&nbsp;\u00bb<\/balise> <balise id=\"gavottedujoint\"><em>Distro Ar Gelted<\/em><\/balise>, 1974.<\/p>\n\n\n\n<figure class=\"wp-block-embed is-type-video is-provider-youtube wp-block-embed-youtube wp-embed-aspect-16-9 wp-has-aspect-ratio\"><div class=\"wp-block-embed__wrapper\">\n<iframe loading=\"lazy\" title=\"Les Derniers Bougnoules - Youenn Gwernig\" width=\"750\" height=\"422\" src=\"https:\/\/www.youtube.com\/embed\/6-76gVqgo5o?feature=oembed\" frameborder=\"0\" allow=\"accelerometer; autoplay; clipboard-write; encrypted-media; gyroscope; picture-in-picture\" allowfullscreen><\/iframe>\n<\/div><\/figure>\n\n\n\n<p>Gilles Servat, <balise id=\"lablanchehermine\">\u00ab La Blanche hermine \u00bb<\/balise> <balise id=\"lesproletaires\"><em>Gilles Servat<\/em>, Kelenn 1972<\/balise>.<\/p>\n\n\n\n<figure class=\"wp-block-embed is-type-video is-provider-youtube wp-block-embed-youtube wp-embed-aspect-4-3 wp-has-aspect-ratio\"><div class=\"wp-block-embed__wrapper\">\n <iframe loading=\"lazy\" title=\"La Blanche Hermine\" width=\"750\" height=\"563\" src=\"https:\/\/www.youtube.com\/embed\/X-vIVwPRtf8?feature=oembed\" frameborder=\"0\" allow=\"accelerometer; autoplay; clipboard-write; encrypted-media; gyroscope; picture-in-picture\" allowfullscreen><\/iframe>\n<\/div><\/figure>\n\n\n\n<p><balise id=\"lesbretons\">Gilles Servat,<\/balise> <balise id=\"lesbretons\">\u00ab Les Bretons typiques \u00bb<\/balise> <balise id=\"lesproletaires\"><em>Gilles Servat<\/em>, Kelenn 1972<\/balise>.<\/p>\n\n\n\n<figure class=\"wp-block-embed is-type-video is-provider-youtube wp-block-embed-youtube wp-embed-aspect-4-3 wp-has-aspect-ratio\"><div class=\"wp-block-embed__wrapper\">\n<iframe loading=\"lazy\" title=\"Les Bretons Typiques\" width=\"750\" height=\"563\" src=\"https:\/\/www.youtube.com\/embed\/XMwCToaCjk4?feature=oembed\" frameborder=\"0\" allow=\"accelerometer; autoplay; clipboard-write; encrypted-media; gyroscope; picture-in-picture\" allowfullscreen><\/iframe>\n<\/div><\/figure>\n\n\n\n<p><\/p>\n\n\n\n<p><balise id=\"lesproletaires\">Gilles Servat, \u00ab&nbsp;Les prol\u00e9taires&nbsp;\u00bb <em>Gilles Servat<\/em>, Kelenn 1972<\/balise>.<\/p>\n\n\n\n<figure class=\"wp-block-embed aligncenter is-type-video is-provider-youtube wp-block-embed-youtube wp-embed-aspect-4-3 wp-has-aspect-ratio\"><div class=\"wp-block-embed__wrapper\">\n<iframe loading=\"lazy\" title=\"Les Prol\u00e9taires\" width=\"750\" height=\"563\" src=\"https:\/\/www.youtube.com\/embed\/nLWC3WsLjpo?feature=oembed\" frameborder=\"0\" allow=\"accelerometer; autoplay; clipboard-write; encrypted-media; gyroscope; picture-in-picture\" allowfullscreen><\/iframe>\n<\/div><\/figure>\n\n\n\n<p><balise id=\"diaouledarmenez\">Diaouled ar Menez, <em>Diaouled ar Menez<\/em> (dont \u00ab\u00c9tienne Riwallan\u00bb)<\/balise><\/p>\n\n\n\n<figure class=\"wp-block-embed is-type-video is-provider-youtube wp-block-embed-youtube wp-embed-aspect-16-9 wp-has-aspect-ratio\"><div class=\"wp-block-embed__wrapper\">\n<iframe loading=\"lazy\" title=\"Diaouled Ar Menez - Diaouled Ar Menez\" width=\"750\" height=\"422\" src=\"https:\/\/www.youtube.com\/embed\/X_a16hmhwK8?feature=oembed\" frameborder=\"0\" allow=\"accelerometer; autoplay; clipboard-write; encrypted-media; gyroscope; picture-in-picture\" allowfullscreen><\/iframe>\n<\/div><\/figure>\n\n\n\n<p><\/p>\n\n\n\n<p><balise id=\"balbreton\">Sonerien Du, <em>Bal Breton<\/em><\/balise>, ArFolk, 1972.<\/p>\n\n\n\n<figure class=\"wp-block-embed is-type-video is-provider-youtube wp-block-embed-youtube wp-embed-aspect-4-3 wp-has-aspect-ratio\"><div class=\"wp-block-embed__wrapper\">\n<iframe loading=\"lazy\" title=\"Gavotenn ar menez\" width=\"750\" height=\"563\" src=\"https:\/\/www.youtube.com\/embed\/_OMhjwdpYGM?feature=oembed\" frameborder=\"0\" allow=\"accelerometer; autoplay; clipboard-write; encrypted-media; gyroscope; picture-in-picture\" allowfullscreen><\/iframe>\n<\/div><\/figure>\n\n\n\n<p><\/p>\n\n\n\n<p><balise id=\"suitesudarmoricaine\">Alan Stivell, \u00ab&nbsp;Suite Sudarmoricaine&nbsp;\u00bb,<em> A l&#8217;Olympia,<\/em> 1972<\/balise><\/p>\n\n\n\n<figure class=\"wp-block-embed is-type-video is-provider-youtube wp-block-embed-youtube wp-embed-aspect-4-3 wp-has-aspect-ratio\"><div class=\"wp-block-embed__wrapper\">\n<iframe loading=\"lazy\" title=\"Suite Sudarmoricaine\" width=\"750\" height=\"563\" src=\"https:\/\/www.youtube.com\/embed\/8EmrLHlBmH0?feature=oembed\" frameborder=\"0\" allow=\"accelerometer; autoplay; clipboard-write; encrypted-media; gyroscope; picture-in-picture\" allowfullscreen><\/iframe>\n<\/div><\/figure>\n\n\n\n<p><balise id=\"trimartolod\">Alan Stivell, \u00ab&nbsp;Tri martolod&nbsp;\u00bb <em>A l&#8217;Olympia<\/em>, 1972<\/balise><\/p>\n\n\n\n<figure class=\"wp-block-embed is-type-video is-provider-youtube wp-block-embed-youtube wp-embed-aspect-4-3 wp-has-aspect-ratio\"><div class=\"wp-block-embed__wrapper\">\n<iframe loading=\"lazy\" title=\"Tri Martolod\" width=\"750\" height=\"563\" src=\"https:\/\/www.youtube.com\/embed\/-FFXYdEA2J0?feature=oembed\" frameborder=\"0\" allow=\"accelerometer; autoplay; clipboard-write; encrypted-media; gyroscope; picture-in-picture\" allowfullscreen><\/iframe>\n<\/div><\/figure>\n\n\n\n<p><balise id=\"popplinn\">Alan Stivell, \u00ab&nbsp;Pop plinn&nbsp;\u00bb, <em>The Wind of Keltia<\/em>, 1972<\/balise><\/p>\n\n\n\n<figure class=\"wp-block-embed is-type-video is-provider-youtube wp-block-embed-youtube wp-embed-aspect-4-3 wp-has-aspect-ratio\"><div class=\"wp-block-embed__wrapper\">\n <iframe loading=\"lazy\" title=\"Alan Stivell - Pop Plinn (1971)\" width=\"750\" height=\"563\" src=\"https:\/\/www.youtube.com\/embed\/2f8vL4JA0Ds?feature=oembed\" frameborder=\"0\" allow=\"accelerometer; autoplay; clipboard-write; encrypted-media; gyroscope; picture-in-picture\" allowfullscreen><\/iframe>\n<\/div><\/figure>\n","protected":false},"excerpt":{"rendered":"<p>Les ann\u00e9es 1972 c&#8217;est aussi de la musique dansante, des chansons revendicatives et une saveur celtique qui se diffuse dans l&#8217;air.Au gr\u00e9 des manifestations, concerts de soutien et festo\u00f9-noz, les musiciens et chanteurs donnent de la voix et r\u00e9coltent un succ\u00e8s grandissant. Il en d\u00e9coule un paysage musical qui s&#8217;\u00e9tendra au-del\u00e0 des terres de la&hellip; <a class=\"more-link\" href=\"https:\/\/www.bcd.bzh\/becedia\/bretagne-1972\/audiotheque\/\">Poursuivre la lecture <span class=\"screen-reader-text\">Audioth\u00e8que<\/span><\/a><\/p>\n","protected":false},"author":5,"featured_media":1038,"parent":0,"menu_order":0,"comment_status":"closed","ping_status":"closed","template":"","meta":{"inline_featured_image":false,"footnotes":""},"class_list":["post-952","page","type-page","status-publish","has-post-thumbnail","hentry","entry"],"acf":[],"yoast_head":"<!-- This site is optimized with the Yoast SEO plugin v27.3 - https:\/\/yoast.com\/product\/yoast-seo-wordpress\/ -->\n<title>Audioth\u00e8que - La Bretagne en 1972<\/title>\n<meta name=\"robots\" content=\"index, follow, max-snippet:-1, max-image-preview:large, max-video-preview:-1\" \/>\n<link rel=\"canonical\" href=\"https:\/\/www.bcd.bzh\/becedia\/bretagne-1972\/audiotheque\/\" \/>\n<meta property=\"og:locale\" content=\"fr_FR\" \/>\n<meta property=\"og:type\" content=\"article\" \/>\n<meta property=\"og:title\" content=\"Audioth\u00e8que - La Bretagne en 1972\" \/>\n<meta property=\"og:description\" content=\"Les ann\u00e9es 1972 c&#8217;est aussi de la musique dansante, des chansons revendicatives et une saveur celtique qui se diffuse dans l&#8217;air.Au gr\u00e9 des manifestations, concerts de soutien et festo\u00f9-noz, les musiciens et chanteurs donnent de la voix et r\u00e9coltent un succ\u00e8s grandissant. Il en d\u00e9coule un paysage musical qui s&#8217;\u00e9tendra au-del\u00e0 des terres de la&hellip; Poursuivre la lecture Audioth\u00e8que\" \/>\n<meta property=\"og:url\" content=\"https:\/\/www.bcd.bzh\/becedia\/bretagne-1972\/audiotheque\/\" \/>\n<meta property=\"og:site_name\" content=\"La Bretagne en 1972\" \/>\n<meta property=\"article:modified_time\" content=\"2022-10-14T11:44:29+00:00\" \/>\n<meta property=\"og:image\" content=\"https:\/\/www.bcd.bzh\/becedia\/bretagne-1972\/wp-content\/uploads\/2022\/02\/bretagne_1972.jpg\" \/>\n\t<meta property=\"og:image:width\" content=\"1354\" \/>\n\t<meta property=\"og:image:height\" content=\"700\" \/>\n\t<meta property=\"og:image:type\" content=\"image\/jpeg\" \/>\n<meta name=\"twitter:card\" content=\"summary_large_image\" \/>\n<script type=\"application\/ld+json\" class=\"yoast-schema-graph\">{\"@context\":\"https:\\\/\\\/schema.org\",\"@graph\":[{\"@type\":\"WebPage\",\"@id\":\"https:\\\/\\\/www.bcd.bzh\\\/becedia\\\/bretagne-1972\\\/audiotheque\\\/\",\"url\":\"https:\\\/\\\/www.bcd.bzh\\\/becedia\\\/bretagne-1972\\\/audiotheque\\\/\",\"name\":\"Audioth\u00e8que - La Bretagne en 1972\",\"isPartOf\":{\"@id\":\"\\\/#website\"},\"primaryImageOfPage\":{\"@id\":\"https:\\\/\\\/www.bcd.bzh\\\/becedia\\\/bretagne-1972\\\/audiotheque\\\/#primaryimage\"},\"image\":{\"@id\":\"https:\\\/\\\/www.bcd.bzh\\\/becedia\\\/bretagne-1972\\\/audiotheque\\\/#primaryimage\"},\"thumbnailUrl\":\"https:\\\/\\\/www.bcd.bzh\\\/becedia\\\/bretagne-1972\\\/wp-content\\\/uploads\\\/2022\\\/02\\\/bretagne_1972.jpg\",\"datePublished\":\"2022-02-16T11:07:59+00:00\",\"dateModified\":\"2022-10-14T11:44:29+00:00\",\"breadcrumb\":{\"@id\":\"https:\\\/\\\/www.bcd.bzh\\\/becedia\\\/bretagne-1972\\\/audiotheque\\\/#breadcrumb\"},\"inLanguage\":\"fr-FR\",\"potentialAction\":[{\"@type\":\"ReadAction\",\"target\":[\"https:\\\/\\\/www.bcd.bzh\\\/becedia\\\/bretagne-1972\\\/audiotheque\\\/\"]}]},{\"@type\":\"ImageObject\",\"inLanguage\":\"fr-FR\",\"@id\":\"https:\\\/\\\/www.bcd.bzh\\\/becedia\\\/bretagne-1972\\\/audiotheque\\\/#primaryimage\",\"url\":\"https:\\\/\\\/www.bcd.bzh\\\/becedia\\\/bretagne-1972\\\/wp-content\\\/uploads\\\/2022\\\/02\\\/bretagne_1972.jpg\",\"contentUrl\":\"https:\\\/\\\/www.bcd.bzh\\\/becedia\\\/bretagne-1972\\\/wp-content\\\/uploads\\\/2022\\\/02\\\/bretagne_1972.jpg\",\"width\":1354,\"height\":700},{\"@type\":\"BreadcrumbList\",\"@id\":\"https:\\\/\\\/www.bcd.bzh\\\/becedia\\\/bretagne-1972\\\/audiotheque\\\/#breadcrumb\",\"itemListElement\":[{\"@type\":\"ListItem\",\"position\":1,\"name\":\"Accueil\",\"item\":\"https:\\\/\\\/www.bcd.bzh\\\/becedia\\\/bretagne-1972\\\/\"},{\"@type\":\"ListItem\",\"position\":2,\"name\":\"Audioth\u00e8que\"}]},{\"@type\":\"WebSite\",\"@id\":\"\\\/#website\",\"url\":\"\\\/\",\"name\":\"La Bretagne en 1972\",\"description\":\"\",\"publisher\":{\"@id\":\"\\\/#organization\"},\"potentialAction\":[{\"@type\":\"SearchAction\",\"target\":{\"@type\":\"EntryPoint\",\"urlTemplate\":\"\\\/?s={search_term_string}\"},\"query-input\":{\"@type\":\"PropertyValueSpecification\",\"valueRequired\":true,\"valueName\":\"search_term_string\"}}],\"inLanguage\":\"fr-FR\"},{\"@type\":\"Organization\",\"@id\":\"\\\/#organization\",\"name\":\"La Bretagne en 1972\",\"url\":\"\\\/\",\"logo\":{\"@type\":\"ImageObject\",\"inLanguage\":\"fr-FR\",\"@id\":\"\\\/#\\\/schema\\\/logo\\\/image\\\/\",\"url\":\"https:\\\/\\\/www.bcd.bzh\\\/becedia\\\/bretagne-1972\\\/wp-content\\\/uploads\\\/2022\\\/01\\\/site-logo.svg\",\"contentUrl\":\"https:\\\/\\\/www.bcd.bzh\\\/becedia\\\/bretagne-1972\\\/wp-content\\\/uploads\\\/2022\\\/01\\\/site-logo.svg\",\"width\":309,\"height\":107,\"caption\":\"La Bretagne en 1972\"},\"image\":{\"@id\":\"\\\/#\\\/schema\\\/logo\\\/image\\\/\"}}]}<\/script>\n<!-- \/ Yoast SEO plugin. -->","yoast_head_json":{"title":"Audioth\u00e8que - La Bretagne en 1972","robots":{"index":"index","follow":"follow","max-snippet":"max-snippet:-1","max-image-preview":"max-image-preview:large","max-video-preview":"max-video-preview:-1"},"canonical":"https:\/\/www.bcd.bzh\/becedia\/bretagne-1972\/audiotheque\/","og_locale":"fr_FR","og_type":"article","og_title":"Audioth\u00e8que - La Bretagne en 1972","og_description":"Les ann\u00e9es 1972 c&#8217;est aussi de la musique dansante, des chansons revendicatives et une saveur celtique qui se diffuse dans l&#8217;air.Au gr\u00e9 des manifestations, concerts de soutien et festo\u00f9-noz, les musiciens et chanteurs donnent de la voix et r\u00e9coltent un succ\u00e8s grandissant. Il en d\u00e9coule un paysage musical qui s&#8217;\u00e9tendra au-del\u00e0 des terres de la&hellip; Poursuivre la lecture Audioth\u00e8que","og_url":"https:\/\/www.bcd.bzh\/becedia\/bretagne-1972\/audiotheque\/","og_site_name":"La Bretagne en 1972","article_modified_time":"2022-10-14T11:44:29+00:00","og_image":[{"width":1354,"height":700,"url":"https:\/\/www.bcd.bzh\/becedia\/bretagne-1972\/wp-content\/uploads\/2022\/02\/bretagne_1972.jpg","type":"image\/jpeg"}],"twitter_card":"summary_large_image","schema":{"@context":"https:\/\/schema.org","@graph":[{"@type":"WebPage","@id":"https:\/\/www.bcd.bzh\/becedia\/bretagne-1972\/audiotheque\/","url":"https:\/\/www.bcd.bzh\/becedia\/bretagne-1972\/audiotheque\/","name":"Audioth\u00e8que - La Bretagne en 1972","isPartOf":{"@id":"\/#website"},"primaryImageOfPage":{"@id":"https:\/\/www.bcd.bzh\/becedia\/bretagne-1972\/audiotheque\/#primaryimage"},"image":{"@id":"https:\/\/www.bcd.bzh\/becedia\/bretagne-1972\/audiotheque\/#primaryimage"},"thumbnailUrl":"https:\/\/www.bcd.bzh\/becedia\/bretagne-1972\/wp-content\/uploads\/2022\/02\/bretagne_1972.jpg","datePublished":"2022-02-16T11:07:59+00:00","dateModified":"2022-10-14T11:44:29+00:00","breadcrumb":{"@id":"https:\/\/www.bcd.bzh\/becedia\/bretagne-1972\/audiotheque\/#breadcrumb"},"inLanguage":"fr-FR","potentialAction":[{"@type":"ReadAction","target":["https:\/\/www.bcd.bzh\/becedia\/bretagne-1972\/audiotheque\/"]}]},{"@type":"ImageObject","inLanguage":"fr-FR","@id":"https:\/\/www.bcd.bzh\/becedia\/bretagne-1972\/audiotheque\/#primaryimage","url":"https:\/\/www.bcd.bzh\/becedia\/bretagne-1972\/wp-content\/uploads\/2022\/02\/bretagne_1972.jpg","contentUrl":"https:\/\/www.bcd.bzh\/becedia\/bretagne-1972\/wp-content\/uploads\/2022\/02\/bretagne_1972.jpg","width":1354,"height":700},{"@type":"BreadcrumbList","@id":"https:\/\/www.bcd.bzh\/becedia\/bretagne-1972\/audiotheque\/#breadcrumb","itemListElement":[{"@type":"ListItem","position":1,"name":"Accueil","item":"https:\/\/www.bcd.bzh\/becedia\/bretagne-1972\/"},{"@type":"ListItem","position":2,"name":"Audioth\u00e8que"}]},{"@type":"WebSite","@id":"\/#website","url":"\/","name":"La Bretagne en 1972","description":"","publisher":{"@id":"\/#organization"},"potentialAction":[{"@type":"SearchAction","target":{"@type":"EntryPoint","urlTemplate":"\/?s={search_term_string}"},"query-input":{"@type":"PropertyValueSpecification","valueRequired":true,"valueName":"search_term_string"}}],"inLanguage":"fr-FR"},{"@type":"Organization","@id":"\/#organization","name":"La Bretagne en 1972","url":"\/","logo":{"@type":"ImageObject","inLanguage":"fr-FR","@id":"\/#\/schema\/logo\/image\/","url":"https:\/\/www.bcd.bzh\/becedia\/bretagne-1972\/wp-content\/uploads\/2022\/01\/site-logo.svg","contentUrl":"https:\/\/www.bcd.bzh\/becedia\/bretagne-1972\/wp-content\/uploads\/2022\/01\/site-logo.svg","width":309,"height":107,"caption":"La Bretagne en 1972"},"image":{"@id":"\/#\/schema\/logo\/image\/"}}]}},"_links":{"self":[{"href":"https:\/\/www.bcd.bzh\/becedia\/bretagne-1972\/wp-json\/wp\/v2\/pages\/952","targetHints":{"allow":["GET"]}}],"collection":[{"href":"https:\/\/www.bcd.bzh\/becedia\/bretagne-1972\/wp-json\/wp\/v2\/pages"}],"about":[{"href":"https:\/\/www.bcd.bzh\/becedia\/bretagne-1972\/wp-json\/wp\/v2\/types\/page"}],"author":[{"embeddable":true,"href":"https:\/\/www.bcd.bzh\/becedia\/bretagne-1972\/wp-json\/wp\/v2\/users\/5"}],"replies":[{"embeddable":true,"href":"https:\/\/www.bcd.bzh\/becedia\/bretagne-1972\/wp-json\/wp\/v2\/comments?post=952"}],"version-history":[{"count":27,"href":"https:\/\/www.bcd.bzh\/becedia\/bretagne-1972\/wp-json\/wp\/v2\/pages\/952\/revisions"}],"predecessor-version":[{"id":1505,"href":"https:\/\/www.bcd.bzh\/becedia\/bretagne-1972\/wp-json\/wp\/v2\/pages\/952\/revisions\/1505"}],"wp:featuredmedia":[{"embeddable":true,"href":"https:\/\/www.bcd.bzh\/becedia\/bretagne-1972\/wp-json\/wp\/v2\/media\/1038"}],"wp:attachment":[{"href":"https:\/\/www.bcd.bzh\/becedia\/bretagne-1972\/wp-json\/wp\/v2\/media?parent=952"}],"curies":[{"name":"wp","href":"https:\/\/api.w.org\/{rel}","templated":true}]}}