{"id":23,"date":"2022-04-12T15:21:10","date_gmt":"2022-04-12T13:21:10","guid":{"rendered":"https:\/\/www.bcd.bzh\/becedia\/bretagne-celtique\/?page_id=23"},"modified":"2022-08-19T09:05:57","modified_gmt":"2022-08-19T07:05:57","slug":"accueil","status":"publish","type":"page","link":"https:\/\/www.bcd.bzh\/becedia\/bretagne-celtique\/","title":{"rendered":"Accueil"},"content":{"rendered":"\n<h2 class=\"wp-block-heading\"><strong>Celtique&nbsp;? Une Histoire, des repr\u00e9sentations<\/strong><\/h2>\n\n\n\n<figure class=\"wp-block-image alignfull size-full\"><img loading=\"lazy\" decoding=\"async\" width=\"2560\" height=\"614\" src=\"https:\/\/www.bcd.bzh\/becedia\/bretagne-celtique\/wp-content\/uploads\/2022\/05\/Chrono-celtes-V3-scaled-e1651732913519.jpg\" alt=\"\" class=\"wp-image-683\"\/><\/figure>\n\n\n\n<p>\u00ab\u00a0Cercles celtiques, Festival interceltique de Lorient, dipl\u00f4me d&rsquo;\u00e9tudes celtiques&#8230;  <strong>Aujourd\u2019hui, le mot \u00ab&nbsp;Bretagne&nbsp;\u00bb se conjugue bien souvent avec le terme \u00ab&nbsp;celtique&nbsp;\u00bb. <\/strong> Cette appellation, per\u00e7ue et utilis\u00e9e comme une \u00e9vidence, rev\u00eat pourtant des acceptions tr\u00e8s diff\u00e9rentes. <strong>Car, de quoi parle-t-on lorsque l\u2019on parle des Celtes&nbsp;? Et pourquoi la Bretagne se revendique-t-elle comme une terre celtique&nbsp;?<\/strong><\/p>\n\n\n\n<p>C\u2019est \u00e0 ces questions complexes que <em><a href=\"https:\/\/www.bcd.bzh\/fr\/qui-sommes-nous\/nos-missions\/\"><strong>Bretagne Culture Diversit\u00e9<\/strong><\/a> <\/em>a souhait\u00e9 apporter des r\u00e9ponses nuanc\u00e9es, en \u00e9cho \u00e0 l&rsquo;exposition <strong><a href=\"https:\/\/www.musee-bretagne.fr\/expositions\/celtique\/\" target=\"_blank\" rel=\"noreferrer noopener\">\u00ab\u00a0Celtique\u00a0?\u00a0\u00bb<\/a>,<\/strong> propos\u00e9e actuellement par le Mus\u00e9e de Bretagne.  Ce mini-site propose des articles, des podcasts et des documents iconographiques in\u00e9dits, \u00e0 destination d\u2019un large public. L&rsquo;objectif est de pr\u00e9senter la recherche vivante et les savoirs document\u00e9s sur ces questions, y compris avec les divergences voire les contradictions entre sp\u00e9cialistes.<\/p>\n\n\n<div  class=\"card-list-v6 alignwide\">\n            \n        <a href=\"https:\/\/www.bcd.bzh\/becedia\/bretagne-celtique\/aux-origines-antiquite\/\" class=\"card-v6\">\n            <figure class=\"card-v6__img\">\n                        <img decoding=\"async\" src=\"https:\/\/www.bcd.bzh\/becedia\/bretagne-celtique\/wp-content\/uploads\/2022\/04\/restitution-50-500x320.jpg\" alt=\"\" \/>\n                        <\/figure>\n            <div class=\"card-v6__content\">\n                <h3>Aux origines : l&rsquo;\u00e2ge du fer<\/h3>\n                <p>Les premi\u00e8res traces des Celtes remontent \u00e0 l\u2019\u00c2ge du Fer (-800). La p\u00e9ninsule armoricaine est quant \u00e0 elle concern\u00e9e par la diffusion de la culture celte lors de la p\u00e9riode nomm\u00e9e La T\u00e8ne (de 450 avant J\u00e9sus-Christ jusqu\u2019\u00e0 la conqu\u00eate romaine en -52). Les r\u00e9centes d\u00e9couvertes de bustes, sur les sites de Paule et Tr\u00e9muson, dans les C\u00f4tes-d&rsquo;Armor actuelles, sont significatifs de cette p\u00e9riode.<\/p>\n            <\/div>\n        <\/a>\n            \n        <a href=\"https:\/\/www.bcd.bzh\/becedia\/bretagne-celtique\/aux-origines-haut-moyen-age\/\" class=\"card-v6\">\n            <figure class=\"card-v6__img\">\n                        <img decoding=\"async\" src=\"https:\/\/www.bcd.bzh\/becedia\/bretagne-celtique\/wp-content\/uploads\/2022\/04\/grandes-croniques-de-bre-e1649845032111-500x320.jpg\" alt=\"\" \/>\n                        <\/figure>\n            <div class=\"card-v6__content\">\n                <h3>Aux origines : Haut Moyen \u00c2ge<\/h3>\n                <p>Entre le 4e et le 6e si\u00e8cle de notre \u00e8re, des populations de l\u2019\u00eele de Bretagne franchissent la Manche pour rejoindre l\u2019Armorique. Ces migrants parlent le brittonique, une branche des langues celtiques. Sur le continent, les habitants parlent le gaulois, une langue celtique proche.<\/p>\n            <\/div>\n        <\/a>\n            \n        <a href=\"https:\/\/www.bcd.bzh\/becedia\/bretagne-celtique\/la-construction-dun-recit-les-premiers-recits-du-moyen-age\/\" class=\"card-v6\">\n            <figure class=\"card-v6__img\">\n                        <img decoding=\"async\" src=\"https:\/\/www.bcd.bzh\/becedia\/bretagne-celtique\/wp-content\/uploads\/2022\/04\/wa_zoom-500x320.jpeg\" alt=\"\" \/>\n                        <\/figure>\n            <div class=\"card-v6__content\">\n                <h3>La construction d\u2019un r\u00e9cit : Les premiers r\u00e9cits du Moyen-\u00c2ge<\/h3>\n                <p>\u00c0 partir du Moyen \u00c2ge, des r\u00e9cits politiques ou imaginaires tendent \u00e0 associer la Bretagne \u00e0 des r\u00e9f\u00e9rences celtiques. La Bretagne continentale, gr\u00e2ce \u00e0 ses liens privil\u00e9gi\u00e9s avec le monde insulaire, a probablement jou\u00e9 un r\u00f4le de passeur de traditions litt\u00e9raires et mythologiques issues de Grande-Bretagne puis diffus\u00e9es \u00e0 l\u2019ensemble de l\u2019Europe.<\/p>\n            <\/div>\n        <\/a>\n            \n        <a href=\"https:\/\/www.bcd.bzh\/becedia\/bretagne-celtique\/la-construction-recit-lengouement-celtomane\/\" class=\"card-v6\">\n            <figure class=\"card-v6__img\">\n                        <img decoding=\"async\" src=\"https:\/\/www.bcd.bzh\/becedia\/bretagne-celtique\/wp-content\/uploads\/2022\/04\/dt-la-villemarque-et-le-barzaz-breiz-500x320.jpg\" alt=\"\" \/>\n                        <\/figure>\n            <div class=\"card-v6__content\">\n                <h3>La construction d\u2019un r\u00e9cit : L\u2019engouement celtomane<\/h3>\n                <p>\u00c0 partir du 18e si\u00e8cle, une forme de \u00ab\u00a0passion\u00a0\u00bb celtique s\u2019empare des \u00e9rudits. Au 19e si\u00e8cle, la red\u00e9couverte passionn\u00e9e des Celtes s\u2019inscrit dans la r\u00e9volution id\u00e9ologique et culturelle qui aboutit \u00e0 la formation des nations europ\u00e9ennes contemporaines. En Bretagne, la publication du Barzaz Breizh par La Villemarqu\u00e9 en 1839,  renforce encore l\u2019ancrage de la Bretagne dans la qu\u00eate des origines celtiques. <\/p>\n            <\/div>\n        <\/a>\n            \n        <a href=\"https:\/\/www.bcd.bzh\/becedia\/bretagne-celtique\/la-construction-recit-regionalisme-nationalisme-interceltisme\/\" class=\"card-v6\">\n            <figure class=\"card-v6__img\">\n                        <img decoding=\"async\" src=\"https:\/\/www.bcd.bzh\/becedia\/bretagne-celtique\/wp-content\/uploads\/2022\/04\/dt-le-neo-druidisme-500x320.jpg\" alt=\"\" \/>\n                        <\/figure>\n            <div class=\"card-v6__content\">\n                <h3>La construction d\u2019un r\u00e9cit : R\u00e9gionalisme, nationalisme, interceltisme<\/h3>\n                <p>L\u2019interceltisme reprend de la vigueur \u00e0 la fin du 19e si\u00e8cle. Dans les ann\u00e9es 1920, les premi\u00e8res f\u00eates celtiques sont organis\u00e9es en Bretagne. Puis dans l\u2019entre-deux guerres, des groupes nationalistes proches des th\u00e8ses nazies, s\u2019approprient ces id\u00e9es. Parall\u00e8lement, des groupes artistiques, comme le mouvement des Seiz Breur, s\u2019emparent de l\u2019imaginaire celtique comme source d\u2019inspiration cr\u00e9atrice.<\/p>\n            <\/div>\n        <\/a>\n            \n        <a href=\"https:\/\/www.bcd.bzh\/becedia\/bretagne-celtique\/celtattitude\/\" class=\"card-v6\">\n            <figure class=\"card-v6__img\">\n                        <img decoding=\"async\" src=\"https:\/\/www.bcd.bzh\/becedia\/bretagne-celtique\/wp-content\/uploads\/2022\/04\/photo_-_festival_de_cornouaille_2013_-_dan_ar_braz_en_concert_le_27_juillet_-_135-500x320.jpg\" alt=\"\" \/>\n                        <\/figure>\n            <div class=\"card-v6__content\">\n                <h3>Celt\u2019attitude<\/h3>\n                <p>Le revival artistique des Trente Glorieuses s\u2019accompagne d\u2019un int\u00e9r\u00eat renouvel\u00e9 pour l\u2019interceltisme. Des instruments venus d\u2019autres r\u00e9gions celtiques sont adapt\u00e9s en Bretagne : c\u2019est le cas de la c\u00e9l\u00e8bre cornemuse, utilis\u00e9e par les bagado\u00f9, ou de la harpe celtique, popularis\u00e9e par Alan Stivell dans les ann\u00e9es 1970. Ce \u00ab revival \u00bb \u00e0 la mode celtique est aliment\u00e9 par de grandes manifestations culturelles et populaire,  comme le c\u00e9l\u00e8bre festival interceltique de Lorient, o\u00f9 se produisent des artistes venus de tout le monde celtique.<\/p>\n            <\/div>\n        <\/a>\n            \n        <a href=\"https:\/\/www.bcd.bzh\/becedia\/bretagne-celtique\/les-cliches\/\" class=\"card-v6\">\n            <figure class=\"card-v6__img\">\n                        <img decoding=\"async\" src=\"https:\/\/www.bcd.bzh\/becedia\/bretagne-celtique\/wp-content\/uploads\/2022\/04\/CleanShot-2022-04-12-at-16.21.53-500x320.png\" alt=\"\" \/>\n                        <\/figure>\n            <div class=\"card-v6__content\">\n                <h3>Les clich\u00e9s<\/h3>\n                <p>Les Celtes sont-ils des Gaulois, des guerriers blonds et valeureux ou un peuple aux origines encore peu connues ? Merlin L\u2019enchanteur \u00e9tait-il celte ? D\u2019o\u00f9 vient le Triskell ? Parler des Celtes, c\u2019est aussi faire appel \u00e0 de nombreux clich\u00e9s\u2026<\/p>\n            <\/div>\n        <\/a>\n    <\/div>\n\n\n\n        <div class=\"alignwide nextprev\">\n\n    \n\n\n    \n\n        \n                \n            <a class=\"bcd-lien nextprev__link nextprev__link--next\" href=\"https:\/\/www.bcd.bzh\/becedia\/bretagne-celtique\/aux-origines-antiquite\/\">Aux origines : l\u2019\u00c2ge du Fer<span class=\"arrow\"> \n                            <svg class=\"icon\" viewBox=\"0 0 20 14\" fill=\"none\"><path d=\"M13 0L11.59 1.41L16.17 6H0V8H16.17L11.58 12.59L13 14L20 7L13 0Z\" fill=\"white\"><\/path><\/svg>\n                        <\/span><\/a>\n        \n            <\/div>\n\n    ","protected":false},"excerpt":{"rendered":"<p>Celtique&nbsp;? Une Histoire, des repr\u00e9sentations \u00ab\u00a0Cercles celtiques, Festival interceltique de Lorient, dipl\u00f4me d&rsquo;\u00e9tudes celtiques&#8230; Aujourd\u2019hui, le mot \u00ab&nbsp;Bretagne&nbsp;\u00bb se conjugue bien souvent avec le terme \u00ab&nbsp;celtique&nbsp;\u00bb. Cette appellation, per\u00e7ue et utilis\u00e9e comme une \u00e9vidence, rev\u00eat pourtant des acceptions tr\u00e8s diff\u00e9rentes. Car, de quoi parle-t-on lorsque l\u2019on parle des Celtes&nbsp;? Et pourquoi la Bretagne se revendique-t-elle&hellip; <a class=\"more-link\" href=\"https:\/\/www.bcd.bzh\/becedia\/bretagne-celtique\/\">Poursuivre la lecture <span class=\"screen-reader-text\">Accueil<\/span><\/a><\/p>\n","protected":false},"author":1,"featured_media":708,"parent":0,"menu_order":0,"comment_status":"closed","ping_status":"closed","template":"","meta":{"_acf_changed":false,"footnotes":""},"class_list":["post-23","page","type-page","status-publish","has-post-thumbnail","hentry","entry"],"acf":[],"yoast_head":"<!-- This site is optimized with the Yoast SEO plugin v24.2 - https:\/\/yoast.com\/wordpress\/plugins\/seo\/ -->\n<title>Accueil - La Bretagne, terre celtique ?<\/title>\n<meta name=\"robots\" content=\"index, follow, max-snippet:-1, max-image-preview:large, max-video-preview:-1\" \/>\n<link rel=\"canonical\" href=\"https:\/\/www.bcd.bzh\/becedia\/bretagne-celtique\/\" \/>\n<meta property=\"og:locale\" content=\"fr_FR\" \/>\n<meta property=\"og:type\" content=\"article\" \/>\n<meta property=\"og:title\" content=\"Accueil - La Bretagne, terre celtique ?\" \/>\n<meta property=\"og:description\" content=\"Celtique&nbsp;? Une Histoire, des repr\u00e9sentations \u00ab\u00a0Cercles celtiques, Festival interceltique de Lorient, dipl\u00f4me d&rsquo;\u00e9tudes celtiques&#8230; Aujourd\u2019hui, le mot \u00ab&nbsp;Bretagne&nbsp;\u00bb se conjugue bien souvent avec le terme \u00ab&nbsp;celtique&nbsp;\u00bb. Cette appellation, per\u00e7ue et utilis\u00e9e comme une \u00e9vidence, rev\u00eat pourtant des acceptions tr\u00e8s diff\u00e9rentes. Car, de quoi parle-t-on lorsque l\u2019on parle des Celtes&nbsp;? Et pourquoi la Bretagne se revendique-t-elle&hellip; Poursuivre la lecture Accueil\" \/>\n<meta property=\"og:url\" content=\"https:\/\/www.bcd.bzh\/becedia\/bretagne-celtique\/\" \/>\n<meta property=\"og:site_name\" content=\"La Bretagne, terre celtique ?\" \/>\n<meta property=\"article:publisher\" content=\"https:\/\/www.facebook.com\/bretagne.culturediversite\" \/>\n<meta property=\"article:modified_time\" content=\"2022-08-19T07:05:57+00:00\" \/>\n<meta property=\"og:image\" content=\"https:\/\/www.bcd.bzh\/becedia\/bretagne-celtique\/wp-content\/uploads\/2022\/06\/bretagne_celtique.jpg\" \/>\n\t<meta property=\"og:image:width\" content=\"970\" \/>\n\t<meta property=\"og:image:height\" content=\"562\" \/>\n\t<meta property=\"og:image:type\" content=\"image\/jpeg\" \/>\n<meta name=\"twitter:card\" content=\"summary_large_image\" \/>\n<meta name=\"twitter:site\" content=\"@BCDsevenaduriou\" \/>\n<meta name=\"twitter:label1\" content=\"Dur\u00e9e de lecture estim\u00e9e\" \/>\n\t<meta name=\"twitter:data1\" content=\"1 minute\" \/>\n<script type=\"application\/ld+json\" class=\"yoast-schema-graph\">{\"@context\":\"https:\/\/schema.org\",\"@graph\":[{\"@type\":\"WebPage\",\"@id\":\"https:\/\/www.bcd.bzh\/becedia\/bretagne-celtique\/\",\"url\":\"https:\/\/www.bcd.bzh\/becedia\/bretagne-celtique\/\",\"name\":\"Accueil - La Bretagne, terre celtique ?\",\"isPartOf\":{\"@id\":\"https:\/\/www.bcd.bzh\/becedia\/bretagne-celtique\/#website\"},\"primaryImageOfPage\":{\"@id\":\"https:\/\/www.bcd.bzh\/becedia\/bretagne-celtique\/#primaryimage\"},\"image\":{\"@id\":\"https:\/\/www.bcd.bzh\/becedia\/bretagne-celtique\/#primaryimage\"},\"thumbnailUrl\":\"https:\/\/www.bcd.bzh\/becedia\/bretagne-celtique\/wp-content\/uploads\/2022\/06\/bretagne_celtique.jpg\",\"datePublished\":\"2022-04-12T13:21:10+00:00\",\"dateModified\":\"2022-08-19T07:05:57+00:00\",\"breadcrumb\":{\"@id\":\"https:\/\/www.bcd.bzh\/becedia\/bretagne-celtique\/#breadcrumb\"},\"inLanguage\":\"fr-FR\",\"potentialAction\":[{\"@type\":\"ReadAction\",\"target\":[\"https:\/\/www.bcd.bzh\/becedia\/bretagne-celtique\/\"]}]},{\"@type\":\"ImageObject\",\"inLanguage\":\"fr-FR\",\"@id\":\"https:\/\/www.bcd.bzh\/becedia\/bretagne-celtique\/#primaryimage\",\"url\":\"https:\/\/www.bcd.bzh\/becedia\/bretagne-celtique\/wp-content\/uploads\/2022\/06\/bretagne_celtique.jpg\",\"contentUrl\":\"https:\/\/www.bcd.bzh\/becedia\/bretagne-celtique\/wp-content\/uploads\/2022\/06\/bretagne_celtique.jpg\",\"width\":970,\"height\":562},{\"@type\":\"BreadcrumbList\",\"@id\":\"https:\/\/www.bcd.bzh\/becedia\/bretagne-celtique\/#breadcrumb\",\"itemListElement\":[{\"@type\":\"ListItem\",\"position\":1,\"name\":\"Accueil\",\"item\":\"https:\/\/www.bcd.bzh\/becedia\/bretagne-celtique\/\"},{\"@type\":\"ListItem\",\"position\":2,\"name\":\"Accueil\"}]},{\"@type\":\"WebSite\",\"@id\":\"https:\/\/www.bcd.bzh\/becedia\/bretagne-celtique\/#website\",\"url\":\"https:\/\/www.bcd.bzh\/becedia\/bretagne-celtique\/\",\"name\":\"La Bretagne, terre celtique ?\",\"description\":\"Bretagne Culture Diversit\u00e9\",\"publisher\":{\"@id\":\"https:\/\/www.bcd.bzh\/becedia\/bretagne-celtique\/#organization\"},\"potentialAction\":[{\"@type\":\"SearchAction\",\"target\":{\"@type\":\"EntryPoint\",\"urlTemplate\":\"https:\/\/www.bcd.bzh\/becedia\/bretagne-celtique\/?s={search_term_string}\"},\"query-input\":{\"@type\":\"PropertyValueSpecification\",\"valueRequired\":true,\"valueName\":\"search_term_string\"}}],\"inLanguage\":\"fr-FR\"},{\"@type\":\"Organization\",\"@id\":\"https:\/\/www.bcd.bzh\/becedia\/bretagne-celtique\/#organization\",\"name\":\"Bretagne Culture Diversit\u00e9\",\"url\":\"https:\/\/www.bcd.bzh\/becedia\/bretagne-celtique\/\",\"logo\":{\"@type\":\"ImageObject\",\"inLanguage\":\"fr-FR\",\"@id\":\"https:\/\/www.bcd.bzh\/becedia\/bretagne-celtique\/#\/schema\/logo\/image\/\",\"url\":\"https:\/\/www.bcd.bzh\/becedia\/bretagne-celtique\/wp-content\/uploads\/2022\/06\/Logo_Bretagne_Culture_Diversite.png\",\"contentUrl\":\"https:\/\/www.bcd.bzh\/becedia\/bretagne-celtique\/wp-content\/uploads\/2022\/06\/Logo_Bretagne_Culture_Diversite.png\",\"width\":400,\"height\":360,\"caption\":\"Bretagne Culture Diversit\u00e9\"},\"image\":{\"@id\":\"https:\/\/www.bcd.bzh\/becedia\/bretagne-celtique\/#\/schema\/logo\/image\/\"},\"sameAs\":[\"https:\/\/www.facebook.com\/bretagne.culturediversite\",\"https:\/\/x.com\/BCDsevenaduriou\"]}]}<\/script>\n<!-- \/ Yoast SEO plugin. -->","yoast_head_json":{"title":"Accueil - La Bretagne, terre celtique ?","robots":{"index":"index","follow":"follow","max-snippet":"max-snippet:-1","max-image-preview":"max-image-preview:large","max-video-preview":"max-video-preview:-1"},"canonical":"https:\/\/www.bcd.bzh\/becedia\/bretagne-celtique\/","og_locale":"fr_FR","og_type":"article","og_title":"Accueil - La Bretagne, terre celtique ?","og_description":"Celtique&nbsp;? Une Histoire, des repr\u00e9sentations \u00ab\u00a0Cercles celtiques, Festival interceltique de Lorient, dipl\u00f4me d&rsquo;\u00e9tudes celtiques&#8230; Aujourd\u2019hui, le mot \u00ab&nbsp;Bretagne&nbsp;\u00bb se conjugue bien souvent avec le terme \u00ab&nbsp;celtique&nbsp;\u00bb. Cette appellation, per\u00e7ue et utilis\u00e9e comme une \u00e9vidence, rev\u00eat pourtant des acceptions tr\u00e8s diff\u00e9rentes. Car, de quoi parle-t-on lorsque l\u2019on parle des Celtes&nbsp;? Et pourquoi la Bretagne se revendique-t-elle&hellip; Poursuivre la lecture Accueil","og_url":"https:\/\/www.bcd.bzh\/becedia\/bretagne-celtique\/","og_site_name":"La Bretagne, terre celtique ?","article_publisher":"https:\/\/www.facebook.com\/bretagne.culturediversite","article_modified_time":"2022-08-19T07:05:57+00:00","og_image":[{"width":970,"height":562,"url":"https:\/\/www.bcd.bzh\/becedia\/bretagne-celtique\/wp-content\/uploads\/2022\/06\/bretagne_celtique.jpg","type":"image\/jpeg"}],"twitter_card":"summary_large_image","twitter_site":"@BCDsevenaduriou","twitter_misc":{"Dur\u00e9e de lecture estim\u00e9e":"1 minute"},"schema":{"@context":"https:\/\/schema.org","@graph":[{"@type":"WebPage","@id":"https:\/\/www.bcd.bzh\/becedia\/bretagne-celtique\/","url":"https:\/\/www.bcd.bzh\/becedia\/bretagne-celtique\/","name":"Accueil - La Bretagne, terre celtique ?","isPartOf":{"@id":"https:\/\/www.bcd.bzh\/becedia\/bretagne-celtique\/#website"},"primaryImageOfPage":{"@id":"https:\/\/www.bcd.bzh\/becedia\/bretagne-celtique\/#primaryimage"},"image":{"@id":"https:\/\/www.bcd.bzh\/becedia\/bretagne-celtique\/#primaryimage"},"thumbnailUrl":"https:\/\/www.bcd.bzh\/becedia\/bretagne-celtique\/wp-content\/uploads\/2022\/06\/bretagne_celtique.jpg","datePublished":"2022-04-12T13:21:10+00:00","dateModified":"2022-08-19T07:05:57+00:00","breadcrumb":{"@id":"https:\/\/www.bcd.bzh\/becedia\/bretagne-celtique\/#breadcrumb"},"inLanguage":"fr-FR","potentialAction":[{"@type":"ReadAction","target":["https:\/\/www.bcd.bzh\/becedia\/bretagne-celtique\/"]}]},{"@type":"ImageObject","inLanguage":"fr-FR","@id":"https:\/\/www.bcd.bzh\/becedia\/bretagne-celtique\/#primaryimage","url":"https:\/\/www.bcd.bzh\/becedia\/bretagne-celtique\/wp-content\/uploads\/2022\/06\/bretagne_celtique.jpg","contentUrl":"https:\/\/www.bcd.bzh\/becedia\/bretagne-celtique\/wp-content\/uploads\/2022\/06\/bretagne_celtique.jpg","width":970,"height":562},{"@type":"BreadcrumbList","@id":"https:\/\/www.bcd.bzh\/becedia\/bretagne-celtique\/#breadcrumb","itemListElement":[{"@type":"ListItem","position":1,"name":"Accueil","item":"https:\/\/www.bcd.bzh\/becedia\/bretagne-celtique\/"},{"@type":"ListItem","position":2,"name":"Accueil"}]},{"@type":"WebSite","@id":"https:\/\/www.bcd.bzh\/becedia\/bretagne-celtique\/#website","url":"https:\/\/www.bcd.bzh\/becedia\/bretagne-celtique\/","name":"La Bretagne, terre celtique ?","description":"Bretagne Culture Diversit\u00e9","publisher":{"@id":"https:\/\/www.bcd.bzh\/becedia\/bretagne-celtique\/#organization"},"potentialAction":[{"@type":"SearchAction","target":{"@type":"EntryPoint","urlTemplate":"https:\/\/www.bcd.bzh\/becedia\/bretagne-celtique\/?s={search_term_string}"},"query-input":{"@type":"PropertyValueSpecification","valueRequired":true,"valueName":"search_term_string"}}],"inLanguage":"fr-FR"},{"@type":"Organization","@id":"https:\/\/www.bcd.bzh\/becedia\/bretagne-celtique\/#organization","name":"Bretagne Culture Diversit\u00e9","url":"https:\/\/www.bcd.bzh\/becedia\/bretagne-celtique\/","logo":{"@type":"ImageObject","inLanguage":"fr-FR","@id":"https:\/\/www.bcd.bzh\/becedia\/bretagne-celtique\/#\/schema\/logo\/image\/","url":"https:\/\/www.bcd.bzh\/becedia\/bretagne-celtique\/wp-content\/uploads\/2022\/06\/Logo_Bretagne_Culture_Diversite.png","contentUrl":"https:\/\/www.bcd.bzh\/becedia\/bretagne-celtique\/wp-content\/uploads\/2022\/06\/Logo_Bretagne_Culture_Diversite.png","width":400,"height":360,"caption":"Bretagne Culture Diversit\u00e9"},"image":{"@id":"https:\/\/www.bcd.bzh\/becedia\/bretagne-celtique\/#\/schema\/logo\/image\/"},"sameAs":["https:\/\/www.facebook.com\/bretagne.culturediversite","https:\/\/x.com\/BCDsevenaduriou"]}]}},"_links":{"self":[{"href":"https:\/\/www.bcd.bzh\/becedia\/bretagne-celtique\/wp-json\/wp\/v2\/pages\/23","targetHints":{"allow":["GET"]}}],"collection":[{"href":"https:\/\/www.bcd.bzh\/becedia\/bretagne-celtique\/wp-json\/wp\/v2\/pages"}],"about":[{"href":"https:\/\/www.bcd.bzh\/becedia\/bretagne-celtique\/wp-json\/wp\/v2\/types\/page"}],"author":[{"embeddable":true,"href":"https:\/\/www.bcd.bzh\/becedia\/bretagne-celtique\/wp-json\/wp\/v2\/users\/1"}],"replies":[{"embeddable":true,"href":"https:\/\/www.bcd.bzh\/becedia\/bretagne-celtique\/wp-json\/wp\/v2\/comments?post=23"}],"version-history":[{"count":59,"href":"https:\/\/www.bcd.bzh\/becedia\/bretagne-celtique\/wp-json\/wp\/v2\/pages\/23\/revisions"}],"predecessor-version":[{"id":720,"href":"https:\/\/www.bcd.bzh\/becedia\/bretagne-celtique\/wp-json\/wp\/v2\/pages\/23\/revisions\/720"}],"wp:featuredmedia":[{"embeddable":true,"href":"https:\/\/www.bcd.bzh\/becedia\/bretagne-celtique\/wp-json\/wp\/v2\/media\/708"}],"wp:attachment":[{"href":"https:\/\/www.bcd.bzh\/becedia\/bretagne-celtique\/wp-json\/wp\/v2\/media?parent=23"}],"curies":[{"name":"wp","href":"https:\/\/api.w.org\/{rel}","templated":true}]}}