{"id":289,"date":"2022-04-14T15:25:54","date_gmt":"2022-04-14T13:25:54","guid":{"rendered":"https:\/\/www.bcd.bzh\/becedia\/bretagne-celtique\/?page_id=289"},"modified":"2022-05-05T08:44:46","modified_gmt":"2022-05-05T06:44:46","slug":"mentions-legales","status":"publish","type":"page","link":"https:\/\/www.bcd.bzh\/becedia\/bretagne-celtique\/mentions-legales\/","title":{"rendered":"Mentions l\u00e9gales"},"content":{"rendered":"\n<h2 class=\"wp-block-heading\" id=\"responsable-de-la-publication\">Responsable de la publication<\/h2>\n\n\n\n<p>Bretagne Culture Diversit\u00e9 \/ Sevenadurio\u00f9<br>L\u2019Orientis<br>Immeuble Astr\u00e9e<br>3, boulevard Cosmao Dumanoir<br>56100 LORIENT<br>02 97 35 48 77<br><a href=\"javascript:;\">contact@bcd.bzh<\/a><br>Raison : Association loi 1901<br>Siret : 788 475 176 000 20<br>APE : 9499Z<\/p>\n\n\n\n<p>Directeur de la publication : Philippe Ramel<br>R\u00e9dacteur en chef : Tudi Kernalegen<br>Responsable technique : Mika\u00ebl Le Bihannic<\/p>\n\n\n\n<h2 class=\"wp-block-heading\" id=\"realisation\">R\u00e9alisation<\/h2>\n\n\n\n<p>Agence Quinze Mille<br>6 rue des Trente<br>35000 Rennes<br><a href=\"javascript:;\">contact@quinze-mille.com<\/a><br><a href=\"http:\/\/www.quinze-mille.com\/\" target=\"_blank\" rel=\"noreferrer noopener\">www.quinze-mille.com<\/a><\/p>\n\n\n\n<p>H\u00e9bergement : OVH<br>SAS au capital de 10 000 000 \u20ac&nbsp;RCS Roubaix \u00e0 Tourcoing 424 761 419 00045<br>Code APE 6202A \u2013 N\u00b0 TVA : FR 22 424 761 419<br>Si\u00e8ge social : 2 rue Kellermann 59100 Roubaix \u2013 France.<\/p>\n\n\n\n<h2 class=\"wp-block-heading\" id=\"credits-photographiques\">Cr\u00e9dits photographiques<\/h2>\n\n\n\n<p>L\u2019ensemble des visuels affich\u00e9s sur le site est g\u00e9n\u00e9ralement cr\u00e9dit\u00e9 au bas de l\u2019image.<\/p>\n\n\n\n<p>La frise chronologique de la page d&rsquo;accueil a \u00e9t\u00e9 r\u00e9alis\u00e9e par Agn\u00e8s Stienne. <\/p>\n\n\n\n<p>Le cas \u00e9ch\u00e9ant, l\u2019image est \u00e0 cr\u00e9diter aupr\u00e8s de Bretagne Culture Diversit\u00e9 \/ Sevenadurio\u00f9.<\/p>\n","protected":false},"excerpt":{"rendered":"<p>Responsable de la publication Bretagne Culture Diversit\u00e9 \/ Sevenadurio\u00f9L\u2019OrientisImmeuble Astr\u00e9e3, boulevard Cosmao Dumanoir56100 LORIENT02 97 35 48 77contact@bcd.bzhRaison : Association loi 1901Siret : 788 475 176 000 20APE : 9499Z Directeur de la publication : Philippe RamelR\u00e9dacteur en chef : Tudi KernalegenResponsable technique : Mika\u00ebl Le Bihannic R\u00e9alisation Agence Quinze Mille6 rue des Trente35000 Rennescontact@quinze-mille.comwww.quinze-mille.com&hellip; <a class=\"more-link\" href=\"https:\/\/www.bcd.bzh\/becedia\/bretagne-celtique\/mentions-legales\/\">Poursuivre la lecture <span class=\"screen-reader-text\">Mentions l\u00e9gales<\/span><\/a><\/p>\n","protected":false},"author":2,"featured_media":0,"parent":0,"menu_order":0,"comment_status":"closed","ping_status":"closed","template":"","meta":{"_acf_changed":false,"footnotes":""},"class_list":["post-289","page","type-page","status-publish","hentry","entry"],"acf":[],"yoast_head":"<!-- This site is optimized with the Yoast SEO plugin v24.2 - https:\/\/yoast.com\/wordpress\/plugins\/seo\/ -->\n<title>Mentions l\u00e9gales - La Bretagne, terre celtique ?<\/title>\n<meta name=\"robots\" content=\"index, follow, max-snippet:-1, max-image-preview:large, max-video-preview:-1\" \/>\n<link rel=\"canonical\" href=\"https:\/\/www.bcd.bzh\/becedia\/bretagne-celtique\/mentions-legales\/\" \/>\n<meta property=\"og:locale\" content=\"fr_FR\" \/>\n<meta property=\"og:type\" content=\"article\" \/>\n<meta property=\"og:title\" content=\"Mentions l\u00e9gales - La Bretagne, terre celtique ?\" \/>\n<meta property=\"og:description\" content=\"Responsable de la publication Bretagne Culture Diversit\u00e9 \/ Sevenadurio\u00f9L\u2019OrientisImmeuble Astr\u00e9e3, boulevard Cosmao Dumanoir56100 LORIENT02 97 35 48 77contact@bcd.bzhRaison : Association loi 1901Siret : 788 475 176 000 20APE : 9499Z Directeur de la publication : Philippe RamelR\u00e9dacteur en chef : Tudi KernalegenResponsable technique : Mika\u00ebl Le Bihannic R\u00e9alisation Agence Quinze Mille6 rue des Trente35000 Rennescontact@quinze-mille.comwww.quinze-mille.com&hellip; Poursuivre la lecture Mentions l\u00e9gales\" \/>\n<meta property=\"og:url\" content=\"https:\/\/www.bcd.bzh\/becedia\/bretagne-celtique\/mentions-legales\/\" \/>\n<meta property=\"og:site_name\" content=\"La Bretagne, terre celtique ?\" \/>\n<meta property=\"article:publisher\" content=\"https:\/\/www.facebook.com\/bretagne.culturediversite\" \/>\n<meta property=\"article:modified_time\" content=\"2022-05-05T06:44:46+00:00\" \/>\n<meta name=\"twitter:card\" content=\"summary_large_image\" \/>\n<meta name=\"twitter:site\" content=\"@BCDsevenaduriou\" \/>\n<meta name=\"twitter:label1\" content=\"Dur\u00e9e de lecture estim\u00e9e\" \/>\n\t<meta name=\"twitter:data1\" content=\"1 minute\" \/>\n<script type=\"application\/ld+json\" class=\"yoast-schema-graph\">{\"@context\":\"https:\/\/schema.org\",\"@graph\":[{\"@type\":\"WebPage\",\"@id\":\"https:\/\/www.bcd.bzh\/becedia\/bretagne-celtique\/mentions-legales\/\",\"url\":\"https:\/\/www.bcd.bzh\/becedia\/bretagne-celtique\/mentions-legales\/\",\"name\":\"Mentions l\u00e9gales - La Bretagne, terre celtique ?\",\"isPartOf\":{\"@id\":\"https:\/\/www.bcd.bzh\/becedia\/bretagne-celtique\/#website\"},\"datePublished\":\"2022-04-14T13:25:54+00:00\",\"dateModified\":\"2022-05-05T06:44:46+00:00\",\"breadcrumb\":{\"@id\":\"https:\/\/www.bcd.bzh\/becedia\/bretagne-celtique\/mentions-legales\/#breadcrumb\"},\"inLanguage\":\"fr-FR\",\"potentialAction\":[{\"@type\":\"ReadAction\",\"target\":[\"https:\/\/www.bcd.bzh\/becedia\/bretagne-celtique\/mentions-legales\/\"]}]},{\"@type\":\"BreadcrumbList\",\"@id\":\"https:\/\/www.bcd.bzh\/becedia\/bretagne-celtique\/mentions-legales\/#breadcrumb\",\"itemListElement\":[{\"@type\":\"ListItem\",\"position\":1,\"name\":\"Accueil\",\"item\":\"https:\/\/www.bcd.bzh\/becedia\/bretagne-celtique\/\"},{\"@type\":\"ListItem\",\"position\":2,\"name\":\"Mentions l\u00e9gales\"}]},{\"@type\":\"WebSite\",\"@id\":\"https:\/\/www.bcd.bzh\/becedia\/bretagne-celtique\/#website\",\"url\":\"https:\/\/www.bcd.bzh\/becedia\/bretagne-celtique\/\",\"name\":\"La Bretagne, terre celtique ?\",\"description\":\"Bretagne Culture Diversit\u00e9\",\"publisher\":{\"@id\":\"https:\/\/www.bcd.bzh\/becedia\/bretagne-celtique\/#organization\"},\"potentialAction\":[{\"@type\":\"SearchAction\",\"target\":{\"@type\":\"EntryPoint\",\"urlTemplate\":\"https:\/\/www.bcd.bzh\/becedia\/bretagne-celtique\/?s={search_term_string}\"},\"query-input\":{\"@type\":\"PropertyValueSpecification\",\"valueRequired\":true,\"valueName\":\"search_term_string\"}}],\"inLanguage\":\"fr-FR\"},{\"@type\":\"Organization\",\"@id\":\"https:\/\/www.bcd.bzh\/becedia\/bretagne-celtique\/#organization\",\"name\":\"Bretagne Culture Diversit\u00e9\",\"url\":\"https:\/\/www.bcd.bzh\/becedia\/bretagne-celtique\/\",\"logo\":{\"@type\":\"ImageObject\",\"inLanguage\":\"fr-FR\",\"@id\":\"https:\/\/www.bcd.bzh\/becedia\/bretagne-celtique\/#\/schema\/logo\/image\/\",\"url\":\"https:\/\/www.bcd.bzh\/becedia\/bretagne-celtique\/wp-content\/uploads\/2022\/06\/Logo_Bretagne_Culture_Diversite.png\",\"contentUrl\":\"https:\/\/www.bcd.bzh\/becedia\/bretagne-celtique\/wp-content\/uploads\/2022\/06\/Logo_Bretagne_Culture_Diversite.png\",\"width\":400,\"height\":360,\"caption\":\"Bretagne Culture Diversit\u00e9\"},\"image\":{\"@id\":\"https:\/\/www.bcd.bzh\/becedia\/bretagne-celtique\/#\/schema\/logo\/image\/\"},\"sameAs\":[\"https:\/\/www.facebook.com\/bretagne.culturediversite\",\"https:\/\/x.com\/BCDsevenaduriou\"]}]}<\/script>\n<!-- \/ Yoast SEO plugin. -->","yoast_head_json":{"title":"Mentions l\u00e9gales - La Bretagne, terre celtique ?","robots":{"index":"index","follow":"follow","max-snippet":"max-snippet:-1","max-image-preview":"max-image-preview:large","max-video-preview":"max-video-preview:-1"},"canonical":"https:\/\/www.bcd.bzh\/becedia\/bretagne-celtique\/mentions-legales\/","og_locale":"fr_FR","og_type":"article","og_title":"Mentions l\u00e9gales - La Bretagne, terre celtique ?","og_description":"Responsable de la publication Bretagne Culture Diversit\u00e9 \/ Sevenadurio\u00f9L\u2019OrientisImmeuble Astr\u00e9e3, boulevard Cosmao Dumanoir56100 LORIENT02 97 35 48 77contact@bcd.bzhRaison : Association loi 1901Siret : 788 475 176 000 20APE : 9499Z Directeur de la publication : Philippe RamelR\u00e9dacteur en chef : Tudi KernalegenResponsable technique : Mika\u00ebl Le Bihannic R\u00e9alisation Agence Quinze Mille6 rue des Trente35000 Rennescontact@quinze-mille.comwww.quinze-mille.com&hellip; Poursuivre la lecture Mentions l\u00e9gales","og_url":"https:\/\/www.bcd.bzh\/becedia\/bretagne-celtique\/mentions-legales\/","og_site_name":"La Bretagne, terre celtique ?","article_publisher":"https:\/\/www.facebook.com\/bretagne.culturediversite","article_modified_time":"2022-05-05T06:44:46+00:00","twitter_card":"summary_large_image","twitter_site":"@BCDsevenaduriou","twitter_misc":{"Dur\u00e9e de lecture estim\u00e9e":"1 minute"},"schema":{"@context":"https:\/\/schema.org","@graph":[{"@type":"WebPage","@id":"https:\/\/www.bcd.bzh\/becedia\/bretagne-celtique\/mentions-legales\/","url":"https:\/\/www.bcd.bzh\/becedia\/bretagne-celtique\/mentions-legales\/","name":"Mentions l\u00e9gales - La Bretagne, terre celtique ?","isPartOf":{"@id":"https:\/\/www.bcd.bzh\/becedia\/bretagne-celtique\/#website"},"datePublished":"2022-04-14T13:25:54+00:00","dateModified":"2022-05-05T06:44:46+00:00","breadcrumb":{"@id":"https:\/\/www.bcd.bzh\/becedia\/bretagne-celtique\/mentions-legales\/#breadcrumb"},"inLanguage":"fr-FR","potentialAction":[{"@type":"ReadAction","target":["https:\/\/www.bcd.bzh\/becedia\/bretagne-celtique\/mentions-legales\/"]}]},{"@type":"BreadcrumbList","@id":"https:\/\/www.bcd.bzh\/becedia\/bretagne-celtique\/mentions-legales\/#breadcrumb","itemListElement":[{"@type":"ListItem","position":1,"name":"Accueil","item":"https:\/\/www.bcd.bzh\/becedia\/bretagne-celtique\/"},{"@type":"ListItem","position":2,"name":"Mentions l\u00e9gales"}]},{"@type":"WebSite","@id":"https:\/\/www.bcd.bzh\/becedia\/bretagne-celtique\/#website","url":"https:\/\/www.bcd.bzh\/becedia\/bretagne-celtique\/","name":"La Bretagne, terre celtique ?","description":"Bretagne Culture Diversit\u00e9","publisher":{"@id":"https:\/\/www.bcd.bzh\/becedia\/bretagne-celtique\/#organization"},"potentialAction":[{"@type":"SearchAction","target":{"@type":"EntryPoint","urlTemplate":"https:\/\/www.bcd.bzh\/becedia\/bretagne-celtique\/?s={search_term_string}"},"query-input":{"@type":"PropertyValueSpecification","valueRequired":true,"valueName":"search_term_string"}}],"inLanguage":"fr-FR"},{"@type":"Organization","@id":"https:\/\/www.bcd.bzh\/becedia\/bretagne-celtique\/#organization","name":"Bretagne Culture Diversit\u00e9","url":"https:\/\/www.bcd.bzh\/becedia\/bretagne-celtique\/","logo":{"@type":"ImageObject","inLanguage":"fr-FR","@id":"https:\/\/www.bcd.bzh\/becedia\/bretagne-celtique\/#\/schema\/logo\/image\/","url":"https:\/\/www.bcd.bzh\/becedia\/bretagne-celtique\/wp-content\/uploads\/2022\/06\/Logo_Bretagne_Culture_Diversite.png","contentUrl":"https:\/\/www.bcd.bzh\/becedia\/bretagne-celtique\/wp-content\/uploads\/2022\/06\/Logo_Bretagne_Culture_Diversite.png","width":400,"height":360,"caption":"Bretagne Culture Diversit\u00e9"},"image":{"@id":"https:\/\/www.bcd.bzh\/becedia\/bretagne-celtique\/#\/schema\/logo\/image\/"},"sameAs":["https:\/\/www.facebook.com\/bretagne.culturediversite","https:\/\/x.com\/BCDsevenaduriou"]}]}},"_links":{"self":[{"href":"https:\/\/www.bcd.bzh\/becedia\/bretagne-celtique\/wp-json\/wp\/v2\/pages\/289","targetHints":{"allow":["GET"]}}],"collection":[{"href":"https:\/\/www.bcd.bzh\/becedia\/bretagne-celtique\/wp-json\/wp\/v2\/pages"}],"about":[{"href":"https:\/\/www.bcd.bzh\/becedia\/bretagne-celtique\/wp-json\/wp\/v2\/types\/page"}],"author":[{"embeddable":true,"href":"https:\/\/www.bcd.bzh\/becedia\/bretagne-celtique\/wp-json\/wp\/v2\/users\/2"}],"replies":[{"embeddable":true,"href":"https:\/\/www.bcd.bzh\/becedia\/bretagne-celtique\/wp-json\/wp\/v2\/comments?post=289"}],"version-history":[{"count":2,"href":"https:\/\/www.bcd.bzh\/becedia\/bretagne-celtique\/wp-json\/wp\/v2\/pages\/289\/revisions"}],"predecessor-version":[{"id":686,"href":"https:\/\/www.bcd.bzh\/becedia\/bretagne-celtique\/wp-json\/wp\/v2\/pages\/289\/revisions\/686"}],"wp:attachment":[{"href":"https:\/\/www.bcd.bzh\/becedia\/bretagne-celtique\/wp-json\/wp\/v2\/media?parent=289"}],"curies":[{"name":"wp","href":"https:\/\/api.w.org\/{rel}","templated":true}]}}