{"id":341,"date":"2022-04-15T11:10:58","date_gmt":"2022-04-15T09:10:58","guid":{"rendered":"https:\/\/www.bcd.bzh\/becedia\/bretagne-celtique\/?page_id=341"},"modified":"2022-06-10T09:42:56","modified_gmt":"2022-06-10T07:42:56","slug":"la-construction-dun-recit-les-premiers-recits-du-moyen-age","status":"publish","type":"page","link":"https:\/\/www.bcd.bzh\/becedia\/bretagne-celtique\/la-construction-dun-recit-les-premiers-recits-du-moyen-age\/","title":{"rendered":"La construction d\u2019un r\u00e9cit : les premiers r\u00e9cits du Moyen \u00c2ge"},"content":{"rendered":"\n<p><strong>\u00c0 partir du Moyen \u00c2ge, des r\u00e9cits politiques ou imaginaires tendent \u00e0 associer la Bretagne \u00e0 des r\u00e9f\u00e9rences celtiques. <\/strong>Des r\u00e9cits h\u00e9ro\u00efques sont transmis d\u00e8s le IX<sup>e<\/sup> si\u00e8cle&nbsp;; puis \u00e0 partir du XII<sup>e<\/sup> si\u00e8cle, les auteurs placent notamment l\u2019essentiel de l\u2019histoire du roi Arthur sur l\u2019\u00eele de Bretagne. <strong>La Bretagne continentale<\/strong>, gr\u00e2ce \u00e0 ses liens privil\u00e9gi\u00e9s avec le monde insulaire, <strong>a probablement jou\u00e9 un r\u00f4le de passeur de traditions litt\u00e9raires et mythologiques<\/strong> issues de Grande-Bretagne puis diffus\u00e9es \u00e0 l\u2019ensemble de l\u2019Europe.<\/p>\n\n\n\n<h4 class=\"wp-block-heading\"><strong>Pour aller plus loin<\/strong><\/h4>\n\n\n\n<p><strong>\u00c0 \u00e9couter<\/strong>, Christine Ferlampin-Acher professeure en langue et litt\u00e9rature fran\u00e7aises du Moyen \u00c2ge. La directrice du centre d&rsquo;\u00e9tudes des langues et litt\u00e9ratures anciennes \u00e0 l&rsquo;universit\u00e9 Rennes 2 revient sur la mati\u00e8re arthurienne tardive en Europe. Elle d\u00e9crit un double mouvement : celui d&rsquo;un \u00e9puisement des histoires mettant en sc\u00e8ne, ou s&rsquo;inspirant de ces l\u00e9gendes en France, et un \u00e9largissement, dans le m\u00eame temps, en Europe, de ce mat\u00e9riau qui a inspir\u00e9 de plus en plus de pays et de cultures.<\/p>\n\n\n<ul class=\"wp-block-latest-posts__list aligncenter wp-block-latest-posts\"><li><div class=\"wp-block-latest-posts__featured-image\"><img loading=\"lazy\" decoding=\"async\" width=\"300\" height=\"180\" src=\"https:\/\/www.bcd.bzh\/becedia\/bretagne-celtique\/wp-content\/uploads\/2022\/04\/BAT-logo-abecedaire-A-e1649942471690-300x180.jpg\" class=\"attachment-medium size-medium wp-post-image\" alt=\"\" style=\"width:100%;height:60%;max-width:800px;\" srcset=\"https:\/\/www.bcd.bzh\/becedia\/bretagne-celtique\/wp-content\/uploads\/2022\/04\/BAT-logo-abecedaire-A-e1649942471690-300x180.jpg 300w, https:\/\/www.bcd.bzh\/becedia\/bretagne-celtique\/wp-content\/uploads\/2022\/04\/BAT-logo-abecedaire-A-e1649942471690-768x461.jpg 768w, https:\/\/www.bcd.bzh\/becedia\/bretagne-celtique\/wp-content\/uploads\/2022\/04\/BAT-logo-abecedaire-A-e1649942471690.jpg 800w\" sizes=\"auto, (max-width: 300px) 100vw, 300px\" \/><\/div><a class=\"wp-block-latest-posts__post-title\" href=\"https:\/\/www.bcd.bzh\/becedia\/bretagne-celtique\/2022\/04\/14\/podcast-a-comme-arthur-avec-christine-ferlampin-acher\/\">Podcast &#8211; A comme Arthur avec Christine Ferlampin-Acher<\/a><\/li>\n<\/ul>\n\n\n        <div class=\"alignwide nextprev\">\n\n    \n\n\n    \n\n                \n            <a class=\"bcd-lien nextprev__link nextprev__link--prev \" href=\"https:\/\/www.bcd.bzh\/becedia\/bretagne-celtique\/aux-origines-haut-moyen-age\/\">\n            <span class=\"arrow\">\n                <svg class=\"icon\" viewBox=\"0 0 20 14\" fill=\"none\" ><path d=\"M7 14L8.41 12.59L3.83 8L20 8L20 6L3.83 6L8.42 1.41L7 -1.1365e-06L6.11959e-07 7L7 14Z\" fill=\"white\"\/><\/svg>    \n            <\/span>\n            <span class=\"link-title\">Aux origines : Haut moyen \u00c2ge<\/span>\n            \n        <\/a>\n        \n        \n                \n            <a class=\"bcd-lien nextprev__link nextprev__link--next\" href=\"https:\/\/www.bcd.bzh\/becedia\/bretagne-celtique\/la-construction-recit-lengouement-celtomane\/\">La construction d\u2019un r\u00e9cit : la naissance d\u2019une \u00ab&nbsp;passion&nbsp;\u00bb celtique<span class=\"arrow\"> \n                            <svg class=\"icon\" viewBox=\"0 0 20 14\" fill=\"none\"><path d=\"M13 0L11.59 1.41L16.17 6H0V8H16.17L11.58 12.59L13 14L20 7L13 0Z\" fill=\"white\"><\/path><\/svg>\n                        <\/span><\/a>\n        \n            <\/div>\n\n    ","protected":false},"excerpt":{"rendered":"<p>\u00c0 partir du Moyen \u00c2ge, des r\u00e9cits politiques ou imaginaires tendent \u00e0 associer la Bretagne \u00e0 des r\u00e9f\u00e9rences celtiques. Des r\u00e9cits h\u00e9ro\u00efques sont transmis d\u00e8s le IXe si\u00e8cle&nbsp;; puis \u00e0 partir du XIIe si\u00e8cle, les auteurs placent notamment l\u2019essentiel de l\u2019histoire du roi Arthur sur l\u2019\u00eele de Bretagne. La Bretagne continentale, gr\u00e2ce \u00e0 ses liens&hellip; <a class=\"more-link\" href=\"https:\/\/www.bcd.bzh\/becedia\/bretagne-celtique\/la-construction-dun-recit-les-premiers-recits-du-moyen-age\/\">Poursuivre la lecture <span class=\"screen-reader-text\">La construction d\u2019un r\u00e9cit : les premiers r\u00e9cits du Moyen \u00c2ge<\/span><\/a><\/p>\n","protected":false},"author":2,"featured_media":474,"parent":0,"menu_order":0,"comment_status":"closed","ping_status":"closed","template":"tpl_page-contenu.php","meta":{"_acf_changed":false,"footnotes":""},"class_list":["post-341","page","type-page","status-publish","has-post-thumbnail","hentry","entry"],"acf":[],"yoast_head":"<!-- This site is optimized with the Yoast SEO plugin v24.2 - https:\/\/yoast.com\/wordpress\/plugins\/seo\/ -->\n<title>La construction d\u2019un r\u00e9cit : les premiers r\u00e9cits du Moyen \u00c2ge - La Bretagne, terre celtique ?<\/title>\n<meta name=\"robots\" content=\"index, follow, max-snippet:-1, max-image-preview:large, max-video-preview:-1\" \/>\n<link rel=\"canonical\" href=\"https:\/\/www.bcd.bzh\/becedia\/bretagne-celtique\/la-construction-dun-recit-les-premiers-recits-du-moyen-age\/\" \/>\n<meta property=\"og:locale\" content=\"fr_FR\" \/>\n<meta property=\"og:type\" content=\"article\" \/>\n<meta property=\"og:title\" content=\"La construction d\u2019un r\u00e9cit : les premiers r\u00e9cits du Moyen \u00c2ge - La Bretagne, terre celtique ?\" \/>\n<meta property=\"og:description\" content=\"\u00c0 partir du Moyen \u00c2ge, des r\u00e9cits politiques ou imaginaires tendent \u00e0 associer la Bretagne \u00e0 des r\u00e9f\u00e9rences celtiques. Des r\u00e9cits h\u00e9ro\u00efques sont transmis d\u00e8s le IXe si\u00e8cle&nbsp;; puis \u00e0 partir du XIIe si\u00e8cle, les auteurs placent notamment l\u2019essentiel de l\u2019histoire du roi Arthur sur l\u2019\u00eele de Bretagne. La Bretagne continentale, gr\u00e2ce \u00e0 ses liens&hellip; Poursuivre la lecture La construction d\u2019un r\u00e9cit : les premiers r\u00e9cits du Moyen \u00c2ge\" \/>\n<meta property=\"og:url\" content=\"https:\/\/www.bcd.bzh\/becedia\/bretagne-celtique\/la-construction-dun-recit-les-premiers-recits-du-moyen-age\/\" \/>\n<meta property=\"og:site_name\" content=\"La Bretagne, terre celtique ?\" \/>\n<meta property=\"article:publisher\" content=\"https:\/\/www.facebook.com\/bretagne.culturediversite\" \/>\n<meta property=\"article:modified_time\" content=\"2022-06-10T07:42:56+00:00\" \/>\n<meta property=\"og:image\" content=\"https:\/\/www.bcd.bzh\/becedia\/bretagne-celtique\/wp-content\/uploads\/2022\/04\/roi_arthur_extrait-e1650036005987.jpeg\" \/>\n\t<meta property=\"og:image:width\" content=\"1000\" \/>\n\t<meta property=\"og:image:height\" content=\"500\" \/>\n\t<meta property=\"og:image:type\" content=\"image\/jpeg\" \/>\n<meta name=\"twitter:card\" content=\"summary_large_image\" \/>\n<meta name=\"twitter:site\" content=\"@BCDsevenaduriou\" \/>\n<meta name=\"twitter:label1\" content=\"Dur\u00e9e de lecture estim\u00e9e\" \/>\n\t<meta name=\"twitter:data1\" content=\"1 minute\" \/>\n<script type=\"application\/ld+json\" class=\"yoast-schema-graph\">{\"@context\":\"https:\/\/schema.org\",\"@graph\":[{\"@type\":\"WebPage\",\"@id\":\"https:\/\/www.bcd.bzh\/becedia\/bretagne-celtique\/la-construction-dun-recit-les-premiers-recits-du-moyen-age\/\",\"url\":\"https:\/\/www.bcd.bzh\/becedia\/bretagne-celtique\/la-construction-dun-recit-les-premiers-recits-du-moyen-age\/\",\"name\":\"La construction d\u2019un r\u00e9cit : les premiers r\u00e9cits du Moyen \u00c2ge - La Bretagne, terre celtique ?\",\"isPartOf\":{\"@id\":\"https:\/\/www.bcd.bzh\/becedia\/bretagne-celtique\/#website\"},\"primaryImageOfPage\":{\"@id\":\"https:\/\/www.bcd.bzh\/becedia\/bretagne-celtique\/la-construction-dun-recit-les-premiers-recits-du-moyen-age\/#primaryimage\"},\"image\":{\"@id\":\"https:\/\/www.bcd.bzh\/becedia\/bretagne-celtique\/la-construction-dun-recit-les-premiers-recits-du-moyen-age\/#primaryimage\"},\"thumbnailUrl\":\"https:\/\/www.bcd.bzh\/becedia\/bretagne-celtique\/wp-content\/uploads\/2022\/04\/roi_arthur_extrait-e1650036005987.jpeg\",\"datePublished\":\"2022-04-15T09:10:58+00:00\",\"dateModified\":\"2022-06-10T07:42:56+00:00\",\"breadcrumb\":{\"@id\":\"https:\/\/www.bcd.bzh\/becedia\/bretagne-celtique\/la-construction-dun-recit-les-premiers-recits-du-moyen-age\/#breadcrumb\"},\"inLanguage\":\"fr-FR\",\"potentialAction\":[{\"@type\":\"ReadAction\",\"target\":[\"https:\/\/www.bcd.bzh\/becedia\/bretagne-celtique\/la-construction-dun-recit-les-premiers-recits-du-moyen-age\/\"]}]},{\"@type\":\"ImageObject\",\"inLanguage\":\"fr-FR\",\"@id\":\"https:\/\/www.bcd.bzh\/becedia\/bretagne-celtique\/la-construction-dun-recit-les-premiers-recits-du-moyen-age\/#primaryimage\",\"url\":\"https:\/\/www.bcd.bzh\/becedia\/bretagne-celtique\/wp-content\/uploads\/2022\/04\/roi_arthur_extrait-e1650036005987.jpeg\",\"contentUrl\":\"https:\/\/www.bcd.bzh\/becedia\/bretagne-celtique\/wp-content\/uploads\/2022\/04\/roi_arthur_extrait-e1650036005987.jpeg\",\"width\":1000,\"height\":500,\"caption\":\"Enluminures extraites d'un recueil de romans de la Table Ronde, dat\u00e9 entre 1220 et 1230.\"},{\"@type\":\"BreadcrumbList\",\"@id\":\"https:\/\/www.bcd.bzh\/becedia\/bretagne-celtique\/la-construction-dun-recit-les-premiers-recits-du-moyen-age\/#breadcrumb\",\"itemListElement\":[{\"@type\":\"ListItem\",\"position\":1,\"name\":\"Accueil\",\"item\":\"https:\/\/www.bcd.bzh\/becedia\/bretagne-celtique\/\"},{\"@type\":\"ListItem\",\"position\":2,\"name\":\"La construction d\u2019un r\u00e9cit : les premiers r\u00e9cits du Moyen \u00c2ge\"}]},{\"@type\":\"WebSite\",\"@id\":\"https:\/\/www.bcd.bzh\/becedia\/bretagne-celtique\/#website\",\"url\":\"https:\/\/www.bcd.bzh\/becedia\/bretagne-celtique\/\",\"name\":\"La Bretagne, terre celtique ?\",\"description\":\"Bretagne Culture Diversit\u00e9\",\"publisher\":{\"@id\":\"https:\/\/www.bcd.bzh\/becedia\/bretagne-celtique\/#organization\"},\"potentialAction\":[{\"@type\":\"SearchAction\",\"target\":{\"@type\":\"EntryPoint\",\"urlTemplate\":\"https:\/\/www.bcd.bzh\/becedia\/bretagne-celtique\/?s={search_term_string}\"},\"query-input\":{\"@type\":\"PropertyValueSpecification\",\"valueRequired\":true,\"valueName\":\"search_term_string\"}}],\"inLanguage\":\"fr-FR\"},{\"@type\":\"Organization\",\"@id\":\"https:\/\/www.bcd.bzh\/becedia\/bretagne-celtique\/#organization\",\"name\":\"Bretagne Culture Diversit\u00e9\",\"url\":\"https:\/\/www.bcd.bzh\/becedia\/bretagne-celtique\/\",\"logo\":{\"@type\":\"ImageObject\",\"inLanguage\":\"fr-FR\",\"@id\":\"https:\/\/www.bcd.bzh\/becedia\/bretagne-celtique\/#\/schema\/logo\/image\/\",\"url\":\"https:\/\/www.bcd.bzh\/becedia\/bretagne-celtique\/wp-content\/uploads\/2022\/06\/Logo_Bretagne_Culture_Diversite.png\",\"contentUrl\":\"https:\/\/www.bcd.bzh\/becedia\/bretagne-celtique\/wp-content\/uploads\/2022\/06\/Logo_Bretagne_Culture_Diversite.png\",\"width\":400,\"height\":360,\"caption\":\"Bretagne Culture Diversit\u00e9\"},\"image\":{\"@id\":\"https:\/\/www.bcd.bzh\/becedia\/bretagne-celtique\/#\/schema\/logo\/image\/\"},\"sameAs\":[\"https:\/\/www.facebook.com\/bretagne.culturediversite\",\"https:\/\/x.com\/BCDsevenaduriou\"]}]}<\/script>\n<!-- \/ Yoast SEO plugin. -->","yoast_head_json":{"title":"La construction d\u2019un r\u00e9cit : les premiers r\u00e9cits du Moyen \u00c2ge - La Bretagne, terre celtique ?","robots":{"index":"index","follow":"follow","max-snippet":"max-snippet:-1","max-image-preview":"max-image-preview:large","max-video-preview":"max-video-preview:-1"},"canonical":"https:\/\/www.bcd.bzh\/becedia\/bretagne-celtique\/la-construction-dun-recit-les-premiers-recits-du-moyen-age\/","og_locale":"fr_FR","og_type":"article","og_title":"La construction d\u2019un r\u00e9cit : les premiers r\u00e9cits du Moyen \u00c2ge - La Bretagne, terre celtique ?","og_description":"\u00c0 partir du Moyen \u00c2ge, des r\u00e9cits politiques ou imaginaires tendent \u00e0 associer la Bretagne \u00e0 des r\u00e9f\u00e9rences celtiques. Des r\u00e9cits h\u00e9ro\u00efques sont transmis d\u00e8s le IXe si\u00e8cle&nbsp;; puis \u00e0 partir du XIIe si\u00e8cle, les auteurs placent notamment l\u2019essentiel de l\u2019histoire du roi Arthur sur l\u2019\u00eele de Bretagne. La Bretagne continentale, gr\u00e2ce \u00e0 ses liens&hellip; Poursuivre la lecture La construction d\u2019un r\u00e9cit : les premiers r\u00e9cits du Moyen \u00c2ge","og_url":"https:\/\/www.bcd.bzh\/becedia\/bretagne-celtique\/la-construction-dun-recit-les-premiers-recits-du-moyen-age\/","og_site_name":"La Bretagne, terre celtique ?","article_publisher":"https:\/\/www.facebook.com\/bretagne.culturediversite","article_modified_time":"2022-06-10T07:42:56+00:00","og_image":[{"width":1000,"height":500,"url":"https:\/\/www.bcd.bzh\/becedia\/bretagne-celtique\/wp-content\/uploads\/2022\/04\/roi_arthur_extrait-e1650036005987.jpeg","type":"image\/jpeg"}],"twitter_card":"summary_large_image","twitter_site":"@BCDsevenaduriou","twitter_misc":{"Dur\u00e9e de lecture estim\u00e9e":"1 minute"},"schema":{"@context":"https:\/\/schema.org","@graph":[{"@type":"WebPage","@id":"https:\/\/www.bcd.bzh\/becedia\/bretagne-celtique\/la-construction-dun-recit-les-premiers-recits-du-moyen-age\/","url":"https:\/\/www.bcd.bzh\/becedia\/bretagne-celtique\/la-construction-dun-recit-les-premiers-recits-du-moyen-age\/","name":"La construction d\u2019un r\u00e9cit : les premiers r\u00e9cits du Moyen \u00c2ge - La Bretagne, terre celtique ?","isPartOf":{"@id":"https:\/\/www.bcd.bzh\/becedia\/bretagne-celtique\/#website"},"primaryImageOfPage":{"@id":"https:\/\/www.bcd.bzh\/becedia\/bretagne-celtique\/la-construction-dun-recit-les-premiers-recits-du-moyen-age\/#primaryimage"},"image":{"@id":"https:\/\/www.bcd.bzh\/becedia\/bretagne-celtique\/la-construction-dun-recit-les-premiers-recits-du-moyen-age\/#primaryimage"},"thumbnailUrl":"https:\/\/www.bcd.bzh\/becedia\/bretagne-celtique\/wp-content\/uploads\/2022\/04\/roi_arthur_extrait-e1650036005987.jpeg","datePublished":"2022-04-15T09:10:58+00:00","dateModified":"2022-06-10T07:42:56+00:00","breadcrumb":{"@id":"https:\/\/www.bcd.bzh\/becedia\/bretagne-celtique\/la-construction-dun-recit-les-premiers-recits-du-moyen-age\/#breadcrumb"},"inLanguage":"fr-FR","potentialAction":[{"@type":"ReadAction","target":["https:\/\/www.bcd.bzh\/becedia\/bretagne-celtique\/la-construction-dun-recit-les-premiers-recits-du-moyen-age\/"]}]},{"@type":"ImageObject","inLanguage":"fr-FR","@id":"https:\/\/www.bcd.bzh\/becedia\/bretagne-celtique\/la-construction-dun-recit-les-premiers-recits-du-moyen-age\/#primaryimage","url":"https:\/\/www.bcd.bzh\/becedia\/bretagne-celtique\/wp-content\/uploads\/2022\/04\/roi_arthur_extrait-e1650036005987.jpeg","contentUrl":"https:\/\/www.bcd.bzh\/becedia\/bretagne-celtique\/wp-content\/uploads\/2022\/04\/roi_arthur_extrait-e1650036005987.jpeg","width":1000,"height":500,"caption":"Enluminures extraites d'un recueil de romans de la Table Ronde, dat\u00e9 entre 1220 et 1230."},{"@type":"BreadcrumbList","@id":"https:\/\/www.bcd.bzh\/becedia\/bretagne-celtique\/la-construction-dun-recit-les-premiers-recits-du-moyen-age\/#breadcrumb","itemListElement":[{"@type":"ListItem","position":1,"name":"Accueil","item":"https:\/\/www.bcd.bzh\/becedia\/bretagne-celtique\/"},{"@type":"ListItem","position":2,"name":"La construction d\u2019un r\u00e9cit : les premiers r\u00e9cits du Moyen \u00c2ge"}]},{"@type":"WebSite","@id":"https:\/\/www.bcd.bzh\/becedia\/bretagne-celtique\/#website","url":"https:\/\/www.bcd.bzh\/becedia\/bretagne-celtique\/","name":"La Bretagne, terre celtique ?","description":"Bretagne Culture Diversit\u00e9","publisher":{"@id":"https:\/\/www.bcd.bzh\/becedia\/bretagne-celtique\/#organization"},"potentialAction":[{"@type":"SearchAction","target":{"@type":"EntryPoint","urlTemplate":"https:\/\/www.bcd.bzh\/becedia\/bretagne-celtique\/?s={search_term_string}"},"query-input":{"@type":"PropertyValueSpecification","valueRequired":true,"valueName":"search_term_string"}}],"inLanguage":"fr-FR"},{"@type":"Organization","@id":"https:\/\/www.bcd.bzh\/becedia\/bretagne-celtique\/#organization","name":"Bretagne Culture Diversit\u00e9","url":"https:\/\/www.bcd.bzh\/becedia\/bretagne-celtique\/","logo":{"@type":"ImageObject","inLanguage":"fr-FR","@id":"https:\/\/www.bcd.bzh\/becedia\/bretagne-celtique\/#\/schema\/logo\/image\/","url":"https:\/\/www.bcd.bzh\/becedia\/bretagne-celtique\/wp-content\/uploads\/2022\/06\/Logo_Bretagne_Culture_Diversite.png","contentUrl":"https:\/\/www.bcd.bzh\/becedia\/bretagne-celtique\/wp-content\/uploads\/2022\/06\/Logo_Bretagne_Culture_Diversite.png","width":400,"height":360,"caption":"Bretagne Culture Diversit\u00e9"},"image":{"@id":"https:\/\/www.bcd.bzh\/becedia\/bretagne-celtique\/#\/schema\/logo\/image\/"},"sameAs":["https:\/\/www.facebook.com\/bretagne.culturediversite","https:\/\/x.com\/BCDsevenaduriou"]}]}},"_links":{"self":[{"href":"https:\/\/www.bcd.bzh\/becedia\/bretagne-celtique\/wp-json\/wp\/v2\/pages\/341","targetHints":{"allow":["GET"]}}],"collection":[{"href":"https:\/\/www.bcd.bzh\/becedia\/bretagne-celtique\/wp-json\/wp\/v2\/pages"}],"about":[{"href":"https:\/\/www.bcd.bzh\/becedia\/bretagne-celtique\/wp-json\/wp\/v2\/types\/page"}],"author":[{"embeddable":true,"href":"https:\/\/www.bcd.bzh\/becedia\/bretagne-celtique\/wp-json\/wp\/v2\/users\/2"}],"replies":[{"embeddable":true,"href":"https:\/\/www.bcd.bzh\/becedia\/bretagne-celtique\/wp-json\/wp\/v2\/comments?post=341"}],"version-history":[{"count":24,"href":"https:\/\/www.bcd.bzh\/becedia\/bretagne-celtique\/wp-json\/wp\/v2\/pages\/341\/revisions"}],"predecessor-version":[{"id":698,"href":"https:\/\/www.bcd.bzh\/becedia\/bretagne-celtique\/wp-json\/wp\/v2\/pages\/341\/revisions\/698"}],"wp:featuredmedia":[{"embeddable":true,"href":"https:\/\/www.bcd.bzh\/becedia\/bretagne-celtique\/wp-json\/wp\/v2\/media\/474"}],"wp:attachment":[{"href":"https:\/\/www.bcd.bzh\/becedia\/bretagne-celtique\/wp-json\/wp\/v2\/media?parent=341"}],"curies":[{"name":"wp","href":"https:\/\/api.w.org\/{rel}","templated":true}]}}