{"id":38,"date":"2022-04-12T15:28:05","date_gmt":"2022-04-12T13:28:05","guid":{"rendered":"https:\/\/www.bcd.bzh\/becedia\/bretagne-celtique\/?page_id=38"},"modified":"2022-06-10T09:45:15","modified_gmt":"2022-06-10T07:45:15","slug":"la-construction-recit-regionalisme-nationalisme-interceltisme","status":"publish","type":"page","link":"https:\/\/www.bcd.bzh\/becedia\/bretagne-celtique\/la-construction-recit-regionalisme-nationalisme-interceltisme\/","title":{"rendered":"La construction d&rsquo;un r\u00e9cit : r\u00e9gionalisme, nationalisme, interceltisme"},"content":{"rendered":"\n<p>Parall\u00e8lement \u00e0 la cr\u00e9ation des premi\u00e8res formations politiques r\u00e9gionalistes en Bretagne,<strong> l\u2019interceltisme reprend de la vigueur \u00e0 la fin du XIX<sup>e<\/sup> si\u00e8cle<\/strong>.<\/p>\n\n\n\n<p>Dans les ann\u00e9es 1920,<strong> les premi\u00e8res f\u00eates celtiques <\/strong>sont organis\u00e9es en Bretagne. Puis dans<strong> l\u2019entre-deux guerres, des groupes nationalistes<\/strong> <strong>proches des th\u00e8ses nazies<\/strong>, s\u2019approprient ces id\u00e9es&nbsp;: c\u2019est dans la fr\u00e9quentation des suppos\u00e9s fr\u00e8res celtes, qu\u2019ils fondent l\u2019espoir d\u2019une r\u00e9g\u00e9n\u00e9ration de la \u00ab&nbsp;race bretonne&nbsp;\u00bb. Parall\u00e8lement, des groupes artistiques, comme <strong>le mouvement des Seiz Breur<\/strong>, s\u2019emparent de l\u2019imaginaire celtique comme source d\u2019inspiration cr\u00e9atrice.<\/p>\n\n\n\n<h4 class=\"wp-block-heading\"><strong>P<\/strong>our aller plus loin<\/h4>\n\n\n\n<p><strong>\u00c0 lire<\/strong>,<strong> l\u2019article<\/strong> de l\u2019historien Erwan Chartier, qui balaie <strong>la longue histoire de l\u2019interceltisme en Bretagne<\/strong>, en montrant que ce concept s\u2019est incarn\u00e9 dans les domaines intellectuel, artistique ou politique, en s\u2019appuyant sur le souvenir plus ou moins mythifi\u00e9 des civilisations celtiques de l\u2019Antiquit\u00e9 et du haut Moyen \u00c2ge. <strong>C\u2019est le cas de la revue <em>Breiz Atao<\/em><\/strong>, d\u00e9crite par l\u2019historien S\u00e9bastien Carney, qui explique que les animateurs de cette revue, persuad\u00e9s de la d\u00e9g\u00e9n\u00e9rescence des Bretons, se donnent pour mission de les <strong>r\u00e9g\u00e9n\u00e9rer par le panceltisme<\/strong>. Sur le plan artistique, le mouvement des <strong>Seiz Breur<\/strong> est d\u00e9crit <strong>dans un article<\/strong> de Daniel Le Cou\u00ebdic.<br><strong>\u00c0 lire<\/strong> \u00e9galement, <strong>l\u2019histoire du premier festival interceltique<\/strong> qui na\u00eet dans la petite commune finist\u00e9rienne de Riec-sur-Belon en 1927, <strong>pr\u00e9curseur du c\u00e9l\u00e8bre Festival interceltique de Lorient<\/strong>.<\/p>\n\n\n<ul class=\"wp-block-latest-posts__list is-grid columns-3 alignwide wp-block-latest-posts\"><li><div class=\"wp-block-latest-posts__featured-image\"><img loading=\"lazy\" decoding=\"async\" width=\"300\" height=\"180\" src=\"https:\/\/www.bcd.bzh\/becedia\/bretagne-celtique\/wp-content\/uploads\/2022\/04\/dt-seiz-breur-photo_de_groupe_a_douarnenez-e1649932687814-300x180.jpg\" class=\"attachment-medium size-medium wp-post-image\" alt=\"\" style=\"width:100%;height:59.99%;max-width:1452px;\" srcset=\"https:\/\/www.bcd.bzh\/becedia\/bretagne-celtique\/wp-content\/uploads\/2022\/04\/dt-seiz-breur-photo_de_groupe_a_douarnenez-e1649932687814-300x180.jpg 300w, https:\/\/www.bcd.bzh\/becedia\/bretagne-celtique\/wp-content\/uploads\/2022\/04\/dt-seiz-breur-photo_de_groupe_a_douarnenez-e1649932687814-1024x614.jpg 1024w, https:\/\/www.bcd.bzh\/becedia\/bretagne-celtique\/wp-content\/uploads\/2022\/04\/dt-seiz-breur-photo_de_groupe_a_douarnenez-e1649932687814-768x461.jpg 768w, https:\/\/www.bcd.bzh\/becedia\/bretagne-celtique\/wp-content\/uploads\/2022\/04\/dt-seiz-breur-photo_de_groupe_a_douarnenez-e1649932687814.jpg 1452w\" sizes=\"auto, (max-width: 300px) 100vw, 300px\" \/><\/div><a class=\"wp-block-latest-posts__post-title\" href=\"https:\/\/www.bcd.bzh\/becedia\/bretagne-celtique\/2022\/04\/15\/lepopee-des-seiz-breur-mythe-et-realite\/\">L\u2019\u00e9pop\u00e9e des Seiz Breur, mythe et r\u00e9alit\u00e9<\/a><\/li>\n<li><div class=\"wp-block-latest-posts__featured-image\"><img loading=\"lazy\" decoding=\"async\" width=\"300\" height=\"181\" src=\"https:\/\/www.bcd.bzh\/becedia\/bretagne-celtique\/wp-content\/uploads\/2022\/04\/Rene-yves_creston-e1650033695890-300x181.jpg\" class=\"attachment-medium size-medium wp-post-image\" alt=\"\" style=\"width:100%;height:60.25%;max-width:1497px;\" srcset=\"https:\/\/www.bcd.bzh\/becedia\/bretagne-celtique\/wp-content\/uploads\/2022\/04\/Rene-yves_creston-e1650033695890-300x181.jpg 300w, https:\/\/www.bcd.bzh\/becedia\/bretagne-celtique\/wp-content\/uploads\/2022\/04\/Rene-yves_creston-e1650033695890-1024x617.jpg 1024w, https:\/\/www.bcd.bzh\/becedia\/bretagne-celtique\/wp-content\/uploads\/2022\/04\/Rene-yves_creston-e1650033695890-768x463.jpg 768w, https:\/\/www.bcd.bzh\/becedia\/bretagne-celtique\/wp-content\/uploads\/2022\/04\/Rene-yves_creston-e1650033695890.jpg 1497w\" sizes=\"auto, (max-width: 300px) 100vw, 300px\" \/><\/div><a class=\"wp-block-latest-posts__post-title\" href=\"https:\/\/www.bcd.bzh\/becedia\/bretagne-celtique\/2022\/04\/14\/rene-yves-creston-1898-1964\/\">Ren\u00e9-Yves Creston (1898-1964)<\/a><\/li>\n<li><div class=\"wp-block-latest-posts__featured-image\"><img loading=\"lazy\" decoding=\"async\" width=\"300\" height=\"180\" src=\"https:\/\/www.bcd.bzh\/becedia\/bretagne-celtique\/wp-content\/uploads\/2022\/04\/poster_eisteddfod_1920-e1649940188676-300x180.jpg\" class=\"attachment-medium size-medium wp-post-image\" alt=\"\" style=\"width:100%;height:60%;max-width:1000px;\" srcset=\"https:\/\/www.bcd.bzh\/becedia\/bretagne-celtique\/wp-content\/uploads\/2022\/04\/poster_eisteddfod_1920-e1649940188676-300x180.jpg 300w, https:\/\/www.bcd.bzh\/becedia\/bretagne-celtique\/wp-content\/uploads\/2022\/04\/poster_eisteddfod_1920-e1649940188676-768x461.jpg 768w, https:\/\/www.bcd.bzh\/becedia\/bretagne-celtique\/wp-content\/uploads\/2022\/04\/poster_eisteddfod_1920-e1649940188676.jpg 1000w\" sizes=\"auto, (max-width: 300px) 100vw, 300px\" \/><\/div><a class=\"wp-block-latest-posts__post-title\" href=\"https:\/\/www.bcd.bzh\/becedia\/bretagne-celtique\/2022\/04\/13\/linterceltisme-une-histoire-bretonne\/\">L\u2019interceltisme, une histoire bretonne<\/a><\/li>\n<li><div class=\"wp-block-latest-posts__featured-image\"><img loading=\"lazy\" decoding=\"async\" width=\"300\" height=\"180\" src=\"https:\/\/www.bcd.bzh\/becedia\/bretagne-celtique\/wp-content\/uploads\/2022\/04\/premier_interceltique-e1650017557398-300x180.jpg\" class=\"attachment-medium size-medium wp-post-image\" alt=\"\" style=\"width:100%;height:60%;max-width:800px;\" srcset=\"https:\/\/www.bcd.bzh\/becedia\/bretagne-celtique\/wp-content\/uploads\/2022\/04\/premier_interceltique-e1650017557398-300x180.jpg 300w, https:\/\/www.bcd.bzh\/becedia\/bretagne-celtique\/wp-content\/uploads\/2022\/04\/premier_interceltique-e1650017557398-768x461.jpg 768w, https:\/\/www.bcd.bzh\/becedia\/bretagne-celtique\/wp-content\/uploads\/2022\/04\/premier_interceltique-e1650017557398.jpg 800w\" sizes=\"auto, (max-width: 300px) 100vw, 300px\" \/><\/div><a class=\"wp-block-latest-posts__post-title\" href=\"https:\/\/www.bcd.bzh\/becedia\/bretagne-celtique\/2022\/04\/12\/un-premier-festival-interceltique-en-1927\/\">Un premier festival interceltique\u2026 en 1927<\/a><\/li>\n<li><div class=\"wp-block-latest-posts__featured-image\"><img loading=\"lazy\" decoding=\"async\" width=\"300\" height=\"180\" src=\"https:\/\/www.bcd.bzh\/becedia\/bretagne-celtique\/wp-content\/uploads\/2022\/04\/breiz_atao-e1650018910863-300x180.jpg\" class=\"attachment-medium size-medium wp-post-image\" alt=\"\" style=\"width:100%;height:60%;max-width:1095px;\" srcset=\"https:\/\/www.bcd.bzh\/becedia\/bretagne-celtique\/wp-content\/uploads\/2022\/04\/breiz_atao-e1650018910863-300x180.jpg 300w, https:\/\/www.bcd.bzh\/becedia\/bretagne-celtique\/wp-content\/uploads\/2022\/04\/breiz_atao-e1650018910863-1024x614.jpg 1024w, https:\/\/www.bcd.bzh\/becedia\/bretagne-celtique\/wp-content\/uploads\/2022\/04\/breiz_atao-e1650018910863-768x461.jpg 768w, https:\/\/www.bcd.bzh\/becedia\/bretagne-celtique\/wp-content\/uploads\/2022\/04\/breiz_atao-e1650018910863.jpg 1095w\" sizes=\"auto, (max-width: 300px) 100vw, 300px\" \/><\/div><a class=\"wp-block-latest-posts__post-title\" href=\"https:\/\/www.bcd.bzh\/becedia\/bretagne-celtique\/2022\/04\/11\/breiz-atao\/\">Breiz Atao<\/a><\/li>\n<li><div class=\"wp-block-latest-posts__featured-image\"><img loading=\"lazy\" decoding=\"async\" width=\"300\" height=\"180\" src=\"https:\/\/www.bcd.bzh\/becedia\/bretagne-celtique\/wp-content\/uploads\/2022\/04\/le-neo-druidisme-e1649931862897-300x180.jpg\" class=\"attachment-medium size-medium wp-post-image\" alt=\"\" style=\"width:100%;height:59.94%;max-width:1016px;\" srcset=\"https:\/\/www.bcd.bzh\/becedia\/bretagne-celtique\/wp-content\/uploads\/2022\/04\/le-neo-druidisme-e1649931862897-300x180.jpg 300w, https:\/\/www.bcd.bzh\/becedia\/bretagne-celtique\/wp-content\/uploads\/2022\/04\/le-neo-druidisme-e1649931862897-768x460.jpg 768w, https:\/\/www.bcd.bzh\/becedia\/bretagne-celtique\/wp-content\/uploads\/2022\/04\/le-neo-druidisme-e1649931862897.jpg 1016w\" sizes=\"auto, (max-width: 300px) 100vw, 300px\" \/><\/div><a class=\"wp-block-latest-posts__post-title\" href=\"https:\/\/www.bcd.bzh\/becedia\/bretagne-celtique\/2022\/04\/10\/le-neo-druidisme-en-bretagne\/\">Le n\u00e9o-druidisme en Bretagne<\/a><\/li>\n<\/ul>\n\n\n        <div class=\"alignwide nextprev\">\n\n    \n\n\n    \n\n                \n            <a class=\"bcd-lien nextprev__link nextprev__link--prev \" href=\"https:\/\/www.bcd.bzh\/becedia\/bretagne-celtique\/la-construction-recit-lengouement-celtomane\/\">\n            <span class=\"arrow\">\n                <svg class=\"icon\" viewBox=\"0 0 20 14\" fill=\"none\" ><path d=\"M7 14L8.41 12.59L3.83 8L20 8L20 6L3.83 6L8.42 1.41L7 -1.1365e-06L6.11959e-07 7L7 14Z\" fill=\"white\"\/><\/svg>    \n            <\/span>\n            <span class=\"link-title\">La construction d\u2019un r\u00e9cit : L\u2019engouement celtomane<\/span>\n            \n        <\/a>\n        \n        \n                \n            <a class=\"bcd-lien nextprev__link nextprev__link--next\" href=\"https:\/\/www.bcd.bzh\/becedia\/bretagne-celtique\/celtattitude\/\">Celt\u2019attitude<span class=\"arrow\"> \n                            <svg class=\"icon\" viewBox=\"0 0 20 14\" fill=\"none\"><path d=\"M13 0L11.59 1.41L16.17 6H0V8H16.17L11.58 12.59L13 14L20 7L13 0Z\" fill=\"white\"><\/path><\/svg>\n                        <\/span><\/a>\n        \n            <\/div>\n\n    \n\n\n<p><\/p>\n","protected":false},"excerpt":{"rendered":"<p>Parall\u00e8lement \u00e0 la cr\u00e9ation des premi\u00e8res formations politiques r\u00e9gionalistes en Bretagne, l\u2019interceltisme reprend de la vigueur \u00e0 la fin du XIXe si\u00e8cle. Dans les ann\u00e9es 1920, les premi\u00e8res f\u00eates celtiques sont organis\u00e9es en Bretagne. Puis dans l\u2019entre-deux guerres, des groupes nationalistes proches des th\u00e8ses nazies, s\u2019approprient ces id\u00e9es&nbsp;: c\u2019est dans la fr\u00e9quentation des suppos\u00e9s fr\u00e8res&hellip; <a class=\"more-link\" href=\"https:\/\/www.bcd.bzh\/becedia\/bretagne-celtique\/la-construction-recit-regionalisme-nationalisme-interceltisme\/\">Poursuivre la lecture <span class=\"screen-reader-text\">La construction d&rsquo;un r\u00e9cit : r\u00e9gionalisme, nationalisme, interceltisme<\/span><\/a><\/p>\n","protected":false},"author":1,"featured_media":221,"parent":0,"menu_order":0,"comment_status":"closed","ping_status":"closed","template":"tpl_page-contenu.php","meta":{"_acf_changed":false,"footnotes":""},"class_list":["post-38","page","type-page","status-publish","has-post-thumbnail","hentry","entry"],"acf":[],"yoast_head":"<!-- This site is optimized with the Yoast SEO plugin v24.2 - https:\/\/yoast.com\/wordpress\/plugins\/seo\/ -->\n<title>La construction d&#039;un r\u00e9cit : r\u00e9gionalisme, nationalisme, interceltisme - La Bretagne, terre celtique ?<\/title>\n<meta name=\"robots\" content=\"index, follow, max-snippet:-1, max-image-preview:large, max-video-preview:-1\" \/>\n<link rel=\"canonical\" href=\"https:\/\/www.bcd.bzh\/becedia\/bretagne-celtique\/la-construction-recit-regionalisme-nationalisme-interceltisme\/\" \/>\n<meta property=\"og:locale\" content=\"fr_FR\" \/>\n<meta property=\"og:type\" content=\"article\" \/>\n<meta property=\"og:title\" content=\"La construction d&#039;un r\u00e9cit : r\u00e9gionalisme, nationalisme, interceltisme - La Bretagne, terre celtique ?\" \/>\n<meta property=\"og:description\" content=\"Parall\u00e8lement \u00e0 la cr\u00e9ation des premi\u00e8res formations politiques r\u00e9gionalistes en Bretagne, l\u2019interceltisme reprend de la vigueur \u00e0 la fin du XIXe si\u00e8cle. Dans les ann\u00e9es 1920, les premi\u00e8res f\u00eates celtiques sont organis\u00e9es en Bretagne. Puis dans l\u2019entre-deux guerres, des groupes nationalistes proches des th\u00e8ses nazies, s\u2019approprient ces id\u00e9es&nbsp;: c\u2019est dans la fr\u00e9quentation des suppos\u00e9s fr\u00e8res&hellip; Poursuivre la lecture La construction d&rsquo;un r\u00e9cit : r\u00e9gionalisme, nationalisme, interceltisme\" \/>\n<meta property=\"og:url\" content=\"https:\/\/www.bcd.bzh\/becedia\/bretagne-celtique\/la-construction-recit-regionalisme-nationalisme-interceltisme\/\" \/>\n<meta property=\"og:site_name\" content=\"La Bretagne, terre celtique ?\" \/>\n<meta property=\"article:publisher\" content=\"https:\/\/www.facebook.com\/bretagne.culturediversite\" \/>\n<meta property=\"article:modified_time\" content=\"2022-06-10T07:45:15+00:00\" \/>\n<meta property=\"og:image\" content=\"https:\/\/www.bcd.bzh\/becedia\/bretagne-celtique\/wp-content\/uploads\/2022\/04\/le-neo-druidisme-e1649931862897.jpg\" \/>\n\t<meta property=\"og:image:width\" content=\"1016\" \/>\n\t<meta property=\"og:image:height\" content=\"609\" \/>\n\t<meta property=\"og:image:type\" content=\"image\/jpeg\" \/>\n<meta name=\"twitter:card\" content=\"summary_large_image\" \/>\n<meta name=\"twitter:site\" content=\"@BCDsevenaduriou\" \/>\n<meta name=\"twitter:label1\" content=\"Dur\u00e9e de lecture estim\u00e9e\" \/>\n\t<meta name=\"twitter:data1\" content=\"1 minute\" \/>\n<script type=\"application\/ld+json\" class=\"yoast-schema-graph\">{\"@context\":\"https:\/\/schema.org\",\"@graph\":[{\"@type\":\"WebPage\",\"@id\":\"https:\/\/www.bcd.bzh\/becedia\/bretagne-celtique\/la-construction-recit-regionalisme-nationalisme-interceltisme\/\",\"url\":\"https:\/\/www.bcd.bzh\/becedia\/bretagne-celtique\/la-construction-recit-regionalisme-nationalisme-interceltisme\/\",\"name\":\"La construction d'un r\u00e9cit : r\u00e9gionalisme, nationalisme, interceltisme - La Bretagne, terre celtique ?\",\"isPartOf\":{\"@id\":\"https:\/\/www.bcd.bzh\/becedia\/bretagne-celtique\/#website\"},\"primaryImageOfPage\":{\"@id\":\"https:\/\/www.bcd.bzh\/becedia\/bretagne-celtique\/la-construction-recit-regionalisme-nationalisme-interceltisme\/#primaryimage\"},\"image\":{\"@id\":\"https:\/\/www.bcd.bzh\/becedia\/bretagne-celtique\/la-construction-recit-regionalisme-nationalisme-interceltisme\/#primaryimage\"},\"thumbnailUrl\":\"https:\/\/www.bcd.bzh\/becedia\/bretagne-celtique\/wp-content\/uploads\/2022\/04\/le-neo-druidisme-e1649931862897.jpg\",\"datePublished\":\"2022-04-12T13:28:05+00:00\",\"dateModified\":\"2022-06-10T07:45:15+00:00\",\"breadcrumb\":{\"@id\":\"https:\/\/www.bcd.bzh\/becedia\/bretagne-celtique\/la-construction-recit-regionalisme-nationalisme-interceltisme\/#breadcrumb\"},\"inLanguage\":\"fr-FR\",\"potentialAction\":[{\"@type\":\"ReadAction\",\"target\":[\"https:\/\/www.bcd.bzh\/becedia\/bretagne-celtique\/la-construction-recit-regionalisme-nationalisme-interceltisme\/\"]}]},{\"@type\":\"ImageObject\",\"inLanguage\":\"fr-FR\",\"@id\":\"https:\/\/www.bcd.bzh\/becedia\/bretagne-celtique\/la-construction-recit-regionalisme-nationalisme-interceltisme\/#primaryimage\",\"url\":\"https:\/\/www.bcd.bzh\/becedia\/bretagne-celtique\/wp-content\/uploads\/2022\/04\/le-neo-druidisme-e1649931862897.jpg\",\"contentUrl\":\"https:\/\/www.bcd.bzh\/becedia\/bretagne-celtique\/wp-content\/uploads\/2022\/04\/le-neo-druidisme-e1649931862897.jpg\",\"width\":1016,\"height\":609,\"caption\":\"Une c\u00e9r\u00e9monie bardique, illustration du Petit Journal, 29 juillet 1906. Quimper, Mus\u00e9e d\u00e9partemental breton.\"},{\"@type\":\"BreadcrumbList\",\"@id\":\"https:\/\/www.bcd.bzh\/becedia\/bretagne-celtique\/la-construction-recit-regionalisme-nationalisme-interceltisme\/#breadcrumb\",\"itemListElement\":[{\"@type\":\"ListItem\",\"position\":1,\"name\":\"Accueil\",\"item\":\"https:\/\/www.bcd.bzh\/becedia\/bretagne-celtique\/\"},{\"@type\":\"ListItem\",\"position\":2,\"name\":\"La construction d&rsquo;un r\u00e9cit : r\u00e9gionalisme, nationalisme, interceltisme\"}]},{\"@type\":\"WebSite\",\"@id\":\"https:\/\/www.bcd.bzh\/becedia\/bretagne-celtique\/#website\",\"url\":\"https:\/\/www.bcd.bzh\/becedia\/bretagne-celtique\/\",\"name\":\"La Bretagne, terre celtique ?\",\"description\":\"Bretagne Culture Diversit\u00e9\",\"publisher\":{\"@id\":\"https:\/\/www.bcd.bzh\/becedia\/bretagne-celtique\/#organization\"},\"potentialAction\":[{\"@type\":\"SearchAction\",\"target\":{\"@type\":\"EntryPoint\",\"urlTemplate\":\"https:\/\/www.bcd.bzh\/becedia\/bretagne-celtique\/?s={search_term_string}\"},\"query-input\":{\"@type\":\"PropertyValueSpecification\",\"valueRequired\":true,\"valueName\":\"search_term_string\"}}],\"inLanguage\":\"fr-FR\"},{\"@type\":\"Organization\",\"@id\":\"https:\/\/www.bcd.bzh\/becedia\/bretagne-celtique\/#organization\",\"name\":\"Bretagne Culture Diversit\u00e9\",\"url\":\"https:\/\/www.bcd.bzh\/becedia\/bretagne-celtique\/\",\"logo\":{\"@type\":\"ImageObject\",\"inLanguage\":\"fr-FR\",\"@id\":\"https:\/\/www.bcd.bzh\/becedia\/bretagne-celtique\/#\/schema\/logo\/image\/\",\"url\":\"https:\/\/www.bcd.bzh\/becedia\/bretagne-celtique\/wp-content\/uploads\/2022\/06\/Logo_Bretagne_Culture_Diversite.png\",\"contentUrl\":\"https:\/\/www.bcd.bzh\/becedia\/bretagne-celtique\/wp-content\/uploads\/2022\/06\/Logo_Bretagne_Culture_Diversite.png\",\"width\":400,\"height\":360,\"caption\":\"Bretagne Culture Diversit\u00e9\"},\"image\":{\"@id\":\"https:\/\/www.bcd.bzh\/becedia\/bretagne-celtique\/#\/schema\/logo\/image\/\"},\"sameAs\":[\"https:\/\/www.facebook.com\/bretagne.culturediversite\",\"https:\/\/x.com\/BCDsevenaduriou\"]}]}<\/script>\n<!-- \/ Yoast SEO plugin. -->","yoast_head_json":{"title":"La construction d'un r\u00e9cit : r\u00e9gionalisme, nationalisme, interceltisme - La Bretagne, terre celtique ?","robots":{"index":"index","follow":"follow","max-snippet":"max-snippet:-1","max-image-preview":"max-image-preview:large","max-video-preview":"max-video-preview:-1"},"canonical":"https:\/\/www.bcd.bzh\/becedia\/bretagne-celtique\/la-construction-recit-regionalisme-nationalisme-interceltisme\/","og_locale":"fr_FR","og_type":"article","og_title":"La construction d'un r\u00e9cit : r\u00e9gionalisme, nationalisme, interceltisme - La Bretagne, terre celtique ?","og_description":"Parall\u00e8lement \u00e0 la cr\u00e9ation des premi\u00e8res formations politiques r\u00e9gionalistes en Bretagne, l\u2019interceltisme reprend de la vigueur \u00e0 la fin du XIXe si\u00e8cle. Dans les ann\u00e9es 1920, les premi\u00e8res f\u00eates celtiques sont organis\u00e9es en Bretagne. Puis dans l\u2019entre-deux guerres, des groupes nationalistes proches des th\u00e8ses nazies, s\u2019approprient ces id\u00e9es&nbsp;: c\u2019est dans la fr\u00e9quentation des suppos\u00e9s fr\u00e8res&hellip; Poursuivre la lecture La construction d&rsquo;un r\u00e9cit : r\u00e9gionalisme, nationalisme, interceltisme","og_url":"https:\/\/www.bcd.bzh\/becedia\/bretagne-celtique\/la-construction-recit-regionalisme-nationalisme-interceltisme\/","og_site_name":"La Bretagne, terre celtique ?","article_publisher":"https:\/\/www.facebook.com\/bretagne.culturediversite","article_modified_time":"2022-06-10T07:45:15+00:00","og_image":[{"width":1016,"height":609,"url":"https:\/\/www.bcd.bzh\/becedia\/bretagne-celtique\/wp-content\/uploads\/2022\/04\/le-neo-druidisme-e1649931862897.jpg","type":"image\/jpeg"}],"twitter_card":"summary_large_image","twitter_site":"@BCDsevenaduriou","twitter_misc":{"Dur\u00e9e de lecture estim\u00e9e":"1 minute"},"schema":{"@context":"https:\/\/schema.org","@graph":[{"@type":"WebPage","@id":"https:\/\/www.bcd.bzh\/becedia\/bretagne-celtique\/la-construction-recit-regionalisme-nationalisme-interceltisme\/","url":"https:\/\/www.bcd.bzh\/becedia\/bretagne-celtique\/la-construction-recit-regionalisme-nationalisme-interceltisme\/","name":"La construction d'un r\u00e9cit : r\u00e9gionalisme, nationalisme, interceltisme - La Bretagne, terre celtique ?","isPartOf":{"@id":"https:\/\/www.bcd.bzh\/becedia\/bretagne-celtique\/#website"},"primaryImageOfPage":{"@id":"https:\/\/www.bcd.bzh\/becedia\/bretagne-celtique\/la-construction-recit-regionalisme-nationalisme-interceltisme\/#primaryimage"},"image":{"@id":"https:\/\/www.bcd.bzh\/becedia\/bretagne-celtique\/la-construction-recit-regionalisme-nationalisme-interceltisme\/#primaryimage"},"thumbnailUrl":"https:\/\/www.bcd.bzh\/becedia\/bretagne-celtique\/wp-content\/uploads\/2022\/04\/le-neo-druidisme-e1649931862897.jpg","datePublished":"2022-04-12T13:28:05+00:00","dateModified":"2022-06-10T07:45:15+00:00","breadcrumb":{"@id":"https:\/\/www.bcd.bzh\/becedia\/bretagne-celtique\/la-construction-recit-regionalisme-nationalisme-interceltisme\/#breadcrumb"},"inLanguage":"fr-FR","potentialAction":[{"@type":"ReadAction","target":["https:\/\/www.bcd.bzh\/becedia\/bretagne-celtique\/la-construction-recit-regionalisme-nationalisme-interceltisme\/"]}]},{"@type":"ImageObject","inLanguage":"fr-FR","@id":"https:\/\/www.bcd.bzh\/becedia\/bretagne-celtique\/la-construction-recit-regionalisme-nationalisme-interceltisme\/#primaryimage","url":"https:\/\/www.bcd.bzh\/becedia\/bretagne-celtique\/wp-content\/uploads\/2022\/04\/le-neo-druidisme-e1649931862897.jpg","contentUrl":"https:\/\/www.bcd.bzh\/becedia\/bretagne-celtique\/wp-content\/uploads\/2022\/04\/le-neo-druidisme-e1649931862897.jpg","width":1016,"height":609,"caption":"Une c\u00e9r\u00e9monie bardique, illustration du Petit Journal, 29 juillet 1906. Quimper, Mus\u00e9e d\u00e9partemental breton."},{"@type":"BreadcrumbList","@id":"https:\/\/www.bcd.bzh\/becedia\/bretagne-celtique\/la-construction-recit-regionalisme-nationalisme-interceltisme\/#breadcrumb","itemListElement":[{"@type":"ListItem","position":1,"name":"Accueil","item":"https:\/\/www.bcd.bzh\/becedia\/bretagne-celtique\/"},{"@type":"ListItem","position":2,"name":"La construction d&rsquo;un r\u00e9cit : r\u00e9gionalisme, nationalisme, interceltisme"}]},{"@type":"WebSite","@id":"https:\/\/www.bcd.bzh\/becedia\/bretagne-celtique\/#website","url":"https:\/\/www.bcd.bzh\/becedia\/bretagne-celtique\/","name":"La Bretagne, terre celtique ?","description":"Bretagne Culture Diversit\u00e9","publisher":{"@id":"https:\/\/www.bcd.bzh\/becedia\/bretagne-celtique\/#organization"},"potentialAction":[{"@type":"SearchAction","target":{"@type":"EntryPoint","urlTemplate":"https:\/\/www.bcd.bzh\/becedia\/bretagne-celtique\/?s={search_term_string}"},"query-input":{"@type":"PropertyValueSpecification","valueRequired":true,"valueName":"search_term_string"}}],"inLanguage":"fr-FR"},{"@type":"Organization","@id":"https:\/\/www.bcd.bzh\/becedia\/bretagne-celtique\/#organization","name":"Bretagne Culture Diversit\u00e9","url":"https:\/\/www.bcd.bzh\/becedia\/bretagne-celtique\/","logo":{"@type":"ImageObject","inLanguage":"fr-FR","@id":"https:\/\/www.bcd.bzh\/becedia\/bretagne-celtique\/#\/schema\/logo\/image\/","url":"https:\/\/www.bcd.bzh\/becedia\/bretagne-celtique\/wp-content\/uploads\/2022\/06\/Logo_Bretagne_Culture_Diversite.png","contentUrl":"https:\/\/www.bcd.bzh\/becedia\/bretagne-celtique\/wp-content\/uploads\/2022\/06\/Logo_Bretagne_Culture_Diversite.png","width":400,"height":360,"caption":"Bretagne Culture Diversit\u00e9"},"image":{"@id":"https:\/\/www.bcd.bzh\/becedia\/bretagne-celtique\/#\/schema\/logo\/image\/"},"sameAs":["https:\/\/www.facebook.com\/bretagne.culturediversite","https:\/\/x.com\/BCDsevenaduriou"]}]}},"_links":{"self":[{"href":"https:\/\/www.bcd.bzh\/becedia\/bretagne-celtique\/wp-json\/wp\/v2\/pages\/38","targetHints":{"allow":["GET"]}}],"collection":[{"href":"https:\/\/www.bcd.bzh\/becedia\/bretagne-celtique\/wp-json\/wp\/v2\/pages"}],"about":[{"href":"https:\/\/www.bcd.bzh\/becedia\/bretagne-celtique\/wp-json\/wp\/v2\/types\/page"}],"author":[{"embeddable":true,"href":"https:\/\/www.bcd.bzh\/becedia\/bretagne-celtique\/wp-json\/wp\/v2\/users\/1"}],"replies":[{"embeddable":true,"href":"https:\/\/www.bcd.bzh\/becedia\/bretagne-celtique\/wp-json\/wp\/v2\/comments?post=38"}],"version-history":[{"count":17,"href":"https:\/\/www.bcd.bzh\/becedia\/bretagne-celtique\/wp-json\/wp\/v2\/pages\/38\/revisions"}],"predecessor-version":[{"id":701,"href":"https:\/\/www.bcd.bzh\/becedia\/bretagne-celtique\/wp-json\/wp\/v2\/pages\/38\/revisions\/701"}],"wp:featuredmedia":[{"embeddable":true,"href":"https:\/\/www.bcd.bzh\/becedia\/bretagne-celtique\/wp-json\/wp\/v2\/media\/221"}],"wp:attachment":[{"href":"https:\/\/www.bcd.bzh\/becedia\/bretagne-celtique\/wp-json\/wp\/v2\/media?parent=38"}],"curies":[{"name":"wp","href":"https:\/\/api.w.org\/{rel}","templated":true}]}}